{"id":74547,"date":"2026-04-29T20:12:24","date_gmt":"2026-04-29T23:12:24","guid":{"rendered":"https:\/\/www.hediyepazar.com\/?product=dfn-polar-fonsiyonel-termal-bere-kar-maskesi-siyah"},"modified":"2026-04-29T20:12:24","modified_gmt":"2026-04-29T23:12:24","slug":"dfn-polar-fonsiyonel-termal-bere-kar-maskesi-siyah","status":"publish","type":"product","link":"https:\/\/www.hediyepazar.com\/?product=dfn-polar-fonsiyonel-termal-bere-kar-maskesi-siyah","title":{"rendered":"Dfn Polar Fonsiyonel Termal Bere Kar Maskesi Siyah"},"content":{"rendered":"<p>Dfn Polar Fonksiyonel Termal Kar Maskesi Siyah<\/p>\n<p>&Ccedil;ift y&ouml;nl&uuml; &ouml;rme kuma\u015f sayesinde so\u011fu\u011fa kar\u015f\u0131 etkili koruma sa\u011flar.<\/p>\n<p>&Ouml;zel termal kuma\u015f sayesinde s\u0131cak, so\u011fuk ve&nbsp;<br \/>\nhava sirk&uuml;lasyonunu ba\u015far\u0131l\u0131 bir \u015fekilde sa\u011flayarak&nbsp;<br \/>\nnefes alma &ndash; verme &ouml;zelli\u011fine sahiptir.<\/p>\n<p>Kullan\u0131m\u0131 kolay ve dayan\u0131kl\u0131d\u0131r.<br \/>\nTeninize uyum sa\u011flar.<\/p>\n<p>% 65 Polyester % 35 Viskon<\/p>\n","protected":false},"excerpt":{"rendered":"<p>Dfn Polar Fonsiyonel Termal Bere Kar Maskesi Siyah<\/p>\n","protected":false},"featured_media":72887,"comment_status":"open","ping_status":"closed","template":"","meta":{"_kad_post_transparent":"","_kad_post_title":"","_kad_post_layout":"","_kad_post_sidebar_id":"","_kad_post_content_style":"","_kad_post_vertical_padding":"","_kad_post_feature":"","_kad_post_feature_position":"","_kad_post_header":false,"_kad_post_footer":false,"_kad_post_classname":""},"product_brand":[],"product_cat":[545,541,556],"product_tag":[],"class_list":{"0":"post-74547","1":"product","2":"type-product","3":"status-publish","4":"has-post-thumbnail","6":"product_cat-aksesuar","7":"product_cat-erkek","8":"product_cat-sapka-bere-eldiven","10":"first","11":"instock","12":"shipping-taxable","13":"purchasable","14":"product-type-simple","15":"entry","16":"content-bg","17":"loop-entry"},"_links":{"self":[{"href":"https:\/\/www.hediyepazar.com\/index.php?rest_route=\/wp\/v2\/product\/74547","targetHints":{"allow":["GET"]}}],"collection":[{"href":"https:\/\/www.hediyepazar.com\/index.php?rest_route=\/wp\/v2\/product"}],"about":[{"href":"https:\/\/www.hediyepazar.com\/index.php?rest_route=\/wp\/v2\/types\/product"}],"replies":[{"embeddable":true,"href":"https:\/\/www.hediyepazar.com\/index.php?rest_route=%2Fwp%2Fv2%2Fcomments&post=74547"}],"wp:featuredmedia":[{"embeddable":true,"href":"https:\/\/www.hediyepazar.com\/index.php?rest_route=\/wp\/v2\/media\/72887"}],"wp:attachment":[{"href":"https:\/\/www.hediyepazar.com\/index.php?rest_route=%2Fwp%2Fv2%2Fmedia&parent=74547"}],"wp:term":[{"taxonomy":"product_brand","embeddable":true,"href":"https:\/\/www.hediyepazar.com\/index.php?rest_route=%2Fwp%2Fv2%2Fproduct_brand&post=74547"},{"taxonomy":"product_cat","embeddable":true,"href":"https:\/\/www.hediyepazar.com\/index.php?rest_route=%2Fwp%2Fv2%2Fproduct_cat&post=74547"},{"taxonomy":"product_tag","embeddable":true,"href":"https:\/\/www.hediyepazar.com\/index.php?rest_route=%2Fwp%2Fv2%2Fproduct_tag&post=74547"}],"curies":[{"name":"wp","href":"https:\/\/api.w.org\/{rel}","templated":true}]}}