{"id":74570,"date":"2026-04-29T20:13:17","date_gmt":"2026-04-29T23:13:17","guid":{"rendered":"https:\/\/www.hediyepazar.com\/?product=polar-termal-kar-maskesi-ve-ipli-boyunluk-bere-siyah-set"},"modified":"2026-04-29T20:13:17","modified_gmt":"2026-04-29T23:13:17","slug":"polar-termal-kar-maskesi-ve-ipli-boyunluk-bere-siyah-set","status":"publish","type":"product","link":"https:\/\/www.hediyepazar.com\/?product=polar-termal-kar-maskesi-ve-ipli-boyunluk-bere-siyah-set","title":{"rendered":"Polar Termal Kar Maskesi ve \u0130pli Boyunluk Bere Siyah Set"},"content":{"rendered":"<p>Polar Termal Kar Maskesi ve \u0130pli Boyunluk Bere Siyah Set<br \/>\n&nbsp;<\/p>\n<table style=\"border-collapse:collapse; width:59pt; border:none\" width=\"78\">\n<colgroup>\n<col style=\"width:59pt\" width=\"78\">\n\t<\/colgroup>\n<tbody>\n<tr height=\"20\" style=\"height:15.0pt\">\n<td height=\"20\" style=\"border:none; height:15.0pt; width:59pt; padding-top:1px; padding-right:1px; padding-left:1px; vertical-align:bottom; white-space:nowrap\" width=\"78\"><span style=\"font-size:11pt\"><span style=\"color:black\"><span style=\"font-weight:400\"><span style=\"font-style:normal\"><span style=\"text-decoration:none\"><span style=\"font-family:Calibri,sans-serif\">Polar Fonksiyonel Termal Kar Maskesi Siyah<br \/>\n\t\t\t\u00c7ift y\u00f6nl\u00fc \u00f6rme kuma\u015f sayesinde so\u011fu\u011fa kar\u015f\u0131 etkili koruma sa\u011flar.<br \/>\n\t\t\t\u00d6zel termal kuma\u015f sayesinde s\u0131cak, so\u011fuk ve<br \/>\n\t\t\thava sirk\u00fclasyonunu ba\u015far\u0131l\u0131 bir \u015fekilde sa\u011flayarak<br \/>\n\t\t\tnefes alma \u2013 verme \u00f6zelli\u011fine sahiptir.<br \/>\n\t\t\tKullan\u0131m\u0131 kolay ve dayan\u0131kl\u0131d\u0131r.<br \/>\n\t\t\tTeninize uyum sa\u011flar.<br \/>\n\t\t\t% 65 Polyester % 35 Viskon<\/p>\n<p>\t\t\tPolar Unisex \u0130pli Bere ve Boyunluk Siyah<br \/>\n\t\t\tPolar kuma\u015ftan imal edilmi\u015ftir.<br \/>\n\t\t\t\u0130stendi\u011finde hem bere hem de boyunluk olarak kullan\u0131lmaktad\u0131r.<br \/>\n\t\t\tTermal polar kuma\u015f sayesinde s\u0131cak tutar.<br \/>\n\t\t\tBa\u015f\u0131 ka\u015f\u0131nd\u0131rmaz ve s\u0131cak tutar.<br \/>\n\t\t\t\u00dcr\u00fcn standart \u00f6l\u00e7\u00fclerdedir.<br \/>\n\t\t\tUnisex Kullan\u0131m \u0130\u00e7in Uygundur.<\/p>\n<p>\t\t\tPaket i\u00e7eri\u011fi;<br \/>\n\t\t\t1 Adet Polar Fonksiyonel Termal Kar Maskesi Siyah<br \/>\n\t\t\t1 Adet Polar Unisex \u0130pli Bere ve Boyunluk Siyah<br \/>\n\t\t\tToplam 2 adet bere g\u00f6nderilecektir<\/span><\/span><\/span><\/span><\/span><\/span><\/td>\n<\/tr>\n<\/tbody>\n<\/table>\n","protected":false},"excerpt":{"rendered":"<p>Polar Termal Kar Maskesi ve \u0130pli Boyunluk Bere Siyah Set<\/p>\n","protected":false},"featured_media":72933,"comment_status":"open","ping_status":"closed","template":"","meta":{"_kad_post_transparent":"","_kad_post_title":"","_kad_post_layout":"","_kad_post_sidebar_id":"","_kad_post_content_style":"","_kad_post_vertical_padding":"","_kad_post_feature":"","_kad_post_feature_position":"","_kad_post_header":false,"_kad_post_footer":false,"_kad_post_classname":""},"product_brand":[],"product_cat":[545,541,556],"product_tag":[],"class_list":{"0":"post-74570","1":"product","2":"type-product","3":"status-publish","4":"has-post-thumbnail","6":"product_cat-aksesuar","7":"product_cat-erkek","8":"product_cat-sapka-bere-eldiven","10":"first","11":"instock","12":"shipping-taxable","13":"purchasable","14":"product-type-simple","15":"entry","16":"content-bg","17":"loop-entry"},"_links":{"self":[{"href":"https:\/\/www.hediyepazar.com\/index.php?rest_route=\/wp\/v2\/product\/74570","targetHints":{"allow":["GET"]}}],"collection":[{"href":"https:\/\/www.hediyepazar.com\/index.php?rest_route=\/wp\/v2\/product"}],"about":[{"href":"https:\/\/www.hediyepazar.com\/index.php?rest_route=\/wp\/v2\/types\/product"}],"replies":[{"embeddable":true,"href":"https:\/\/www.hediyepazar.com\/index.php?rest_route=%2Fwp%2Fv2%2Fcomments&post=74570"}],"wp:featuredmedia":[{"embeddable":true,"href":"https:\/\/www.hediyepazar.com\/index.php?rest_route=\/wp\/v2\/media\/72933"}],"wp:attachment":[{"href":"https:\/\/www.hediyepazar.com\/index.php?rest_route=%2Fwp%2Fv2%2Fmedia&parent=74570"}],"wp:term":[{"taxonomy":"product_brand","embeddable":true,"href":"https:\/\/www.hediyepazar.com\/index.php?rest_route=%2Fwp%2Fv2%2Fproduct_brand&post=74570"},{"taxonomy":"product_cat","embeddable":true,"href":"https:\/\/www.hediyepazar.com\/index.php?rest_route=%2Fwp%2Fv2%2Fproduct_cat&post=74570"},{"taxonomy":"product_tag","embeddable":true,"href":"https:\/\/www.hediyepazar.com\/index.php?rest_route=%2Fwp%2Fv2%2Fproduct_tag&post=74570"}],"curies":[{"name":"wp","href":"https:\/\/api.w.org\/{rel}","templated":true}]}}