{"id":74609,"date":"2026-04-29T20:16:12","date_gmt":"2026-04-29T23:16:12","guid":{"rendered":"https:\/\/www.hediyepazar.com\/?product=5-adet-yumurcak-kadife-el-orgu-ipi-krem-k335"},"modified":"2026-04-29T20:16:12","modified_gmt":"2026-04-29T23:16:12","slug":"5-adet-yumurcak-kadife-el-orgu-ipi-krem-k335","status":"publish","type":"product","link":"https:\/\/www.hediyepazar.com\/?product=5-adet-yumurcak-kadife-el-orgu-ipi-krem-k335","title":{"rendered":"5 Adet Yumurcak Kadife El \u00d6rg\u00fc \u0130pi Krem K335"},"content":{"rendered":"<table style=\"border-collapse:collapse; width:113pt; border:none\" width=\"150\">\n<colgroup>\n<col style=\"width:113pt\" width=\"150\">\n\t<\/colgroup>\n<tbody>\n<tr height=\"20\" style=\"height:15.0pt\">\n<td class=\"xl65\" height=\"20\" style=\"border:none; height:15.0pt; width:113pt; white-space:nowrap; padding-top:1px; padding-right:1px; padding-left:1px; vertical-align:bottom\" width=\"150\"><span style=\"font-size:11pt\"><span style=\"color:black\"><span style=\"font-weight:400\"><span style=\"font-style:normal\"><span style=\"text-decoration:none\"><span style=\"font-family:Calibri,sans-serif\">5 Adet Yumurcak Kadife El \u00d6rg\u00fc \u0130pi Krem K335<br \/>\n\t\t\tKartopu 5 Adet Yumurcak Kadife \u00f6rg\u00fc iplerindendir.<br \/>\n\t\t\tParlak, Yumu\u015fak Kadifemsi dokusu \u00f6rg\u00fcn\u00fcz\u00fcn \u015f\u0131kl\u0131\u011f\u0131na \u015f\u0131kl\u0131k katarken,<br \/>\n\t\t\tD\u00f6k\u00fclme yapmayan dokusu sayesinde de \u00f6rece\u011finiz<br \/>\n\t\t\tEv Botunuz ya da Battaniyeniz daha uzun \u00f6m\u00fcrl\u00fc olacakt\u0131r.<br \/>\n\t\t\tKartopu Yumurcak \u00f6rg\u00fc ipini Amigurimi \u00f6rg\u00fclerinizde kullanabilece\u011finiz gibi<br \/>\n\t\t\tKazak, H\u0131rka, Pan\u00e7o, Patik, Panduf, Bebe H\u0131rkas\u0131 \u00f6rg\u00fc i\u015flerinizde de kullanabilirsiniz.<br \/>\n\t\t\tKar\u0131\u015f\u0131m\u0131 %100 Polyester<br \/>\n\t\t\tYumak gramaj\u0131 100 g<br \/>\n\t\t\tEtiket metraj\u0131 120 mt<br \/>\n\t\t\t\u015ei\u015f numaralar\u0131 6 mm -7 mm<br \/>\n\t\t\tT\u0131\u011f numaralar\u0131 6 mm<br \/>\n\t\t\t\u0130lmek Bilgisi 10&#215;10 cm \u00f6l\u00e7\u00fc i\u00e7in 17 S\u0131ra 10 \u0130lmek<br \/>\n\t\t\tMevsim Sonbahar, K\u0131\u015f<br \/>\n\t\t\tPaket i\u00e7eri\u011fi<br \/>\n\t\t\t5 Adet Yumurcak Kadife El \u00d6rg\u00fc \u0130pi Krem K335<\/span><\/span><\/span><\/span><\/span><\/span><\/td>\n<\/tr>\n<\/tbody>\n<\/table>\n","protected":false},"excerpt":{"rendered":"<p>5 Adet Yumurcak Kadife El \u00d6rg\u00fc \u0130pi Krem K335<\/p>\n","protected":false},"featured_media":73011,"comment_status":"open","ping_status":"closed","template":"","meta":{"_kad_post_transparent":"","_kad_post_title":"","_kad_post_layout":"","_kad_post_sidebar_id":"","_kad_post_content_style":"","_kad_post_vertical_padding":"","_kad_post_feature":"","_kad_post_feature_position":"","_kad_post_header":false,"_kad_post_footer":false,"_kad_post_classname":""},"product_brand":[],"product_cat":[557,568,569],"product_tag":[],"class_list":{"0":"post-74609","1":"product","2":"type-product","3":"status-publish","4":"has-post-thumbnail","6":"product_cat-ev-yasam","7":"product_cat-hobi","8":"product_cat-hobi-malzemeleri","10":"first","11":"instock","12":"shipping-taxable","13":"purchasable","14":"product-type-simple","15":"entry","16":"content-bg","17":"loop-entry"},"_links":{"self":[{"href":"https:\/\/www.hediyepazar.com\/index.php?rest_route=\/wp\/v2\/product\/74609","targetHints":{"allow":["GET"]}}],"collection":[{"href":"https:\/\/www.hediyepazar.com\/index.php?rest_route=\/wp\/v2\/product"}],"about":[{"href":"https:\/\/www.hediyepazar.com\/index.php?rest_route=\/wp\/v2\/types\/product"}],"replies":[{"embeddable":true,"href":"https:\/\/www.hediyepazar.com\/index.php?rest_route=%2Fwp%2Fv2%2Fcomments&post=74609"}],"wp:featuredmedia":[{"embeddable":true,"href":"https:\/\/www.hediyepazar.com\/index.php?rest_route=\/wp\/v2\/media\/73011"}],"wp:attachment":[{"href":"https:\/\/www.hediyepazar.com\/index.php?rest_route=%2Fwp%2Fv2%2Fmedia&parent=74609"}],"wp:term":[{"taxonomy":"product_brand","embeddable":true,"href":"https:\/\/www.hediyepazar.com\/index.php?rest_route=%2Fwp%2Fv2%2Fproduct_brand&post=74609"},{"taxonomy":"product_cat","embeddable":true,"href":"https:\/\/www.hediyepazar.com\/index.php?rest_route=%2Fwp%2Fv2%2Fproduct_cat&post=74609"},{"taxonomy":"product_tag","embeddable":true,"href":"https:\/\/www.hediyepazar.com\/index.php?rest_route=%2Fwp%2Fv2%2Fproduct_tag&post=74609"}],"curies":[{"name":"wp","href":"https:\/\/api.w.org\/{rel}","templated":true}]}}