{"id":74663,"date":"2026-04-29T20:20:26","date_gmt":"2026-04-29T23:20:26","guid":{"rendered":"https:\/\/www.hediyepazar.com\/?product=zeytinyagli-nemlendirici-el-ve-vucut-losyonu-350-ml"},"modified":"2026-04-29T20:20:26","modified_gmt":"2026-04-29T23:20:26","slug":"zeytinyagli-nemlendirici-el-ve-vucut-losyonu-350-ml","status":"publish","type":"product","link":"https:\/\/www.hediyepazar.com\/?product=zeytinyagli-nemlendirici-el-ve-vucut-losyonu-350-ml","title":{"rendered":"Zeytinya\u011fl\u0131 Nemlendirici El ve V\u00fccut Losyonu 350 ml"},"content":{"rendered":"<table style=\"border-collapse:collapse; width:233pt; border:none\" width=\"311\">\n<colgroup>\n<col style=\"width:233pt\" width=\"311\" \/>\n\t<\/colgroup>\n<tbody>\n<tr height=\"20\" style=\"height:15.0pt\">\n<td class=\"xl63\" height=\"20\" style=\"border:none; height:15.0pt; width:233pt; white-space:nowrap; padding-top:1px; padding-right:1px; padding-left:1px; vertical-align:bottom\" width=\"311\"><span style=\"font-size:11pt\"><span style=\"color:black\"><span style=\"font-weight:400\"><span style=\"font-style:normal\"><span style=\"text-decoration:none\"><span style=\"font-family:Calibri,sans-serif\">Hunca Care Zeytinya\u011fl\u0131 Nemlendirici El ve V&uuml;cut Losyonu 350 ml<br \/>\n\t\t\tSo\u011fuk k\u0131\u015f aylar\u0131nda so\u011fuktan kuruyan veya s\u0131cak yaz g&uuml;nlerinde<br \/>\n\t\t\tg&uuml;ne\u015ften &ccedil;atlayan ellerinize ve v&uuml;cudunuza zeytinya\u011fl\u0131 form&uuml;l&uuml; ile<br \/>\n\t\t\tihtiyac\u0131 olan nemi kazand\u0131r\u0131rken cildinize ipeksi,<br \/>\n\t\t\tp&uuml;r&uuml;zs&uuml;z ve bak\u0131ml\u0131 bir g&ouml;r&uuml;n&uuml;m kazand\u0131r\u0131r.<br \/>\n\t\t\tD&ouml;rt mevsim kullan\u0131labilir.<br \/>\n\t\t\tH\u0131zl\u0131 emilim sayesinde elde yap\u0131\u015fkan ve \u0131slakl\u0131k hissi b\u0131rakmaz.<br \/>\n\t\t\tGerekli olan nem dengesini kurarak ya\u015fam standard\u0131n\u0131z\u0131 artt\u0131r\u0131r.<br \/>\n\t\t\tT&uuml;m cilt tiplerinde kullan\u0131labilir.<br \/>\n\t\t\tHo\u015f kokulu parf&uuml;m&uuml; sayesinde ellerinizde ve v&uuml;cudunuzda<br \/>\n\t\t\tg&uuml;n boyu ho\u015f kokarak enerjik kalacaks\u0131n\u0131z.<br \/>\n\t\t\t&Ccedil;evreye tamamen duyarl\u0131d\u0131r bu y&uuml;zden do\u011fada 100% geri d&ouml;n&uuml;\u015ft&uuml;r&uuml;lebilir ambalaj kullan\u0131lm\u0131\u015ft\u0131r.&nbsp;&nbsp;&nbsp;&nbsp;&nbsp;&nbsp;&nbsp;&nbsp;&nbsp;&nbsp;&nbsp;&nbsp;&nbsp;&nbsp;&nbsp;&nbsp;&nbsp;&nbsp;&nbsp;&nbsp;&nbsp;&nbsp;&nbsp;&nbsp;&nbsp;&nbsp;&nbsp;&nbsp;&nbsp;&nbsp;&nbsp;&nbsp;&nbsp;&nbsp;&nbsp;&nbsp;&nbsp;&nbsp;&nbsp;&nbsp;&nbsp;&nbsp;&nbsp;&nbsp;&nbsp;&nbsp;&nbsp;&nbsp;&nbsp;&nbsp;&nbsp;&nbsp;&nbsp;&nbsp;&nbsp;&nbsp;&nbsp;&nbsp;&nbsp;&nbsp;&nbsp;&nbsp;&nbsp;&nbsp;&nbsp;&nbsp;&nbsp;&nbsp;&nbsp;&nbsp;&nbsp;&nbsp;&nbsp;&nbsp;&nbsp;&nbsp;&nbsp;&nbsp;&nbsp;&nbsp;&nbsp;&nbsp;&nbsp;&nbsp;&nbsp;&nbsp;&nbsp;&nbsp;&nbsp;&nbsp;&nbsp;&nbsp;&nbsp;&nbsp;&nbsp;&nbsp;&nbsp;&nbsp;<br \/>\n\t\t\tKullan\u0131m\u0131: Cilt taraf\u0131ndan emilene kadar hafif bir masajla uygulay\u0131n.<br \/>\n\t\t\t\u0130htiya&ccedil; duyduk&ccedil;a uygulamay\u0131 yineleyin.<br \/>\n\t\t\tPaket i&ccedil;eri\u011fi: 1 Adet Zeytinya\u011fl\u0131 Nemlendirici El ve V&uuml;cut Losyonu 350 ml<\/span><\/span><\/span><\/span><\/span><\/span><\/td>\n<\/tr>\n<\/tbody>\n<\/table>\n","protected":false},"excerpt":{"rendered":"<p>Zeytinya\u011fl\u0131 Nemlendirici El ve V\u00fccut Losyonu 350 ml<\/p>\n","protected":false},"featured_media":73120,"comment_status":"open","ping_status":"closed","template":"","meta":{"_kad_post_transparent":"","_kad_post_title":"","_kad_post_layout":"","_kad_post_sidebar_id":"","_kad_post_content_style":"","_kad_post_vertical_padding":"","_kad_post_feature":"","_kad_post_feature_position":"","_kad_post_header":false,"_kad_post_footer":false,"_kad_post_classname":""},"product_brand":[],"product_cat":[566,537,564],"product_tag":[],"class_list":{"0":"post-74663","1":"product","2":"type-product","3":"status-publish","4":"has-post-thumbnail","6":"product_cat-cilt-bakimi","7":"product_cat-kadin","8":"product_cat-kadin-kozmetik","10":"first","11":"instock","12":"shipping-taxable","13":"purchasable","14":"product-type-simple","15":"entry","16":"content-bg","17":"loop-entry"},"_links":{"self":[{"href":"https:\/\/www.hediyepazar.com\/index.php?rest_route=\/wp\/v2\/product\/74663","targetHints":{"allow":["GET"]}}],"collection":[{"href":"https:\/\/www.hediyepazar.com\/index.php?rest_route=\/wp\/v2\/product"}],"about":[{"href":"https:\/\/www.hediyepazar.com\/index.php?rest_route=\/wp\/v2\/types\/product"}],"replies":[{"embeddable":true,"href":"https:\/\/www.hediyepazar.com\/index.php?rest_route=%2Fwp%2Fv2%2Fcomments&post=74663"}],"wp:featuredmedia":[{"embeddable":true,"href":"https:\/\/www.hediyepazar.com\/index.php?rest_route=\/wp\/v2\/media\/73120"}],"wp:attachment":[{"href":"https:\/\/www.hediyepazar.com\/index.php?rest_route=%2Fwp%2Fv2%2Fmedia&parent=74663"}],"wp:term":[{"taxonomy":"product_brand","embeddable":true,"href":"https:\/\/www.hediyepazar.com\/index.php?rest_route=%2Fwp%2Fv2%2Fproduct_brand&post=74663"},{"taxonomy":"product_cat","embeddable":true,"href":"https:\/\/www.hediyepazar.com\/index.php?rest_route=%2Fwp%2Fv2%2Fproduct_cat&post=74663"},{"taxonomy":"product_tag","embeddable":true,"href":"https:\/\/www.hediyepazar.com\/index.php?rest_route=%2Fwp%2Fv2%2Fproduct_tag&post=74663"}],"curies":[{"name":"wp","href":"https:\/\/api.w.org\/{rel}","templated":true}]}}