{"id":74669,"date":"2026-04-29T20:20:36","date_gmt":"2026-04-29T23:20:36","guid":{"rendered":"https:\/\/www.hediyepazar.com\/?product=lifmatik-lif-dokuma-tezgahi-orgu-aparati"},"modified":"2026-04-29T20:20:36","modified_gmt":"2026-04-29T23:20:36","slug":"lifmatik-lif-dokuma-tezgahi-orgu-aparati","status":"publish","type":"product","link":"https:\/\/www.hediyepazar.com\/?product=lifmatik-lif-dokuma-tezgahi-orgu-aparati","title":{"rendered":"Lifmatik Lif Dokuma Tezgah\u0131 \u00d6rg\u00fc Aparat\u0131"},"content":{"rendered":"<table style=\"border-collapse:collapse; width:65pt; border:none\" width=\"86\">\n<colgroup>\n<col style=\"width:65pt\" width=\"86\">\n\t<\/colgroup>\n<tbody>\n<tr height=\"20\" style=\"height:15.0pt\">\n<td class=\"xl63\" height=\"20\" style=\"border:none; height:15.0pt; width:65pt; white-space:nowrap; padding-top:1px; padding-right:1px; padding-left:1px; vertical-align:bottom\" width=\"86\"><span style=\"font-size:11pt\"><span style=\"color:black\"><span style=\"font-weight:400\"><span style=\"font-style:normal\"><span style=\"text-decoration:none\"><span style=\"font-family:Calibri,sans-serif\">Lifmatik Lif Dokuma Tezgah\u0131 \u00d6rg\u00fc Aparat\u0131<br \/>\n\t\t\tLifmatik ile evinizde kendi liflerinizi \u00fcretebileceksiniz.<br \/>\n\t\t\tPratik kullan\u0131m\u0131 sayesinde istedi\u011fini renklerde ve kal\u0131nl\u0131kta lifleri \u00fcretmeniz m\u00fcmk\u00fcnd\u00fcr.<br \/>\n\t\t\t\u00dcretti\u011finiz lifleri; \u0130ster kullan\u0131n isterseniz sat\u0131\u015f\u0131n\u0131 yap\u0131n.<br \/>\n\t\t\tAlt\u0131gendir<br \/>\n\t\t\tYap\u0131l\u0131\u015f a\u00e7\u0131klamas\u0131 \u00fcr\u00fcn ile beraber g\u00f6nderilir<br \/>\n\t\t\tPlastik malzemeden \u00fcretilmi\u015ftir<br \/>\n\t\t\t\u0130\u00e7erisinde 1 adet mekik i\u011fne mevcuttur.<br \/>\n\t\t\t30 cm \u00e7ap\u0131ndad\u0131r<br \/>\n\t\t\tPaket i\u00e7eri\u011fi;<br \/>\n\t\t\t1 adet lifmatik<br \/>\n\t\t\t1 adet mekik i\u011fne<\/span><\/span><\/span><\/span><\/span><\/span><\/td>\n<\/tr>\n<\/tbody>\n<\/table>\n","protected":false},"excerpt":{"rendered":"<p>Lifmatik Lif Dokuma Tezgah\u0131 \u00d6rg\u00fc Aparat\u0131<\/p>\n","protected":false},"featured_media":73133,"comment_status":"open","ping_status":"closed","template":"","meta":{"_kad_post_transparent":"","_kad_post_title":"","_kad_post_layout":"","_kad_post_sidebar_id":"","_kad_post_content_style":"","_kad_post_vertical_padding":"","_kad_post_feature":"","_kad_post_feature_position":"","_kad_post_header":false,"_kad_post_footer":false,"_kad_post_classname":""},"product_brand":[],"product_cat":[557,568,569],"product_tag":[],"class_list":{"0":"post-74669","1":"product","2":"type-product","3":"status-publish","4":"has-post-thumbnail","6":"product_cat-ev-yasam","7":"product_cat-hobi","8":"product_cat-hobi-malzemeleri","10":"first","11":"instock","12":"shipping-taxable","13":"purchasable","14":"product-type-simple","15":"entry","16":"content-bg","17":"loop-entry"},"_links":{"self":[{"href":"https:\/\/www.hediyepazar.com\/index.php?rest_route=\/wp\/v2\/product\/74669","targetHints":{"allow":["GET"]}}],"collection":[{"href":"https:\/\/www.hediyepazar.com\/index.php?rest_route=\/wp\/v2\/product"}],"about":[{"href":"https:\/\/www.hediyepazar.com\/index.php?rest_route=\/wp\/v2\/types\/product"}],"replies":[{"embeddable":true,"href":"https:\/\/www.hediyepazar.com\/index.php?rest_route=%2Fwp%2Fv2%2Fcomments&post=74669"}],"wp:featuredmedia":[{"embeddable":true,"href":"https:\/\/www.hediyepazar.com\/index.php?rest_route=\/wp\/v2\/media\/73133"}],"wp:attachment":[{"href":"https:\/\/www.hediyepazar.com\/index.php?rest_route=%2Fwp%2Fv2%2Fmedia&parent=74669"}],"wp:term":[{"taxonomy":"product_brand","embeddable":true,"href":"https:\/\/www.hediyepazar.com\/index.php?rest_route=%2Fwp%2Fv2%2Fproduct_brand&post=74669"},{"taxonomy":"product_cat","embeddable":true,"href":"https:\/\/www.hediyepazar.com\/index.php?rest_route=%2Fwp%2Fv2%2Fproduct_cat&post=74669"},{"taxonomy":"product_tag","embeddable":true,"href":"https:\/\/www.hediyepazar.com\/index.php?rest_route=%2Fwp%2Fv2%2Fproduct_tag&post=74669"}],"curies":[{"name":"wp","href":"https:\/\/api.w.org\/{rel}","templated":true}]}}