{"id":74677,"date":"2026-04-29T20:20:53","date_gmt":"2026-04-29T23:20:53","guid":{"rendered":"https:\/\/www.hediyepazar.com\/?product=lifmatik-lif-orme-seti-dokuma-tezgahi-ve-lif-ipi-s8"},"modified":"2026-04-29T20:20:53","modified_gmt":"2026-04-29T23:20:53","slug":"lifmatik-lif-orme-seti-dokuma-tezgahi-ve-lif-ipi-s8","status":"publish","type":"product","link":"https:\/\/www.hediyepazar.com\/?product=lifmatik-lif-orme-seti-dokuma-tezgahi-ve-lif-ipi-s8","title":{"rendered":"Lifmatik Lif \u00d6rme Seti Dokuma Tezgah\u0131 ve Lif \u0130pi S8"},"content":{"rendered":"<table style=\"border-collapse:collapse; width:65pt; border:none\" width=\"86\">\n<colgroup>\n<col style=\"width:65pt\" width=\"86\" \/>\n\t<\/colgroup>\n<tbody>\n<tr height=\"20\" style=\"height:15.0pt\">\n<td class=\"xl65\" height=\"20\" style=\"border:none; height:15.0pt; width:65pt; white-space:nowrap; padding-top:1px; padding-right:1px; padding-left:1px; vertical-align:bottom\" width=\"86\"><span style=\"font-size:11pt\"><span style=\"color:black\"><span style=\"font-weight:400\"><span style=\"font-style:normal\"><span style=\"text-decoration:none\"><span style=\"font-family:Calibri,sans-serif\">Lifmatik Lif &Ouml;rme Seti Dokuma Tezgah\u0131 ve Lif \u0130pi<\/p>\n<p>\t\t\tLif &Ouml;rmek i&ccedil;in gerekli t&uuml;m malzemeler tek sette,<\/p>\n<p>\t\t\tLif &ouml;rme tezgah\u0131 + 2 adet Bonbon Kristal Lif ipi<\/p>\n<p>\t\t\tLifmatik ile evinizde kendi liflerinizi &uuml;retebileceksiniz.<br \/>\n\t\t\tPratik kullan\u0131m\u0131 sayesinde istedi\u011fini renklerde ve kal\u0131nl\u0131kta lifleri &uuml;retmeniz m&uuml;mk&uuml;nd&uuml;r.<br \/>\n\t\t\t&Uuml;retti\u011finiz lifleri; \u0130ster kullan\u0131n isterseniz sat\u0131\u015f\u0131n\u0131 yap\u0131n.<\/p>\n<p>\t\t\tL\u0130FMAT\u0130K &Ouml;ZELL\u0130KLER\u0130;<br \/>\n\t\t\tAlt\u0131gendir<br \/>\n\t\t\tYap\u0131l\u0131\u015f a&ccedil;\u0131klamas\u0131 &uuml;r&uuml;n ile beraber g&ouml;nderilir<br \/>\n\t\t\tPlastik malzemeden &uuml;retilmi\u015ftir<br \/>\n\t\t\t\u0130&ccedil;erisinde 1 adet mekik i\u011fne mevcuttur.<br \/>\n\t\t\t30 cm &ccedil;ap\u0131ndad\u0131r<br \/>\n\t\t\tL\u0130F \u0130P\u0130 &Ouml;ZELL\u0130KLER\u0130<br \/>\n\t\t\tHammaddesi: %100 Akrilik<br \/>\n\t\t\tYumak gramaj\u0131: 100 gr<br \/>\n\t\t\tEtiket metraj\u0131: 475 m<br \/>\n\t\t\tKullan\u0131lan \u015fi\u015f numaralar\u0131: 3 &#8211; 3.5<br \/>\n\t\t\tKullan\u0131lan t\u0131\u011f numaralar\u0131: 3.5<br \/>\n\t\t\t\u0130lmek bilgisi: 10&#215;10 cm &ouml;l&ccedil;&uuml; i&ccedil;in 30 S\u0131ra 21 \u0130lmek<br \/>\n\t\t\tMevsim: K\u0131\u015f, \u0130lkbahar, Yaz, Sonbahar<\/p>\n<p>\t\t\tPaket i&ccedil;eri\u011fi;<br \/>\n\t\t\t1 adet lifmatik<br \/>\n\t\t\t1 adet mekik i\u011fne<br \/>\n\t\t\t1 Adet Bonbon Kristal Lif ipi K\u0131rm\u0131z\u0131 no 237<br \/>\n\t\t\t1 Adet Bonbon Kristal Lif ipi Mavi no 231<\/span><\/span><\/span><\/span><\/span><\/span><\/td>\n<\/tr>\n<\/tbody>\n<\/table>\n","protected":false},"excerpt":{"rendered":"<p>Lifmatik Lif \u00d6rme Seti Dokuma Tezgah\u0131 ve Lif \u0130pi S8<\/p>\n","protected":false},"featured_media":73149,"comment_status":"open","ping_status":"closed","template":"","meta":{"_kad_post_transparent":"","_kad_post_title":"","_kad_post_layout":"","_kad_post_sidebar_id":"","_kad_post_content_style":"","_kad_post_vertical_padding":"","_kad_post_feature":"","_kad_post_feature_position":"","_kad_post_header":false,"_kad_post_footer":false,"_kad_post_classname":""},"product_brand":[],"product_cat":[557,568,569],"product_tag":[],"class_list":{"0":"post-74677","1":"product","2":"type-product","3":"status-publish","4":"has-post-thumbnail","6":"product_cat-ev-yasam","7":"product_cat-hobi","8":"product_cat-hobi-malzemeleri","10":"first","11":"instock","12":"shipping-taxable","13":"purchasable","14":"product-type-simple","15":"entry","16":"content-bg","17":"loop-entry"},"_links":{"self":[{"href":"https:\/\/www.hediyepazar.com\/index.php?rest_route=\/wp\/v2\/product\/74677","targetHints":{"allow":["GET"]}}],"collection":[{"href":"https:\/\/www.hediyepazar.com\/index.php?rest_route=\/wp\/v2\/product"}],"about":[{"href":"https:\/\/www.hediyepazar.com\/index.php?rest_route=\/wp\/v2\/types\/product"}],"replies":[{"embeddable":true,"href":"https:\/\/www.hediyepazar.com\/index.php?rest_route=%2Fwp%2Fv2%2Fcomments&post=74677"}],"wp:featuredmedia":[{"embeddable":true,"href":"https:\/\/www.hediyepazar.com\/index.php?rest_route=\/wp\/v2\/media\/73149"}],"wp:attachment":[{"href":"https:\/\/www.hediyepazar.com\/index.php?rest_route=%2Fwp%2Fv2%2Fmedia&parent=74677"}],"wp:term":[{"taxonomy":"product_brand","embeddable":true,"href":"https:\/\/www.hediyepazar.com\/index.php?rest_route=%2Fwp%2Fv2%2Fproduct_brand&post=74677"},{"taxonomy":"product_cat","embeddable":true,"href":"https:\/\/www.hediyepazar.com\/index.php?rest_route=%2Fwp%2Fv2%2Fproduct_cat&post=74677"},{"taxonomy":"product_tag","embeddable":true,"href":"https:\/\/www.hediyepazar.com\/index.php?rest_route=%2Fwp%2Fv2%2Fproduct_tag&post=74677"}],"curies":[{"name":"wp","href":"https:\/\/api.w.org\/{rel}","templated":true}]}}