{"id":74879,"date":"2026-04-29T20:40:38","date_gmt":"2026-04-29T23:40:38","guid":{"rendered":"https:\/\/www.hediyepazar.com\/?product=2-adet-trend-cake-batik-ebruli-el-orgu-ipi-628"},"modified":"2026-04-29T20:40:38","modified_gmt":"2026-04-29T23:40:38","slug":"2-adet-trend-cake-batik-ebruli-el-orgu-ipi-628","status":"publish","type":"product","link":"https:\/\/www.hediyepazar.com\/?product=2-adet-trend-cake-batik-ebruli-el-orgu-ipi-628","title":{"rendered":"2 Adet Trend Cake Batik Ebruli El \u00d6rg\u00fc \u0130pi 628"},"content":{"rendered":"<table style=\"border-collapse:collapse; width:113pt; border:none\" width=\"150\">\n<colgroup>\n<col style=\"width:113pt\" width=\"150\" \/>\n\t<\/colgroup>\n<tbody>\n<tr height=\"20\" style=\"height:15.0pt\">\n<td class=\"xl65\" height=\"20\" style=\"border:none; height:15.0pt; width:113pt; white-space:nowrap; padding-top:1px; padding-right:1px; padding-left:1px; vertical-align:bottom\" width=\"150\"><span style=\"font-size:11pt\"><span style=\"color:black\"><span style=\"font-weight:400\"><span style=\"font-style:normal\"><span style=\"text-decoration:none\"><span style=\"font-family:Calibri,sans-serif\">2 Adet Trend Cake Batik Ebruli El &Ouml;rg&uuml; \u0130pi 628<br \/>\n\t\t\tGramaj: 200 Gram<br \/>\n\t\t\t\u0130&ccedil;erik : %100 Akrilik<br \/>\n\t\t\tMetraj: 360 Metre<br \/>\n\t\t\t\u015ei\u015f: 4-5 No<br \/>\n\t\t\tT\u0131\u011f: 2-3 No<br \/>\n\t\t\tSezon: Sonbahar\/K\u0131\u015f<br \/>\n\t\t\tKal\u0131nl\u0131k Grubu: Kal\u0131n<br \/>\n\t\t\tKullan\u0131m Alanlar\u0131:&nbsp; Atk\u0131, boyunluk gibi &ouml;rg&uuml;lerinizde ve daha bir&ccedil;ok &ouml;rg&uuml;de kullan\u0131ma uygundur.<br \/>\n\t\t\t&Ouml;ren Bayan Trend Cake Batik El &Ouml;rg&uuml; \u0130pi,<br \/>\n\t\t\tbirbiriyle uyumlu renklerin uzun sar\u0131m\u0131yla al\u0131\u015f\u0131k olmad\u0131\u011f\u0131n\u0131z bir seri sunuyor.<br \/>\n\t\t\tAtk\u0131 ve boyunluk gibi &ouml;rg&uuml;lerinizde benzersiz tasar\u0131mlar yakalaman\u0131z i&ccedil;in haz\u0131rlanm\u0131\u015f<br \/>\n\t\t\te\u015fsiz bir seri.<br \/>\n\t\t\tElyaf yo\u011funlu\u011fundan dolay\u0131 yumu\u015fakt\u0131r ve<br \/>\n\t\t\tbilhassa yumu\u015fakl\u0131k hissettirmesi istenen &uuml;r&uuml;nlerde kullan\u0131lmal\u0131d\u0131r.<br \/>\n\t\t\tBir&ccedil;ok renk &ccedil;e\u015fidi ile sizlere farkl\u0131 &ouml;rg&uuml; imk&acirc;n\u0131 sunan bir seridir.<br \/>\n\t\t\tHem \u015fi\u015f hem de t\u0131\u011f ile &ouml;r&uuml;lebilen bir ipliktir.<br \/>\n\t\t\tTek bir yumak ile reng&acirc;renk bir \u015fal elde etmek m&uuml;mk&uuml;nd&uuml;r.<br \/>\n\t\t\t&Ouml;ren Bayan Trend Cake, y\u0131pranmaya kar\u015f\u0131 dayan\u0131kl\u0131d\u0131r.<br \/>\n\t\t\tYumu\u015fak tu\u015feye sahip 5 katl\u0131 iplik yap\u0131s\u0131 ile &ouml;rg&uuml;lerinizde t&uuml;ylenme minimum seviyede kal\u0131r.<br \/>\n\t\t\tA\u011f\u0131rl\u0131\u011f\u0131 200 gram, uzunlu\u011fu 360 metredir. % 100 Akrilik (Yapay Elyaf)&#39;den &uuml;retilmi\u015ftir.<br \/>\n\t\t\tDo\u011fal y&uuml;n veya lif kullan\u0131lmad\u0131\u011f\u0131 i&ccedil;in y&uuml;n alerjisi olanlar i&ccedil;in ideal alternatiftir.<br \/>\n\t\t\t&Uuml;retici taraf\u0131ndan 4 numaradan 5 numaraya kadar \u015fi\u015f veya<br \/>\n\t\t\t2 numaradan 3 numaraya kadar t\u0131\u011f ile kullan\u0131lmas\u0131 tavsiye edilmektedir.<br \/>\n\t\t\t&Ouml;rg&uuml;n&uuml;ze ihtiya&ccedil; olan ip miktar\u0131n\u0131 hesaplayarak gerekirse<br \/>\n\t\t\tfazlas\u0131n\u0131 temin etmeniz tavsiye edilir.<br \/>\n\t\t\tEkranda g&ouml;r&uuml;nen &uuml;r&uuml;n&uuml;n g&ouml;rseli, kulland\u0131\u011f\u0131n\u0131z teknolojik cihaz\u0131n teknik &ouml;zellikleri ve<br \/>\n\t\t\tbulundu\u011funuz ortam\u0131n \u0131\u015f\u0131k yans\u0131mas\u0131na g&ouml;re, ger&ccedil;ek rengi ile ton farkl\u0131l\u0131klar\u0131 olmas\u0131na neden olabilir.<br \/>\n\t\t\t&Ouml;ren Bayan Trend Cake Batik El &Ouml;rg&uuml; \u0130pi ile &ouml;rd&uuml;\u011f&uuml;n&uuml;z &ouml;rg&uuml;lerinizi elde y\u0131kaman\u0131z &ouml;nerilir.<br \/>\n\t\t\t&Ccedil;ama\u015f\u0131r makinesinde ise 30 derecede y\u0131kay\u0131n\u0131z.<br \/>\n\t\t\tM&uuml;mk&uuml;nse sererek kurutunuz.<br \/>\n\t\t\tD&uuml;\u015f&uuml;k \u0131s\u0131 ile &uuml;t&uuml; yap\u0131labilir.<br \/>\n\t\t\t&Ouml;rg&uuml;lerinizi daha uzun s&uuml;reli kullanmak i&ccedil;in y\u0131kama talimat\u0131na uyman\u0131z tavsiye edilir.<br \/>\n\t\t\tPaket \u0130&ccedil;eri\u011fi :<br \/>\n\t\t\t2 Adet Trend Cake Batik Ebruli El &Ouml;rg&uuml; \u0130pi 628<\/span><\/span><\/span><\/span><\/span><\/span><\/td>\n<\/tr>\n<\/tbody>\n<\/table>\n","protected":false},"excerpt":{"rendered":"<p>2 Adet Trend Cake Batik Ebruli El \u00d6rg\u00fc \u0130pi 628<\/p>\n","protected":false},"featured_media":74878,"comment_status":"open","ping_status":"closed","template":"","meta":{"_kad_post_transparent":"","_kad_post_title":"","_kad_post_layout":"","_kad_post_sidebar_id":"","_kad_post_content_style":"","_kad_post_vertical_padding":"","_kad_post_feature":"","_kad_post_feature_position":"","_kad_post_header":false,"_kad_post_footer":false,"_kad_post_classname":""},"product_brand":[],"product_cat":[557,568,569],"product_tag":[],"class_list":{"0":"post-74879","1":"product","2":"type-product","3":"status-publish","4":"has-post-thumbnail","6":"product_cat-ev-yasam","7":"product_cat-hobi","8":"product_cat-hobi-malzemeleri","10":"first","11":"instock","12":"shipping-taxable","13":"purchasable","14":"product-type-simple","15":"entry","16":"content-bg","17":"loop-entry"},"_links":{"self":[{"href":"https:\/\/www.hediyepazar.com\/index.php?rest_route=\/wp\/v2\/product\/74879","targetHints":{"allow":["GET"]}}],"collection":[{"href":"https:\/\/www.hediyepazar.com\/index.php?rest_route=\/wp\/v2\/product"}],"about":[{"href":"https:\/\/www.hediyepazar.com\/index.php?rest_route=\/wp\/v2\/types\/product"}],"replies":[{"embeddable":true,"href":"https:\/\/www.hediyepazar.com\/index.php?rest_route=%2Fwp%2Fv2%2Fcomments&post=74879"}],"wp:featuredmedia":[{"embeddable":true,"href":"https:\/\/www.hediyepazar.com\/index.php?rest_route=\/wp\/v2\/media\/74878"}],"wp:attachment":[{"href":"https:\/\/www.hediyepazar.com\/index.php?rest_route=%2Fwp%2Fv2%2Fmedia&parent=74879"}],"wp:term":[{"taxonomy":"product_brand","embeddable":true,"href":"https:\/\/www.hediyepazar.com\/index.php?rest_route=%2Fwp%2Fv2%2Fproduct_brand&post=74879"},{"taxonomy":"product_cat","embeddable":true,"href":"https:\/\/www.hediyepazar.com\/index.php?rest_route=%2Fwp%2Fv2%2Fproduct_cat&post=74879"},{"taxonomy":"product_tag","embeddable":true,"href":"https:\/\/www.hediyepazar.com\/index.php?rest_route=%2Fwp%2Fv2%2Fproduct_tag&post=74879"}],"curies":[{"name":"wp","href":"https:\/\/api.w.org\/{rel}","templated":true}]}}