{"id":74967,"date":"2026-04-29T20:51:40","date_gmt":"2026-04-29T23:51:40","guid":{"rendered":"https:\/\/www.hediyepazar.com\/?product=elit-baby-mini-batik-bebe-el-orgu-ipi-okyanus-32455"},"modified":"2026-04-29T20:51:40","modified_gmt":"2026-04-29T23:51:40","slug":"elit-baby-mini-batik-bebe-el-orgu-ipi-okyanus-32455","status":"publish","type":"product","link":"https:\/\/www.hediyepazar.com\/?product=elit-baby-mini-batik-bebe-el-orgu-ipi-okyanus-32455","title":{"rendered":"Elit Baby Mini Batik Bebe El \u00d6rg\u00fc \u0130pi Okyanus 32455"},"content":{"rendered":"<table style=\"border-collapse:collapse; width:65pt; border:none\" width=\"86\">\n<colgroup>\n<col style=\"width:65pt\" width=\"86\" \/>\n\t<\/colgroup>\n<tbody>\n<tr height=\"20\" style=\"height:15.0pt\">\n<td class=\"xl65\" height=\"20\" style=\"border:none; height:15.0pt; width:65pt; white-space:nowrap; padding-top:1px; padding-right:1px; padding-left:1px; vertical-align:bottom\" width=\"86\"><span style=\"font-size:11pt\"><span style=\"color:black\"><span style=\"font-weight:400\"><span style=\"font-style:normal\"><span style=\"text-decoration:none\"><span style=\"font-family:Calibri,sans-serif\">Elit Baby Mini Batik Bebe El &Ouml;rg&uuml; \u0130pi Anti-Pilling Okyanus 32455<br \/>\n\t\t\tNako Elit Baby Mini Batik, %100 Anti-Pill yap\u0131s\u0131 ile bebeklerinize<br \/>\n\t\t\tg&uuml;venle &ouml;r&uuml;p giydirece\u011finiz h\u0131rka, kazak, battaniye vb bebek ve<br \/>\n\t\t\t&ccedil;ocuk giyim &ouml;rg&uuml;leri i&ccedil;in uygundur.<\/p>\n<p>\t\t\tGramaj\u0131: 100 Gram<br \/>\n\t\t\tMetraj\u0131: 250 Metre<br \/>\n\t\t\tKar\u0131\u015f\u0131m\u0131: %100 Premium Anti Pill Akrilik<br \/>\n\t\t\t\u015ei\u015f Numaralar\u0131: 3,5 &#8211; 4 mm<br \/>\n\t\t\tT\u0131\u011f Numaralar\u0131: 2 mm<br \/>\n\t\t\t\u0130lmek Bilgisi: 10&#215;10 cm &ouml;l&ccedil;&uuml; i&ccedil;in 28 s\u0131ra 22 ilmek<br \/>\n\t\t\tMevsim: Sonbahar, K\u0131\u015f, \u0130lkbahar, Yaz<\/p>\n<p>\t\t\tPaket \u0130&ccedil;eri\u011fi :<br \/>\n\t\t\t1 Adet Elit Baby Mini Batik Bebe El &Ouml;rg&uuml; \u0130pi Anti-Pilling Okyanus 32455<\/span><\/span><\/span><\/span><\/span><\/span><\/td>\n<\/tr>\n<\/tbody>\n<\/table>\n","protected":false},"excerpt":{"rendered":"<p>Elit Baby Mini Batik Bebe El \u00d6rg\u00fc \u0130pi Okyanus 32455<\/p>\n","protected":false},"featured_media":74966,"comment_status":"open","ping_status":"closed","template":"","meta":{"_kad_post_transparent":"","_kad_post_title":"","_kad_post_layout":"","_kad_post_sidebar_id":"","_kad_post_content_style":"","_kad_post_vertical_padding":"","_kad_post_feature":"","_kad_post_feature_position":"","_kad_post_header":false,"_kad_post_footer":false,"_kad_post_classname":""},"product_brand":[],"product_cat":[557,568,569],"product_tag":[],"class_list":{"0":"post-74967","1":"product","2":"type-product","3":"status-publish","4":"has-post-thumbnail","6":"product_cat-ev-yasam","7":"product_cat-hobi","8":"product_cat-hobi-malzemeleri","10":"first","11":"instock","12":"shipping-taxable","13":"purchasable","14":"product-type-simple","15":"entry","16":"content-bg","17":"loop-entry"},"_links":{"self":[{"href":"https:\/\/www.hediyepazar.com\/index.php?rest_route=\/wp\/v2\/product\/74967","targetHints":{"allow":["GET"]}}],"collection":[{"href":"https:\/\/www.hediyepazar.com\/index.php?rest_route=\/wp\/v2\/product"}],"about":[{"href":"https:\/\/www.hediyepazar.com\/index.php?rest_route=\/wp\/v2\/types\/product"}],"replies":[{"embeddable":true,"href":"https:\/\/www.hediyepazar.com\/index.php?rest_route=%2Fwp%2Fv2%2Fcomments&post=74967"}],"wp:featuredmedia":[{"embeddable":true,"href":"https:\/\/www.hediyepazar.com\/index.php?rest_route=\/wp\/v2\/media\/74966"}],"wp:attachment":[{"href":"https:\/\/www.hediyepazar.com\/index.php?rest_route=%2Fwp%2Fv2%2Fmedia&parent=74967"}],"wp:term":[{"taxonomy":"product_brand","embeddable":true,"href":"https:\/\/www.hediyepazar.com\/index.php?rest_route=%2Fwp%2Fv2%2Fproduct_brand&post=74967"},{"taxonomy":"product_cat","embeddable":true,"href":"https:\/\/www.hediyepazar.com\/index.php?rest_route=%2Fwp%2Fv2%2Fproduct_cat&post=74967"},{"taxonomy":"product_tag","embeddable":true,"href":"https:\/\/www.hediyepazar.com\/index.php?rest_route=%2Fwp%2Fv2%2Fproduct_tag&post=74967"}],"curies":[{"name":"wp","href":"https:\/\/api.w.org\/{rel}","templated":true}]}}