{"id":75065,"date":"2026-04-29T20:59:52","date_gmt":"2026-04-29T23:59:52","guid":{"rendered":"https:\/\/www.hediyepazar.com\/?product=angora-luks-el-orgu-ipi-powder-21356"},"modified":"2026-04-29T20:59:52","modified_gmt":"2026-04-29T23:59:52","slug":"angora-luks-el-orgu-ipi-powder-21356","status":"publish","type":"product","link":"https:\/\/www.hediyepazar.com\/?product=angora-luks-el-orgu-ipi-powder-21356","title":{"rendered":"Angora L\u00fcks El \u00d6rg\u00fc \u0130pi Powder 21356"},"content":{"rendered":"<table style=\"border-collapse:collapse; width:65pt; border:none\" width=\"86\">\n<colgroup>\n<col style=\"width:65pt\" width=\"86\" \/>\n\t<\/colgroup>\n<tbody>\n<tr height=\"20\" style=\"height:15.0pt\">\n<td class=\"xl65\" height=\"20\" style=\"border:none; height:15.0pt; width:65pt; white-space:nowrap; padding-top:1px; padding-right:1px; padding-left:1px; vertical-align:bottom\" width=\"86\"><span style=\"font-size:11pt\"><span style=\"color:black\"><span style=\"font-weight:400\"><span style=\"font-style:normal\"><span style=\"text-decoration:none\"><span style=\"font-family:Calibri,sans-serif\">Nako Angora L&uuml;ks El &Ouml;rg&uuml; \u0130pi Powder 21356<br \/>\n\t\t\tKar\u0131\u015f\u0131m\u0131 (Hammaddesi): %80 Premium Akrilik %5 Moher %15 Y&uuml;n<br \/>\n\t\t\tYumak gramaj\u0131: 100 g<br \/>\n\t\t\tEtiket metraj\u0131: 550 m<br \/>\n\t\t\t\u0130lgili \u015fi\u015f numaralar\u0131:<br \/>\n\t\t\t\u0130lgili t\u0131\u011f numaralar\u0131: 2.5<br \/>\n\t\t\t\u0130lmek bilgisi: 10&#215;10 cm &ouml;l&ccedil;&uuml; i&ccedil;in 30 S\u0131ra 22 \u0130lmek<br \/>\n\t\t\tMevsim: Sonbahar, K\u0131\u015f, \u0130lkbahar<br \/>\n\t\t\tNerede kullan\u0131labilir?: \u015eal, bluz, h\u0131rka, kazak ve di\u011fer &ouml;rg&uuml; aksesuarlar<\/p>\n<p>\t\t\tPaket \u0130&ccedil;eri\u011fi :<br \/>\n\t\t\t1 Adet Nako Angora L&uuml;ks El &Ouml;rg&uuml; \u0130pi Powder 21356<\/span><\/span><\/span><\/span><\/span><\/span><\/td>\n<\/tr>\n<\/tbody>\n<\/table>\n","protected":false},"excerpt":{"rendered":"<p>Angora L\u00fcks El \u00d6rg\u00fc \u0130pi Powder 21356<\/p>\n","protected":false},"featured_media":75064,"comment_status":"open","ping_status":"closed","template":"","meta":{"_kad_post_transparent":"","_kad_post_title":"","_kad_post_layout":"","_kad_post_sidebar_id":"","_kad_post_content_style":"","_kad_post_vertical_padding":"","_kad_post_feature":"","_kad_post_feature_position":"","_kad_post_header":false,"_kad_post_footer":false,"_kad_post_classname":""},"product_brand":[],"product_cat":[557,568,569],"product_tag":[],"class_list":{"0":"post-75065","1":"product","2":"type-product","3":"status-publish","4":"has-post-thumbnail","6":"product_cat-ev-yasam","7":"product_cat-hobi","8":"product_cat-hobi-malzemeleri","10":"first","11":"instock","12":"shipping-taxable","13":"purchasable","14":"product-type-simple","15":"entry","16":"content-bg","17":"loop-entry"},"_links":{"self":[{"href":"https:\/\/www.hediyepazar.com\/index.php?rest_route=\/wp\/v2\/product\/75065","targetHints":{"allow":["GET"]}}],"collection":[{"href":"https:\/\/www.hediyepazar.com\/index.php?rest_route=\/wp\/v2\/product"}],"about":[{"href":"https:\/\/www.hediyepazar.com\/index.php?rest_route=\/wp\/v2\/types\/product"}],"replies":[{"embeddable":true,"href":"https:\/\/www.hediyepazar.com\/index.php?rest_route=%2Fwp%2Fv2%2Fcomments&post=75065"}],"wp:featuredmedia":[{"embeddable":true,"href":"https:\/\/www.hediyepazar.com\/index.php?rest_route=\/wp\/v2\/media\/75064"}],"wp:attachment":[{"href":"https:\/\/www.hediyepazar.com\/index.php?rest_route=%2Fwp%2Fv2%2Fmedia&parent=75065"}],"wp:term":[{"taxonomy":"product_brand","embeddable":true,"href":"https:\/\/www.hediyepazar.com\/index.php?rest_route=%2Fwp%2Fv2%2Fproduct_brand&post=75065"},{"taxonomy":"product_cat","embeddable":true,"href":"https:\/\/www.hediyepazar.com\/index.php?rest_route=%2Fwp%2Fv2%2Fproduct_cat&post=75065"},{"taxonomy":"product_tag","embeddable":true,"href":"https:\/\/www.hediyepazar.com\/index.php?rest_route=%2Fwp%2Fv2%2Fproduct_tag&post=75065"}],"curies":[{"name":"wp","href":"https:\/\/api.w.org\/{rel}","templated":true}]}}