{"id":7536,"date":"2026-04-26T07:09:21","date_gmt":"2026-04-26T10:09:21","guid":{"rendered":"https:\/\/www.hediyepazar.com\/?product=efcell-3-7-volt-1200-mah-lityum-18500-pil-basliksiz"},"modified":"2026-04-26T07:09:24","modified_gmt":"2026-04-26T10:09:24","slug":"efcell-3-7-volt-1200-mah-lityum-18500-pil-basliksiz","status":"publish","type":"product","link":"https:\/\/www.hediyepazar.com\/?product=efcell-3-7-volt-1200-mah-lityum-18500-pil-basliksiz","title":{"rendered":"Efcell 3.7 Volt 1200 Mah Lityum 18500 Pil (ba\u015fl\u0131ks\u0131z)"},"content":{"rendered":"<p>Efcell 3.7 Volt 1200 Mah Lityum 18500 Pil (ba\u015fl\u0131ks\u0131z)<\/p>\n","protected":false},"excerpt":{"rendered":"<p>Efcell 3.7 Volt 1200 Mah Lityum 18500 Pil (ba\u015fl\u0131ks\u0131z)<\/p>\n","protected":false},"featured_media":7537,"comment_status":"closed","ping_status":"open","template":"","meta":{"_kad_post_transparent":"","_kad_post_title":"","_kad_post_layout":"","_kad_post_sidebar_id":"","_kad_post_content_style":"","_kad_post_vertical_padding":"","_kad_post_feature":"","_kad_post_feature_position":"","_kad_post_header":false,"_kad_post_footer":false,"_kad_post_classname":""},"product_brand":[],"product_cat":[201],"product_tag":[],"class_list":{"0":"post-7536","1":"product","2":"type-product","3":"status-publish","4":"has-post-thumbnail","6":"product_cat-adaptor-aku-pil-pil-ve-pil-sarj-cihazlari-piller","8":"first","9":"instock","10":"purchasable","11":"product-type-simple","12":"entry","13":"content-bg","14":"loop-entry"},"_links":{"self":[{"href":"https:\/\/www.hediyepazar.com\/index.php?rest_route=\/wp\/v2\/product\/7536","targetHints":{"allow":["GET"]}}],"collection":[{"href":"https:\/\/www.hediyepazar.com\/index.php?rest_route=\/wp\/v2\/product"}],"about":[{"href":"https:\/\/www.hediyepazar.com\/index.php?rest_route=\/wp\/v2\/types\/product"}],"replies":[{"embeddable":true,"href":"https:\/\/www.hediyepazar.com\/index.php?rest_route=%2Fwp%2Fv2%2Fcomments&post=7536"}],"wp:featuredmedia":[{"embeddable":true,"href":"https:\/\/www.hediyepazar.com\/index.php?rest_route=\/wp\/v2\/media\/7537"}],"wp:attachment":[{"href":"https:\/\/www.hediyepazar.com\/index.php?rest_route=%2Fwp%2Fv2%2Fmedia&parent=7536"}],"wp:term":[{"taxonomy":"product_brand","embeddable":true,"href":"https:\/\/www.hediyepazar.com\/index.php?rest_route=%2Fwp%2Fv2%2Fproduct_brand&post=7536"},{"taxonomy":"product_cat","embeddable":true,"href":"https:\/\/www.hediyepazar.com\/index.php?rest_route=%2Fwp%2Fv2%2Fproduct_cat&post=7536"},{"taxonomy":"product_tag","embeddable":true,"href":"https:\/\/www.hediyepazar.com\/index.php?rest_route=%2Fwp%2Fv2%2Fproduct_tag&post=7536"}],"curies":[{"name":"wp","href":"https:\/\/api.w.org\/{rel}","templated":true}]}}