{"id":75384,"date":"2026-04-29T21:27:26","date_gmt":"2026-04-30T00:27:26","guid":{"rendered":"https:\/\/www.hediyepazar.com\/?product=5-adet-luks-patik-ipi-yunu-kahve-98297"},"modified":"2026-04-29T21:27:26","modified_gmt":"2026-04-30T00:27:26","slug":"5-adet-luks-patik-ipi-yunu-kahve-98297","status":"publish","type":"product","link":"https:\/\/www.hediyepazar.com\/?product=5-adet-luks-patik-ipi-yunu-kahve-98297","title":{"rendered":"5 Adet L\u00fcks Patik \u0130pi Y\u00fcn\u00fc Kahve 98297"},"content":{"rendered":"<table style=\"border-collapse:collapse; width:113pt; border:none\" width=\"150\">\n<colgroup>\n<col style=\"width:113pt\" width=\"150\" \/>\n\t<\/colgroup>\n<tbody>\n<tr height=\"20\" style=\"height:15.0pt\">\n<td class=\"xl65\" height=\"20\" style=\"border:none; height:15.0pt; width:113pt; white-space:nowrap; padding-top:1px; padding-right:1px; padding-left:1px; vertical-align:bottom\" width=\"150\"><span style=\"font-size:11pt\"><span style=\"color:black\"><span style=\"font-weight:400\"><span style=\"font-style:normal\"><span style=\"text-decoration:none\"><span style=\"font-family:Calibri,sans-serif\">5 Adet L&uuml;ks Patik \u0130pi Y&uuml;n&uuml; Kahve 98297<br \/>\n\t\t\tNako Bonbon L&uuml;ks &lsquo;&uuml;n %100 Akrilik yap\u0131s\u0131na muhte\u015fem projelerinizi de ekledi\u011finizde ortaya&nbsp; \u015f\u0131k &Ccedil;oraplar, Patikler &ccedil;\u0131kartabilir. Ev tekstili &uuml;r&uuml;nlerinizin yap\u0131m\u0131nda ve Battaniye &ouml;rg&uuml;lerinizde de Bonbon L&uuml;ks&rsquo;&uuml; kullanabilirsiniz.<br \/>\n\t\t\t&Uuml;R&Uuml;N &Ouml;ZELL\u0130KLER\u0130<br \/>\n\t\t\tKar\u0131\u015f\u0131m\u0131 (Hammaddesi): %100 Akrilik<br \/>\n\t\t\tYumak gramaj\u0131: 100 g<br \/>\n\t\t\tEtiket metraj\u0131: 240 m<br \/>\n\t\t\t\u0130lgili \u015fi\u015f numaralar\u0131: 4 &#8211; 4.5<br \/>\n\t\t\t\u0130lgili t\u0131\u011f numaralar\u0131: 2<br \/>\n\t\t\t\u0130lmek bilgisi: 10&#215;10 cm &ouml;l&ccedil;&uuml; i&ccedil;in 21 S\u0131ra 16 \u0130lmek<br \/>\n\t\t\tMevsim: K\u0131\u015f, Sonbahar<br \/>\n\t\t\tNerede kullan\u0131labilir?: Yatak &ouml;rt&uuml;s&uuml;, Battaniye, \u015eal, vb &uuml;st giyim, ev dekorasyon &uuml;r&uuml;nleri i&ccedil;in kullan\u0131labilir. &Ouml;zellikle yatak &ouml;rg&uuml;s&uuml; i&ccedil;in tavsiye ediliyor.<\/p>\n<p>\n\t\t\tPaket \u0130&ccedil;eri\u011fi :<br \/>\n\t\t\t5 Adet L&uuml;ks Patik \u0130pi Y&uuml;n&uuml; Kahve 98297<\/span><\/span><\/span><\/span><\/span><\/span><\/td>\n<\/tr>\n<\/tbody>\n<\/table>\n","protected":false},"excerpt":{"rendered":"<p>5 Adet L\u00fcks Patik \u0130pi Y\u00fcn\u00fc Kahve 98297<\/p>\n","protected":false},"featured_media":75383,"comment_status":"open","ping_status":"closed","template":"","meta":{"_kad_post_transparent":"","_kad_post_title":"","_kad_post_layout":"","_kad_post_sidebar_id":"","_kad_post_content_style":"","_kad_post_vertical_padding":"","_kad_post_feature":"","_kad_post_feature_position":"","_kad_post_header":false,"_kad_post_footer":false,"_kad_post_classname":""},"product_brand":[],"product_cat":[557,568,569],"product_tag":[],"class_list":{"0":"post-75384","1":"product","2":"type-product","3":"status-publish","4":"has-post-thumbnail","6":"product_cat-ev-yasam","7":"product_cat-hobi","8":"product_cat-hobi-malzemeleri","10":"first","11":"instock","12":"shipping-taxable","13":"purchasable","14":"product-type-simple","15":"entry","16":"content-bg","17":"loop-entry"},"_links":{"self":[{"href":"https:\/\/www.hediyepazar.com\/index.php?rest_route=\/wp\/v2\/product\/75384","targetHints":{"allow":["GET"]}}],"collection":[{"href":"https:\/\/www.hediyepazar.com\/index.php?rest_route=\/wp\/v2\/product"}],"about":[{"href":"https:\/\/www.hediyepazar.com\/index.php?rest_route=\/wp\/v2\/types\/product"}],"replies":[{"embeddable":true,"href":"https:\/\/www.hediyepazar.com\/index.php?rest_route=%2Fwp%2Fv2%2Fcomments&post=75384"}],"wp:featuredmedia":[{"embeddable":true,"href":"https:\/\/www.hediyepazar.com\/index.php?rest_route=\/wp\/v2\/media\/75383"}],"wp:attachment":[{"href":"https:\/\/www.hediyepazar.com\/index.php?rest_route=%2Fwp%2Fv2%2Fmedia&parent=75384"}],"wp:term":[{"taxonomy":"product_brand","embeddable":true,"href":"https:\/\/www.hediyepazar.com\/index.php?rest_route=%2Fwp%2Fv2%2Fproduct_brand&post=75384"},{"taxonomy":"product_cat","embeddable":true,"href":"https:\/\/www.hediyepazar.com\/index.php?rest_route=%2Fwp%2Fv2%2Fproduct_cat&post=75384"},{"taxonomy":"product_tag","embeddable":true,"href":"https:\/\/www.hediyepazar.com\/index.php?rest_route=%2Fwp%2Fv2%2Fproduct_tag&post=75384"}],"curies":[{"name":"wp","href":"https:\/\/api.w.org\/{rel}","templated":true}]}}