{"id":75424,"date":"2026-04-29T21:29:29","date_gmt":"2026-04-30T00:29:29","guid":{"rendered":"https:\/\/www.hediyepazar.com\/?product=5-adet-pamuklu-kadin-klasik-tanga-soft-renkler"},"modified":"2026-04-29T21:29:29","modified_gmt":"2026-04-30T00:29:29","slug":"5-adet-pamuklu-kadin-klasik-tanga-soft-renkler","status":"publish","type":"product","link":"https:\/\/www.hediyepazar.com\/?product=5-adet-pamuklu-kadin-klasik-tanga-soft-renkler","title":{"rendered":"5 Adet Pamuklu Kad\u0131n Klasik Tanga Soft Renkler"},"content":{"rendered":"<table style=\"border-collapse:collapse; width:79pt; border:none\" width=\"105\">\n<colgroup>\n<col style=\"width:79pt\" width=\"105\" \/>\n\t<\/colgroup>\n<tbody>\n<tr height=\"20\" style=\"height:15.0pt\">\n<td height=\"20\" style=\"border:none; height:15.0pt; width:79pt; padding-top:1px; padding-right:1px; padding-left:1px; vertical-align:bottom; white-space:nowrap\" width=\"105\"><span style=\"font-size:11pt\"><span style=\"color:black\"><span style=\"font-weight:400\"><span style=\"font-style:normal\"><span style=\"text-decoration:none\"><span style=\"font-family:Calibri,sans-serif\">5 Adet Pamuklu Kad\u0131n Klasik Tanga Soft Renkler<br \/>\n\t\t\tRoyaleks Pamuklu Klasik Tanga &#8211; String olarak g&ouml;nderilmektedir.<br \/>\n\t\t\tT&uuml;m k\u0131yafetlerinizin alt\u0131ndan g&uuml;nl&uuml;k i&ccedil; &ccedil;ama\u015f\u0131r\u0131 olarak kullan\u0131labilir.<br \/>\n\t\t\tA\u011f k\u0131sm\u0131nda ekstra pamuk doku yer almaktad\u0131r.<br \/>\n\t\t\tPamuk, sa\u011fl\u0131\u011f\u0131n\u0131z i&ccedil;in i&ccedil; &ccedil;ama\u015f\u0131rlar\u0131n\u0131zda kullan\u0131lan en &ouml;nemli materyallerdendir.<br \/>\n\t\t\tA\u011f k\u0131sm\u0131ndaki pamuk sayesinde cildinizi tahri\u015f etmez ve yumu\u015fak bir his kazand\u0131r\u0131r.<br \/>\n\t\t\tSoft renkleri ile t&uuml;m k\u0131yafetlerinizle kusursuz renk kombinleri olu\u015fturabilirsiniz.<br \/>\n\t\t\tYumu\u015fac\u0131k dokusu ile hem cildiniz nefes al\u0131r hem de hareket kabiliyetinizi art\u0131r\u0131r.<br \/>\n\t\t\t\u0130&ccedil; giyimde rahatl\u0131\u011f\u0131n\u0131z\u0131n &ouml;nemi i&ccedil;in pamuklu &uuml;r&uuml;nler tercih ediniz.<br \/>\n\t\t\t40 derecenin &uuml;zerinde y\u0131kamay\u0131n\u0131z ve a\u011fart\u0131c\u0131 kullanmay\u0131n\u0131z.<br \/>\n\t\t\tY\u0131kama talimatlar\u0131na uyuldu\u011funda uzun &ouml;m&uuml;rl&uuml; olarak rengini ve<br \/>\n\t\t\tdokusunu kaybetmeden kullanabilirsiniz.<br \/>\n\t\t\t&Uuml;r&uuml;n bile\u015fenleri %90 pamuk %10 elastand\u0131r.<br \/>\n\t\t\t&Uuml;r&uuml;n&uuml;m&uuml;z asorti olup 5 farkl\u0131 renk g&ouml;nderilmektedir.<br \/>\n\t\t\tRoyaleks ailesi olarak g&uuml;zel g&uuml;nlerde kullanman\u0131z\u0131 temenni ederiz.<br \/>\n\t\t\tPaket i&ccedil;eri\u011fi :<br \/>\n\t\t\t5 Adet Royaleks Pamuklu Klasik Tanga &#8211; String<br \/>\n\t\t\tRenkler: Mor , A&ccedil;\u0131k Mavi , Beyaz , Pudra , Fu\u015fya<\/span><\/span><\/span><\/span><\/span><\/span><\/td>\n<\/tr>\n<\/tbody>\n<\/table>\n","protected":false},"excerpt":{"rendered":"<p>5 Adet Pamuklu Kad\u0131n Klasik Tanga Soft Renkler<\/p>\n","protected":false},"featured_media":75423,"comment_status":"open","ping_status":"closed","template":"","meta":{"_kad_post_transparent":"","_kad_post_title":"","_kad_post_layout":"","_kad_post_sidebar_id":"","_kad_post_content_style":"","_kad_post_vertical_padding":"","_kad_post_feature":"","_kad_post_feature_position":"","_kad_post_header":false,"_kad_post_footer":false,"_kad_post_classname":""},"product_brand":[],"product_cat":[538,537,539],"product_tag":[],"class_list":{"0":"post-75424","1":"product","2":"type-product","3":"status-publish","4":"has-post-thumbnail","6":"product_cat-ic-giyim","7":"product_cat-kadin","8":"product_cat-kulot","10":"first","11":"instock","12":"shipping-taxable","13":"purchasable","14":"product-type-simple","15":"entry","16":"content-bg","17":"loop-entry"},"_links":{"self":[{"href":"https:\/\/www.hediyepazar.com\/index.php?rest_route=\/wp\/v2\/product\/75424","targetHints":{"allow":["GET"]}}],"collection":[{"href":"https:\/\/www.hediyepazar.com\/index.php?rest_route=\/wp\/v2\/product"}],"about":[{"href":"https:\/\/www.hediyepazar.com\/index.php?rest_route=\/wp\/v2\/types\/product"}],"replies":[{"embeddable":true,"href":"https:\/\/www.hediyepazar.com\/index.php?rest_route=%2Fwp%2Fv2%2Fcomments&post=75424"}],"wp:featuredmedia":[{"embeddable":true,"href":"https:\/\/www.hediyepazar.com\/index.php?rest_route=\/wp\/v2\/media\/75423"}],"wp:attachment":[{"href":"https:\/\/www.hediyepazar.com\/index.php?rest_route=%2Fwp%2Fv2%2Fmedia&parent=75424"}],"wp:term":[{"taxonomy":"product_brand","embeddable":true,"href":"https:\/\/www.hediyepazar.com\/index.php?rest_route=%2Fwp%2Fv2%2Fproduct_brand&post=75424"},{"taxonomy":"product_cat","embeddable":true,"href":"https:\/\/www.hediyepazar.com\/index.php?rest_route=%2Fwp%2Fv2%2Fproduct_cat&post=75424"},{"taxonomy":"product_tag","embeddable":true,"href":"https:\/\/www.hediyepazar.com\/index.php?rest_route=%2Fwp%2Fv2%2Fproduct_tag&post=75424"}],"curies":[{"name":"wp","href":"https:\/\/api.w.org\/{rel}","templated":true}]}}