{"id":75428,"date":"2026-04-29T21:29:42","date_gmt":"2026-04-30T00:29:42","guid":{"rendered":"https:\/\/www.hediyepazar.com\/?product=5-adet-beli-yazili-pamuklu-kalin-lastik-kadin-slip-kulot"},"modified":"2026-04-29T21:29:42","modified_gmt":"2026-04-30T00:29:42","slug":"5-adet-beli-yazili-pamuklu-kalin-lastik-kadin-slip-kulot","status":"publish","type":"product","link":"https:\/\/www.hediyepazar.com\/?product=5-adet-beli-yazili-pamuklu-kalin-lastik-kadin-slip-kulot","title":{"rendered":"5 Adet Beli Yaz\u0131l\u0131 Pamuklu Kal\u0131n Lastik Kad\u0131n Slip K\u00fclot"},"content":{"rendered":"<table style=\"border-collapse:collapse; width:79pt; border:none\" width=\"105\">\n<colgroup>\n<col style=\"width:79pt\" width=\"105\" \/>\n\t<\/colgroup>\n<tbody>\n<tr height=\"20\" style=\"height:15.0pt\">\n<td height=\"20\" style=\"border:none; height:15.0pt; width:79pt; padding-top:1px; padding-right:1px; padding-left:1px; vertical-align:bottom; white-space:nowrap\" width=\"105\"><span style=\"font-size:11pt\"><span style=\"color:black\"><span style=\"font-weight:400\"><span style=\"font-style:normal\"><span style=\"text-decoration:none\"><span style=\"font-family:Calibri,sans-serif\">5 Adet Beli Yaz\u0131l\u0131 Pamuklu Kal\u0131n Lastik Kad\u0131n Slip K&uuml;lot<br \/>\n\t\t\tBeli yaz\u0131l\u0131 kad\u0131n slip k&uuml;lot g&uuml;nl&uuml;k kullan\u0131m i&ccedil;in idealdir.<br \/>\n\t\t\tKal\u0131n lastik beli sayesinde tam kavrama yaparak rahatl\u0131k seviyesini art\u0131rmaktad\u0131r.&nbsp;<br \/>\n\t\t\tCute girl yaz\u0131s\u0131 sayesinde slip k&uuml;lota modern bir &ccedil;izgi kazand\u0131rm\u0131\u015ft\u0131r.<br \/>\n\t\t\tFarkl\u0131 renkleri sayesinde g&uuml;ndelik olarak k\u0131yafetlerinizle kusursuz kombin olu\u015fturabilirsiniz.<br \/>\n\t\t\t\u0130&ccedil; giyim ve k&uuml;lotlarda sa\u011fl\u0131\u011f\u0131n\u0131z i&ccedil;in en iyi materyal pamuktan &uuml;retilmi\u015ftir.<br \/>\n\t\t\tLasti\u011fi s\u0131k\u0131d\u0131r deforme olmadan uzun s&uuml;re rahatl\u0131kla kullanabilirsiniz.<br \/>\n\t\t\t40 dereceden y&uuml;ksek \u0131s\u0131da y\u0131kamay\u0131n\u0131z ve a\u011fart\u0131c\u0131 kullanmay\u0131n\u0131z.<br \/>\n\t\t\tBu sayede renklerini kaybetmeden uzun s&uuml;re uyumlu kombinler olu\u015fturabilirsiniz.<br \/>\n\t\t\tGen&ccedil; ve kendini gen&ccedil; hisseden t&uuml;m kad\u0131nlar\u0131n vazge&ccedil;ilmezi beli yaz\u0131l\u0131 slip k&uuml;lotlar<br \/>\n\t\t\tG&uuml;ndelik hayatta kullan\u0131ld\u0131\u011f\u0131 gibi &ouml;zel g&uuml;nlerinizde de vazge&ccedil;ilmeziniz olacakt\u0131r.<br \/>\n\t\t\t&Uuml;r&uuml;n bile\u015feni %90 pamuk %5 likrad\u0131r.<br \/>\n\t\t\tY&uuml;ksek pamuklu yap\u0131s\u0131 sayesinde yumu\u015fac\u0131k hissettirir ve hareket kabiliyetinizi zenginle\u015ftirir.<br \/>\n\t\t\t&Uuml;r&uuml;n&uuml;m&uuml;z asorti olup 5 farkl\u0131 renk g&ouml;nderilmektedir.<br \/>\n\t\t\tRoyaleks ailesi olarak g&uuml;zel g&uuml;nlerde kullanman\u0131z\u0131 temenni ederiz.<br \/>\n\t\t\tPaket i&ccedil;eri\u011fi:<br \/>\n\t\t\t5 Adet Beli Yaz\u0131l\u0131 Pamuklu Kal\u0131n Lastik Kad\u0131n Slip K&uuml;lot<br \/>\n\t\t\tRenkler: K\u0131rm\u0131z\u0131 , Beyaz , Turuncu , Mavi , Mor<\/span><\/span><\/span><\/span><\/span><\/span><\/td>\n<\/tr>\n<\/tbody>\n<\/table>\n","protected":false},"excerpt":{"rendered":"<p>5 Adet Beli Yaz\u0131l\u0131 Pamuklu Kal\u0131n Lastik Kad\u0131n Slip K\u00fclot<\/p>\n","protected":false},"featured_media":75427,"comment_status":"open","ping_status":"closed","template":"","meta":{"_kad_post_transparent":"","_kad_post_title":"","_kad_post_layout":"","_kad_post_sidebar_id":"","_kad_post_content_style":"","_kad_post_vertical_padding":"","_kad_post_feature":"","_kad_post_feature_position":"","_kad_post_header":false,"_kad_post_footer":false,"_kad_post_classname":""},"product_brand":[],"product_cat":[538,537,539],"product_tag":[],"class_list":{"0":"post-75428","1":"product","2":"type-product","3":"status-publish","4":"has-post-thumbnail","6":"product_cat-ic-giyim","7":"product_cat-kadin","8":"product_cat-kulot","10":"first","11":"instock","12":"shipping-taxable","13":"purchasable","14":"product-type-simple","15":"entry","16":"content-bg","17":"loop-entry"},"_links":{"self":[{"href":"https:\/\/www.hediyepazar.com\/index.php?rest_route=\/wp\/v2\/product\/75428","targetHints":{"allow":["GET"]}}],"collection":[{"href":"https:\/\/www.hediyepazar.com\/index.php?rest_route=\/wp\/v2\/product"}],"about":[{"href":"https:\/\/www.hediyepazar.com\/index.php?rest_route=\/wp\/v2\/types\/product"}],"replies":[{"embeddable":true,"href":"https:\/\/www.hediyepazar.com\/index.php?rest_route=%2Fwp%2Fv2%2Fcomments&post=75428"}],"wp:featuredmedia":[{"embeddable":true,"href":"https:\/\/www.hediyepazar.com\/index.php?rest_route=\/wp\/v2\/media\/75427"}],"wp:attachment":[{"href":"https:\/\/www.hediyepazar.com\/index.php?rest_route=%2Fwp%2Fv2%2Fmedia&parent=75428"}],"wp:term":[{"taxonomy":"product_brand","embeddable":true,"href":"https:\/\/www.hediyepazar.com\/index.php?rest_route=%2Fwp%2Fv2%2Fproduct_brand&post=75428"},{"taxonomy":"product_cat","embeddable":true,"href":"https:\/\/www.hediyepazar.com\/index.php?rest_route=%2Fwp%2Fv2%2Fproduct_cat&post=75428"},{"taxonomy":"product_tag","embeddable":true,"href":"https:\/\/www.hediyepazar.com\/index.php?rest_route=%2Fwp%2Fv2%2Fproduct_tag&post=75428"}],"curies":[{"name":"wp","href":"https:\/\/api.w.org\/{rel}","templated":true}]}}