{"id":75432,"date":"2026-04-29T21:30:02","date_gmt":"2026-04-30T00:30:02","guid":{"rendered":"https:\/\/www.hediyepazar.com\/?product=orgu-ilmek-ayraci-3-lu"},"modified":"2026-04-29T21:30:02","modified_gmt":"2026-04-30T00:30:02","slug":"orgu-ilmek-ayraci-3-lu","status":"publish","type":"product","link":"https:\/\/www.hediyepazar.com\/?product=orgu-ilmek-ayraci-3-lu","title":{"rendered":"\u00d6rg\u00fc \u0130lmek Ayrac\u0131 3 l\u00fc"},"content":{"rendered":"<p>&nbsp;<\/p>\n<table style=\"border-collapse:collapse; width:79pt; border:none\" width=\"105\">\n<colgroup>\n<col style=\"width:79pt\" width=\"105\" \/>\n\t<\/colgroup>\n<tbody>\n<tr height=\"20\" style=\"height:15.0pt\">\n<td height=\"20\" style=\"border:none; height:15.0pt; width:79pt; padding-top:1px; padding-right:1px; padding-left:1px; vertical-align:bottom; white-space:nowrap\" width=\"105\"><span style=\"font-size:11pt\"><span style=\"color:black\"><span style=\"font-weight:400\"><span style=\"font-style:normal\"><span style=\"text-decoration:none\"><span style=\"font-family:Calibri,sans-serif\">&Ouml;rg&uuml; \u0130lmek ayrac\u0131 3 l&uuml;<br \/>\n\t\t\tPaket i&ccedil;erisinde 3 farkl\u0131 boyda ilmek toplay\u0131c\u0131 mevcuttur.<br \/>\n\t\t\t&Ouml;rg&uuml;y&uuml; s&ouml;kmeden ka&ccedil;an imle\u011fi kurtarmak i&ccedil;in kullan\u0131l\u0131r.<br \/>\n\t\t\tK&uuml;&ccedil;&uuml;k Boy:2&#215;8,5cm Orta Boy:2,4&#215;11,5cm B&uuml;y&uuml;k Boy:2,7&#215;14,5cm<\/span><\/span><\/span><\/span><\/span><\/span><\/td>\n<\/tr>\n<\/tbody>\n<\/table>\n","protected":false},"excerpt":{"rendered":"<p>\u00d6rg\u00fc \u0130lmek ayrac\u0131 3 l\u00fc<\/p>\n","protected":false},"featured_media":75431,"comment_status":"open","ping_status":"closed","template":"","meta":{"_kad_post_transparent":"","_kad_post_title":"","_kad_post_layout":"","_kad_post_sidebar_id":"","_kad_post_content_style":"","_kad_post_vertical_padding":"","_kad_post_feature":"","_kad_post_feature_position":"","_kad_post_header":false,"_kad_post_footer":false,"_kad_post_classname":""},"product_brand":[],"product_cat":[557,568,569],"product_tag":[],"class_list":{"0":"post-75432","1":"product","2":"type-product","3":"status-publish","4":"has-post-thumbnail","6":"product_cat-ev-yasam","7":"product_cat-hobi","8":"product_cat-hobi-malzemeleri","10":"first","11":"instock","12":"shipping-taxable","13":"purchasable","14":"product-type-simple","15":"entry","16":"content-bg","17":"loop-entry"},"_links":{"self":[{"href":"https:\/\/www.hediyepazar.com\/index.php?rest_route=\/wp\/v2\/product\/75432","targetHints":{"allow":["GET"]}}],"collection":[{"href":"https:\/\/www.hediyepazar.com\/index.php?rest_route=\/wp\/v2\/product"}],"about":[{"href":"https:\/\/www.hediyepazar.com\/index.php?rest_route=\/wp\/v2\/types\/product"}],"replies":[{"embeddable":true,"href":"https:\/\/www.hediyepazar.com\/index.php?rest_route=%2Fwp%2Fv2%2Fcomments&post=75432"}],"wp:featuredmedia":[{"embeddable":true,"href":"https:\/\/www.hediyepazar.com\/index.php?rest_route=\/wp\/v2\/media\/75431"}],"wp:attachment":[{"href":"https:\/\/www.hediyepazar.com\/index.php?rest_route=%2Fwp%2Fv2%2Fmedia&parent=75432"}],"wp:term":[{"taxonomy":"product_brand","embeddable":true,"href":"https:\/\/www.hediyepazar.com\/index.php?rest_route=%2Fwp%2Fv2%2Fproduct_brand&post=75432"},{"taxonomy":"product_cat","embeddable":true,"href":"https:\/\/www.hediyepazar.com\/index.php?rest_route=%2Fwp%2Fv2%2Fproduct_cat&post=75432"},{"taxonomy":"product_tag","embeddable":true,"href":"https:\/\/www.hediyepazar.com\/index.php?rest_route=%2Fwp%2Fv2%2Fproduct_tag&post=75432"}],"curies":[{"name":"wp","href":"https:\/\/api.w.org\/{rel}","templated":true}]}}