{"id":75434,"date":"2026-04-29T21:30:15","date_gmt":"2026-04-30T00:30:15","guid":{"rendered":"https:\/\/www.hediyepazar.com\/?product=3-adet-dikissiz-tuylu-sicak-tutan-ev-corabi"},"modified":"2026-04-29T21:30:15","modified_gmt":"2026-04-30T00:30:15","slug":"3-adet-dikissiz-tuylu-sicak-tutan-ev-corabi","status":"publish","type":"product","link":"https:\/\/www.hediyepazar.com\/?product=3-adet-dikissiz-tuylu-sicak-tutan-ev-corabi","title":{"rendered":"3 Adet Diki\u015fsiz T\u00fcyl\u00fc S\u0131cak Tutan Ev \u00c7orab\u0131"},"content":{"rendered":"<table style=\"border-collapse:collapse; width:79pt; border:none\" width=\"105\">\n<colgroup>\n<col style=\"width:79pt\" width=\"105\" \/>\n\t<\/colgroup>\n<tbody>\n<tr height=\"20\" style=\"height:15.0pt\">\n<td height=\"20\" style=\"border:none; height:15.0pt; width:79pt; padding-top:1px; padding-right:1px; padding-left:1px; vertical-align:bottom; white-space:nowrap\" width=\"105\"><span style=\"font-size:11pt\"><span style=\"color:black\"><span style=\"font-weight:400\"><span style=\"font-style:normal\"><span style=\"text-decoration:none\"><span style=\"font-family:Calibri,sans-serif\">3 Adet Diki\u015fsiz T&uuml;yl&uuml; S\u0131cak Tutan Ev &Ccedil;orab\u0131<\/p>\n<p>\t\t\tDiki\u015fsiz formu ile aya\u011f\u0131n\u0131z\u0131 rahats\u0131z etmez.<br \/>\n\t\t\t\u0130&ccedil; ve d\u0131\u015f y&uuml;zeyinde bulunan yumu\u015fak t&uuml;yler ile<br \/>\n\t\t\taya\u011f\u0131n\u0131z\u0131 s\u0131cac\u0131k tutarak konforunuzu art\u0131r\u0131r.<br \/>\n\t\t\tAyak &uuml;\u015f&uuml;me problemi ya\u015fayan ki\u015filer i&ccedil;in &uuml;retilmi\u015ftir.<br \/>\n\t\t\tSo\u011fuk k\u0131\u015f g&uuml;nlerinde i&ccedil;inizi \u0131s\u0131tacak bu &ccedil;oraplar t&uuml;yl&uuml; yap\u0131s\u0131 ile<br \/>\n\t\t\tolduk&ccedil;a yumu\u015fak ve rahatt\u0131r.<br \/>\n\t\t\tG&uuml;ndelik ev i&ccedil;inde kullan\u0131ld\u0131\u011f\u0131 gibi uzun yol seyahatlerinizde<br \/>\n\t\t\taya\u011f\u0131n\u0131z\u0131 s\u0131cak tutmaya yard\u0131mc\u0131 olur. &Uuml;r&uuml;n&uuml;m&uuml;z asorti renklerden olu\u015fmaktad\u0131r.<br \/>\n\t\t\tElastik yap\u0131s\u0131 sayesinde 36-40 numara aras\u0131ndaki bedenlere uymaktad\u0131r.<br \/>\n\t\t\tStok durumuna g&ouml;re farkl\u0131 renklerde g&ouml;nderilmektedir.<br \/>\n\t\t\tMakinada y\u0131kanabilir.<br \/>\n\t\t\t&Uuml;r&uuml;n i&ccedil;eri\u011fi %96 Polyester % 4 likra<\/p>\n<p>\t\t\tPaket i&ccedil;eri\u011fi:<br \/>\n\t\t\t3 Adet Diki\u015fsiz T&uuml;yl&uuml; S\u0131cak Tutan Ev &Ccedil;orab\u0131<\/span><\/span><\/span><\/span><\/span><\/span><\/td>\n<\/tr>\n<\/tbody>\n<\/table>\n","protected":false},"excerpt":{"rendered":"<p>3 Adet Diki\u015fsiz T\u00fcyl\u00fc S\u0131cak Tutan Ev \u00c7orab\u0131<\/p>\n","protected":false},"featured_media":75433,"comment_status":"open","ping_status":"closed","template":"","meta":{"_kad_post_transparent":"","_kad_post_title":"","_kad_post_layout":"","_kad_post_sidebar_id":"","_kad_post_content_style":"","_kad_post_vertical_padding":"","_kad_post_feature":"","_kad_post_feature_position":"","_kad_post_header":false,"_kad_post_footer":false,"_kad_post_classname":""},"product_brand":[],"product_cat":[540,538,537],"product_tag":[],"class_list":{"0":"post-75434","1":"product","2":"type-product","3":"status-publish","4":"has-post-thumbnail","6":"product_cat-corap","7":"product_cat-ic-giyim","8":"product_cat-kadin","10":"first","11":"instock","12":"shipping-taxable","13":"purchasable","14":"product-type-simple","15":"entry","16":"content-bg","17":"loop-entry"},"_links":{"self":[{"href":"https:\/\/www.hediyepazar.com\/index.php?rest_route=\/wp\/v2\/product\/75434","targetHints":{"allow":["GET"]}}],"collection":[{"href":"https:\/\/www.hediyepazar.com\/index.php?rest_route=\/wp\/v2\/product"}],"about":[{"href":"https:\/\/www.hediyepazar.com\/index.php?rest_route=\/wp\/v2\/types\/product"}],"replies":[{"embeddable":true,"href":"https:\/\/www.hediyepazar.com\/index.php?rest_route=%2Fwp%2Fv2%2Fcomments&post=75434"}],"wp:featuredmedia":[{"embeddable":true,"href":"https:\/\/www.hediyepazar.com\/index.php?rest_route=\/wp\/v2\/media\/75433"}],"wp:attachment":[{"href":"https:\/\/www.hediyepazar.com\/index.php?rest_route=%2Fwp%2Fv2%2Fmedia&parent=75434"}],"wp:term":[{"taxonomy":"product_brand","embeddable":true,"href":"https:\/\/www.hediyepazar.com\/index.php?rest_route=%2Fwp%2Fv2%2Fproduct_brand&post=75434"},{"taxonomy":"product_cat","embeddable":true,"href":"https:\/\/www.hediyepazar.com\/index.php?rest_route=%2Fwp%2Fv2%2Fproduct_cat&post=75434"},{"taxonomy":"product_tag","embeddable":true,"href":"https:\/\/www.hediyepazar.com\/index.php?rest_route=%2Fwp%2Fv2%2Fproduct_tag&post=75434"}],"curies":[{"name":"wp","href":"https:\/\/api.w.org\/{rel}","templated":true}]}}