{"id":75464,"date":"2026-04-29T21:32:33","date_gmt":"2026-04-30T00:32:33","guid":{"rendered":"https:\/\/www.hediyepazar.com\/?product=10-adet-beli-yazili-pamuk-kadin-tanga-string-kulot"},"modified":"2026-04-29T21:32:33","modified_gmt":"2026-04-30T00:32:33","slug":"10-adet-beli-yazili-pamuk-kadin-tanga-string-kulot","status":"publish","type":"product","link":"https:\/\/www.hediyepazar.com\/?product=10-adet-beli-yazili-pamuk-kadin-tanga-string-kulot","title":{"rendered":"10 Adet Beli Yaz\u0131l\u0131 Pamuk Kad\u0131n Tanga String K\u00fclot"},"content":{"rendered":"<table style=\"border-collapse:collapse; width:79pt; border:none\" width=\"105\">\n<colgroup>\n<col style=\"width:79pt\" width=\"105\" \/>\n\t<\/colgroup>\n<tbody>\n<tr height=\"20\" style=\"height:15.0pt\">\n<td height=\"20\" style=\"border:none; height:15.0pt; width:79pt; padding-top:1px; padding-right:1px; padding-left:1px; vertical-align:bottom; white-space:nowrap\" width=\"105\"><span style=\"font-size:11pt\"><span style=\"color:black\"><span style=\"font-weight:400\"><span style=\"font-style:normal\"><span style=\"text-decoration:none\"><span style=\"font-family:Calibri,sans-serif\">10 Adet Beli Yaz\u0131l\u0131 Pamuk Kad\u0131n Tanga String K&uuml;lot<br \/>\n\t\t\tBeli Yaz\u0131l\u0131 Tanga modeli kad\u0131n string k&uuml;lot kal\u0131n bel lastikleri sayesinde<br \/>\n\t\t\t&uuml;zerinize tam oturarak kayma yapmaz.<br \/>\n\t\t\tRahat bel yap\u0131s\u0131 sayesinde g&uuml;nl&uuml;k hayat kullan\u0131m\u0131na uygundur.<br \/>\n\t\t\tYaz aylar\u0131nda plaj ve havuz ba\u015flar\u0131nda pareo alt\u0131ndan kullan\u0131labilir.<br \/>\n\t\t\tFarkl\u0131 bir tarz olu\u015fturmak isteyen kad\u0131nlar\u0131n ve gen&ccedil;lerin tercihidir.<br \/>\n\t\t\tA\u011f k\u0131sm\u0131ndaki ekstra pamuklu kuma\u015f sayesinde g&uuml;ndelik hayat\u0131n ko\u015fturmas\u0131nda<br \/>\n\t\t\trahats\u0131zl\u0131k hissi vermez ve tahri\u015f etmez.<br \/>\n\t\t\tSa\u011fl\u0131\u011f\u0131n\u0131z i&ccedil;in i&ccedil; giyimde pamuklu &uuml;r&uuml;nleri tercih ediniz.<br \/>\n\t\t\tKad\u0131n i&ccedil; giyimde en &ccedil;ok tercih edilen tanga modellerinin aras\u0131nda yer almaktad\u0131r.<br \/>\n\t\t\tHer rengin bel yaz\u0131s\u0131 farkl\u0131d\u0131r.<br \/>\n\t\t\tBeyaz renkli tanga bel yaz\u0131s\u0131 Boss Girl<br \/>\n\t\t\tMavi renkli tanga bel yaz\u0131s\u0131 Free Girl<br \/>\n\t\t\tSar\u0131 Renkli tanga bel yaz\u0131s\u0131 Power Girl<br \/>\n\t\t\tMor Renkli tanga bel yaz\u0131s\u0131 Bad Girl<br \/>\n\t\t\tPudra Renkli Tanha Bel Yaz\u0131s\u0131 Cute Girl<br \/>\n\t\t\t5 farkl\u0131 renk &uuml;r&uuml;n g&ouml;ndeirlecektir.<br \/>\n\t\t\tRenkler Beyaz, Mavi , Sar\u0131 , Mor , Pudra.<br \/>\n\t\t\t&Uuml;r&uuml;n bile\u015fenleri % 92 Pamuk % 8 Likrad\u0131r.<br \/>\n\t\t\tRoyaleks ailesi olarak g&uuml;zel ve mutlu g&uuml;nlerde kullanman\u0131z\u0131 temenni ederiz.<br \/>\n\t\t\tY\u0131kama tailmatlar\u0131na uyuldu\u011funda deforme olmaz.<br \/>\n\t\t\t40 derecenin alt\u0131nda y\u0131kay\u0131n\u0131z.<\/p>\n<p>\t\t\tPaket i&ccedil;eri\u011fi;<br \/>\n\t\t\t10 Adet Beli Yaz\u0131l\u0131 Pamuk Kad\u0131n Tanga String K&uuml;lot<\/span><\/span><\/span><\/span><\/span><\/span><\/td>\n<\/tr>\n<\/tbody>\n<\/table>\n","protected":false},"excerpt":{"rendered":"<p>10 Adet Beli Yaz\u0131l\u0131 Pamuk Kad\u0131n Tanga String K\u00fclot<\/p>\n","protected":false},"featured_media":75463,"comment_status":"open","ping_status":"closed","template":"","meta":{"_kad_post_transparent":"","_kad_post_title":"","_kad_post_layout":"","_kad_post_sidebar_id":"","_kad_post_content_style":"","_kad_post_vertical_padding":"","_kad_post_feature":"","_kad_post_feature_position":"","_kad_post_header":false,"_kad_post_footer":false,"_kad_post_classname":""},"product_brand":[],"product_cat":[538,537,539],"product_tag":[],"class_list":{"0":"post-75464","1":"product","2":"type-product","3":"status-publish","4":"has-post-thumbnail","6":"product_cat-ic-giyim","7":"product_cat-kadin","8":"product_cat-kulot","10":"first","11":"instock","12":"shipping-taxable","13":"purchasable","14":"product-type-simple","15":"entry","16":"content-bg","17":"loop-entry"},"_links":{"self":[{"href":"https:\/\/www.hediyepazar.com\/index.php?rest_route=\/wp\/v2\/product\/75464","targetHints":{"allow":["GET"]}}],"collection":[{"href":"https:\/\/www.hediyepazar.com\/index.php?rest_route=\/wp\/v2\/product"}],"about":[{"href":"https:\/\/www.hediyepazar.com\/index.php?rest_route=\/wp\/v2\/types\/product"}],"replies":[{"embeddable":true,"href":"https:\/\/www.hediyepazar.com\/index.php?rest_route=%2Fwp%2Fv2%2Fcomments&post=75464"}],"wp:featuredmedia":[{"embeddable":true,"href":"https:\/\/www.hediyepazar.com\/index.php?rest_route=\/wp\/v2\/media\/75463"}],"wp:attachment":[{"href":"https:\/\/www.hediyepazar.com\/index.php?rest_route=%2Fwp%2Fv2%2Fmedia&parent=75464"}],"wp:term":[{"taxonomy":"product_brand","embeddable":true,"href":"https:\/\/www.hediyepazar.com\/index.php?rest_route=%2Fwp%2Fv2%2Fproduct_brand&post=75464"},{"taxonomy":"product_cat","embeddable":true,"href":"https:\/\/www.hediyepazar.com\/index.php?rest_route=%2Fwp%2Fv2%2Fproduct_cat&post=75464"},{"taxonomy":"product_tag","embeddable":true,"href":"https:\/\/www.hediyepazar.com\/index.php?rest_route=%2Fwp%2Fv2%2Fproduct_tag&post=75464"}],"curies":[{"name":"wp","href":"https:\/\/api.w.org\/{rel}","templated":true}]}}