{"id":75471,"date":"2026-04-29T21:33:24","date_gmt":"2026-04-30T00:33:24","guid":{"rendered":"https:\/\/www.hediyepazar.com\/?product=ayak-bakim-seti-topuk-ponza-tasli-5-parca-2"},"modified":"2026-04-29T21:33:24","modified_gmt":"2026-04-30T00:33:24","slug":"ayak-bakim-seti-topuk-ponza-tasli-5-parca-2","status":"publish","type":"product","link":"https:\/\/www.hediyepazar.com\/?product=ayak-bakim-seti-topuk-ponza-tasli-5-parca-2","title":{"rendered":"Ayak Bak\u0131m Seti Topuk Ponza Ta\u015fl\u0131 5 par\u00e7a"},"content":{"rendered":"<p><span style=\"font-size:11pt\"><span style=\"line-height:normal\"><span style=\"font-family:Calibri,sans-serif\"><span style=\"color:black\">Ki\u015fisel ayak bak\u0131m\u0131nda vazge&ccedil;ilmez olan ayak ponza ta\u015f\u0131. <\/span><\/span><\/span><\/span><br \/>\n<span style=\"font-size:11pt\"><span style=\"line-height:normal\"><span style=\"font-family:Calibri,sans-serif\"><span style=\"color:black\">T\u0131rnak bak\u0131m\u0131nda olmazsa olmaz olan t\u0131rnak t&ouml;rp&uuml;s&uuml;, <\/span><\/span><\/span><\/span><br \/>\n<span style=\"font-size:11pt\"><span style=\"line-height:normal\"><span style=\"font-family:Calibri,sans-serif\"><span style=\"color:black\">t\u0131rnak aras\u0131 temizleme &ccedil;ubu\u011fu, parmak aras\u0131 ay\u0131r\u0131c\u0131 ve <\/span><\/span><\/span><\/span><br \/>\n<span style=\"font-size:11pt\"><span style=\"line-height:normal\"><span style=\"font-family:Calibri,sans-serif\"><span style=\"color:black\">T\u0131rnak f\u0131r&ccedil;as\u0131 ile t&uuml;m ayak bak\u0131m\u0131n\u0131z\u0131 bu set ile yapabilirsiniz. <\/span><\/span><\/span><\/span><br \/>\n<span style=\"font-size:11pt\"><span style=\"line-height:normal\"><span style=\"font-family:Calibri,sans-serif\"><span style=\"color:black\">Ponza ta\u015f\u0131 sayesinde topuk nas\u0131rlar\u0131n\u0131zdan kolayca kurtulabilirsiniz.<\/span><\/span><\/span><\/span><\/p>\n","protected":false},"excerpt":{"rendered":"<p>Ayak Bak\u0131m Seti Topuk Ponza Ta\u015fl\u0131 5 par\u00e7a<\/p>\n","protected":false},"featured_media":72377,"comment_status":"open","ping_status":"closed","template":"","meta":{"_kad_post_transparent":"","_kad_post_title":"","_kad_post_layout":"","_kad_post_sidebar_id":"","_kad_post_content_style":"","_kad_post_vertical_padding":"","_kad_post_feature":"","_kad_post_feature_position":"","_kad_post_header":false,"_kad_post_footer":false,"_kad_post_classname":""},"product_brand":[],"product_cat":[566,574,452],"product_tag":[],"class_list":{"0":"post-75471","1":"product","2":"type-product","3":"status-publish","4":"has-post-thumbnail","6":"product_cat-cilt-bakimi","7":"product_cat-el-ayak-bakimi","8":"product_cat-kozmetik","10":"first","11":"instock","12":"shipping-taxable","13":"purchasable","14":"product-type-simple","15":"entry","16":"content-bg","17":"loop-entry"},"_links":{"self":[{"href":"https:\/\/www.hediyepazar.com\/index.php?rest_route=\/wp\/v2\/product\/75471","targetHints":{"allow":["GET"]}}],"collection":[{"href":"https:\/\/www.hediyepazar.com\/index.php?rest_route=\/wp\/v2\/product"}],"about":[{"href":"https:\/\/www.hediyepazar.com\/index.php?rest_route=\/wp\/v2\/types\/product"}],"replies":[{"embeddable":true,"href":"https:\/\/www.hediyepazar.com\/index.php?rest_route=%2Fwp%2Fv2%2Fcomments&post=75471"}],"wp:featuredmedia":[{"embeddable":true,"href":"https:\/\/www.hediyepazar.com\/index.php?rest_route=\/wp\/v2\/media\/72377"}],"wp:attachment":[{"href":"https:\/\/www.hediyepazar.com\/index.php?rest_route=%2Fwp%2Fv2%2Fmedia&parent=75471"}],"wp:term":[{"taxonomy":"product_brand","embeddable":true,"href":"https:\/\/www.hediyepazar.com\/index.php?rest_route=%2Fwp%2Fv2%2Fproduct_brand&post=75471"},{"taxonomy":"product_cat","embeddable":true,"href":"https:\/\/www.hediyepazar.com\/index.php?rest_route=%2Fwp%2Fv2%2Fproduct_cat&post=75471"},{"taxonomy":"product_tag","embeddable":true,"href":"https:\/\/www.hediyepazar.com\/index.php?rest_route=%2Fwp%2Fv2%2Fproduct_tag&post=75471"}],"curies":[{"name":"wp","href":"https:\/\/api.w.org\/{rel}","templated":true}]}}