{"id":75496,"date":"2026-04-29T21:35:09","date_gmt":"2026-04-30T00:35:09","guid":{"rendered":"https:\/\/www.hediyepazar.com\/?product=3-adet-kas-sekillendirici-ustura"},"modified":"2026-04-29T21:35:09","modified_gmt":"2026-04-30T00:35:09","slug":"3-adet-kas-sekillendirici-ustura","status":"publish","type":"product","link":"https:\/\/www.hediyepazar.com\/?product=3-adet-kas-sekillendirici-ustura","title":{"rendered":"3 Adet Ka\u015f \u015eekillendirici Ustura"},"content":{"rendered":"<table style=\"border-collapse:collapse; width:65pt; border:none\" width=\"86\">\n<colgroup>\n<col style=\"width:65pt\" width=\"86\" \/>\n\t<\/colgroup>\n<tbody>\n<tr height=\"20\" style=\"height:15.0pt\">\n<td height=\"20\" style=\"border:none; height:15.0pt; width:65pt; padding-top:1px; padding-right:1px; padding-left:1px; vertical-align:bottom; white-space:nowrap\" width=\"86\"><span style=\"font-size:11pt\"><span style=\"color:black\"><span style=\"font-weight:400\"><span style=\"font-style:normal\"><span style=\"text-decoration:none\"><span style=\"font-family:Calibri,sans-serif\">3 Adet Ka\u015f \u015eekillendirici Ustura<br \/>\n\t\t\tKa\u015f Jileti hassas bileme ve \u015fekillendirme i&ccedil;in idealdir.<br \/>\n\t\t\tKa\u015f usturas\u0131 olarak d&uuml;zeltmede kullan\u0131ld\u0131\u011f\u0131 gibi faul gibi ince t&uuml;ylerin al\u0131nmas\u0131nda da kullan\u0131l\u0131r.<br \/>\n\t\t\tHas\u0131r paslanmaz &ccedil;elik b\u0131&ccedil;ak, g&uuml;zel ve g&uuml;&ccedil;l&uuml; sap tasar\u0131m\u0131<br \/>\n\t\t\ttatmin edici &ccedil;al\u0131\u015fma sonu&ccedil;lar\u0131 elde etmenizi sa\u011flayacakt\u0131r.<br \/>\n\t\t\t&Uuml;r&uuml;n kompakt ve zarif bir ambalajdad\u0131r.<br \/>\n\t\t\tTa\u015f\u0131mas\u0131 kolayd\u0131r evde veya hareket halindeyken her zaman her yerde kullan\u0131labilir.<br \/>\n\t\t\tSadece kad\u0131nlar taraf\u0131ndan de\u011fil erkekler taraf\u0131ndan da kullan\u0131labilir.<br \/>\n\t\t\tKa\u015flar\u0131 modaya uygun hale getirir ve m&uuml;kemmel ka\u015flar olu\u015fturur.<\/span><\/span><\/span><\/span><\/span><\/span><\/td>\n<\/tr>\n<\/tbody>\n<\/table>\n","protected":false},"excerpt":{"rendered":"<p>3 Adet Ka\u015f \u015eekillendirici Ustura<\/p>\n","protected":false},"featured_media":75495,"comment_status":"open","ping_status":"closed","template":"","meta":{"_kad_post_transparent":"","_kad_post_title":"","_kad_post_layout":"","_kad_post_sidebar_id":"","_kad_post_content_style":"","_kad_post_vertical_padding":"","_kad_post_feature":"","_kad_post_feature_position":"","_kad_post_header":false,"_kad_post_footer":false,"_kad_post_classname":""},"product_brand":[],"product_cat":[578,579,452],"product_tag":[],"class_list":{"0":"post-75496","1":"product","2":"type-product","3":"status-publish","4":"has-post-thumbnail","6":"product_cat-epilasyon-tiras","7":"product_cat-kas-makasi","8":"product_cat-kozmetik","10":"first","11":"instock","12":"shipping-taxable","13":"purchasable","14":"product-type-simple","15":"entry","16":"content-bg","17":"loop-entry"},"_links":{"self":[{"href":"https:\/\/www.hediyepazar.com\/index.php?rest_route=\/wp\/v2\/product\/75496","targetHints":{"allow":["GET"]}}],"collection":[{"href":"https:\/\/www.hediyepazar.com\/index.php?rest_route=\/wp\/v2\/product"}],"about":[{"href":"https:\/\/www.hediyepazar.com\/index.php?rest_route=\/wp\/v2\/types\/product"}],"replies":[{"embeddable":true,"href":"https:\/\/www.hediyepazar.com\/index.php?rest_route=%2Fwp%2Fv2%2Fcomments&post=75496"}],"wp:featuredmedia":[{"embeddable":true,"href":"https:\/\/www.hediyepazar.com\/index.php?rest_route=\/wp\/v2\/media\/75495"}],"wp:attachment":[{"href":"https:\/\/www.hediyepazar.com\/index.php?rest_route=%2Fwp%2Fv2%2Fmedia&parent=75496"}],"wp:term":[{"taxonomy":"product_brand","embeddable":true,"href":"https:\/\/www.hediyepazar.com\/index.php?rest_route=%2Fwp%2Fv2%2Fproduct_brand&post=75496"},{"taxonomy":"product_cat","embeddable":true,"href":"https:\/\/www.hediyepazar.com\/index.php?rest_route=%2Fwp%2Fv2%2Fproduct_cat&post=75496"},{"taxonomy":"product_tag","embeddable":true,"href":"https:\/\/www.hediyepazar.com\/index.php?rest_route=%2Fwp%2Fv2%2Fproduct_tag&post=75496"}],"curies":[{"name":"wp","href":"https:\/\/api.w.org\/{rel}","templated":true}]}}