{"id":75500,"date":"2026-04-29T21:35:30","date_gmt":"2026-04-30T00:35:30","guid":{"rendered":"https:\/\/www.hediyepazar.com\/?product=kareli-sacakli-mavi-masa-piknik-sofra-ortusu-165x170-cm"},"modified":"2026-04-29T21:35:30","modified_gmt":"2026-04-30T00:35:30","slug":"kareli-sacakli-mavi-masa-piknik-sofra-ortusu-165x170-cm","status":"publish","type":"product","link":"https:\/\/www.hediyepazar.com\/?product=kareli-sacakli-mavi-masa-piknik-sofra-ortusu-165x170-cm","title":{"rendered":"Kareli Sa\u00e7akl\u0131 Mavi Masa\/piknik\/sofra \u00d6rt\u00fcs\u00fc 165&#215;170 Cm"},"content":{"rendered":"<table style=\"border-collapse:collapse; width:65pt; border:none\" width=\"86\">\n<colgroup>\n<col style=\"width:65pt\" width=\"86\" \/>\n\t<\/colgroup>\n<tbody>\n<tr height=\"20\" style=\"height:15.0pt\">\n<td height=\"20\" style=\"border:none; height:15.0pt; width:65pt; padding-top:1px; padding-right:1px; padding-left:1px; vertical-align:bottom; white-space:nowrap\" width=\"86\"><span style=\"font-size:11pt\"><span style=\"color:black\"><span style=\"font-weight:400\"><span style=\"font-style:normal\"><span style=\"text-decoration:none\"><span style=\"font-family:Calibri,sans-serif\">Kareli Sa&ccedil;akl\u0131 Mavi Masa\/piknik\/sofra &Ouml;rt&uuml;s&uuml; 165&#215;170 Cm<br \/>\n\t\t\t%100 Pamuk Masa &ouml;rt&uuml;lerimiz G&uuml;nl&uuml;k Kullan\u0131ma Uygundur.<br \/>\n\t\t\tKahvalt\u0131 Sofralar\u0131n\u0131z, Piknikleriniz ve Bah&ccedil;e kullan\u0131m\u0131n\u0131z i&ccedil;in vazge&ccedil;ilmez bir &uuml;r&uuml;nd&uuml;r<br \/>\n\t\t\tDesen: Kareli (Dama)<br \/>\n\t\t\t&Ouml;l&ccedil;&uuml; 165&#215;170 Cm<br \/>\n\t\t\t%100 Pamuktur<br \/>\n\t\t\tKullan\u0131m Alanlar\u0131 Piknik, Mutfak, Bah&ccedil;e, Dekoratif<br \/>\n\t\t\t\u0130pli\u011fi Boyal\u0131d\u0131r<br \/>\n\t\t\t2 Kenar\u0131 Diki\u015flidir<br \/>\n\t\t\tY\u0131kama Talimat\u0131 Max 40 derecede colormatik deterjan ile y\u0131kay\u0131n\u0131z<br \/>\n\t\t\tPaket I&ccedil;eri\u011fi 1 Adet Masa &Ouml;rt&uuml;s&uuml;<\/span><\/span><\/span><\/span><\/span><\/span><\/td>\n<\/tr>\n<\/tbody>\n<\/table>\n","protected":false},"excerpt":{"rendered":"<p>Kareli Sa\u00e7akl\u0131 Mavi Masa\/piknik\/sofra \u00d6rt\u00fcs\u00fc 165&#215;170 Cm<\/p>\n","protected":false},"featured_media":75499,"comment_status":"open","ping_status":"closed","template":"","meta":{"_kad_post_transparent":"","_kad_post_title":"","_kad_post_layout":"","_kad_post_sidebar_id":"","_kad_post_content_style":"","_kad_post_vertical_padding":"","_kad_post_feature":"","_kad_post_feature_position":"","_kad_post_header":false,"_kad_post_footer":false,"_kad_post_classname":""},"product_brand":[],"product_cat":[557,580,581],"product_tag":[],"class_list":{"0":"post-75500","1":"product","2":"type-product","3":"status-publish","4":"has-post-thumbnail","6":"product_cat-ev-yasam","7":"product_cat-ev-tekstili-2","8":"product_cat-salon-tekstili","10":"first","11":"instock","12":"shipping-taxable","13":"purchasable","14":"product-type-simple","15":"entry","16":"content-bg","17":"loop-entry"},"_links":{"self":[{"href":"https:\/\/www.hediyepazar.com\/index.php?rest_route=\/wp\/v2\/product\/75500","targetHints":{"allow":["GET"]}}],"collection":[{"href":"https:\/\/www.hediyepazar.com\/index.php?rest_route=\/wp\/v2\/product"}],"about":[{"href":"https:\/\/www.hediyepazar.com\/index.php?rest_route=\/wp\/v2\/types\/product"}],"replies":[{"embeddable":true,"href":"https:\/\/www.hediyepazar.com\/index.php?rest_route=%2Fwp%2Fv2%2Fcomments&post=75500"}],"wp:featuredmedia":[{"embeddable":true,"href":"https:\/\/www.hediyepazar.com\/index.php?rest_route=\/wp\/v2\/media\/75499"}],"wp:attachment":[{"href":"https:\/\/www.hediyepazar.com\/index.php?rest_route=%2Fwp%2Fv2%2Fmedia&parent=75500"}],"wp:term":[{"taxonomy":"product_brand","embeddable":true,"href":"https:\/\/www.hediyepazar.com\/index.php?rest_route=%2Fwp%2Fv2%2Fproduct_brand&post=75500"},{"taxonomy":"product_cat","embeddable":true,"href":"https:\/\/www.hediyepazar.com\/index.php?rest_route=%2Fwp%2Fv2%2Fproduct_cat&post=75500"},{"taxonomy":"product_tag","embeddable":true,"href":"https:\/\/www.hediyepazar.com\/index.php?rest_route=%2Fwp%2Fv2%2Fproduct_tag&post=75500"}],"curies":[{"name":"wp","href":"https:\/\/api.w.org\/{rel}","templated":true}]}}