{"id":75518,"date":"2026-04-29T21:36:54","date_gmt":"2026-04-30T00:36:54","guid":{"rendered":"https:\/\/www.hediyepazar.com\/?product=limon-kolonyasi-sprey-ev-ofis-pratik-kullanim-100ml"},"modified":"2026-04-29T21:36:54","modified_gmt":"2026-04-30T00:36:54","slug":"limon-kolonyasi-sprey-ev-ofis-pratik-kullanim-100ml","status":"publish","type":"product","link":"https:\/\/www.hediyepazar.com\/?product=limon-kolonyasi-sprey-ev-ofis-pratik-kullanim-100ml","title":{"rendered":"Limon Kolonyas\u0131 Sprey Ev Ofis Pratik Kullan\u0131m 100ml"},"content":{"rendered":"<table style=\"border-collapse:collapse; width:65pt; border:none\" width=\"86\">\n<colgroup>\n<col style=\"width:65pt\" width=\"86\" \/>\n\t<\/colgroup>\n<tbody>\n<tr height=\"20\" style=\"height:15.0pt\">\n<td height=\"20\" style=\"border:none; height:15.0pt; width:65pt; padding-top:1px; padding-right:1px; padding-left:1px; vertical-align:bottom; white-space:nowrap\" width=\"86\"><span style=\"font-size:11pt\"><span style=\"color:black\"><span style=\"font-weight:400\"><span style=\"font-style:normal\"><span style=\"text-decoration:none\"><span style=\"font-family:Calibri,sans-serif\">Cire Aseptine Limon Kolonyas\u0131&nbsp; Ev Ofis Pratik Kullan\u0131m Sprey 100ml<br \/>\n\t\t\tLimon ferahl\u0131\u011f\u0131 ile hijyen ellerinizde.<br \/>\n\t\t\tCire Aseptine limon kolonyas\u0131 limon &ccedil;i&ccedil;eklerinin ferahl\u0131\u011f\u0131n\u0131 sunarken<br \/>\n\t\t\t80 &deg; alkol i&ccedil;eri\u011fi sayesinde vir&uuml;s ve bakterilere kar\u015f\u0131 korumaya yard\u0131mc\u0131d\u0131r.<br \/>\n\t\t\t&Uuml;r&uuml;n %100 orijinaldir.<\/span><\/span><\/span><\/span><\/span><\/span><\/td>\n<\/tr>\n<\/tbody>\n<\/table>\n","protected":false},"excerpt":{"rendered":"<p>Limon Kolonyas\u0131  Ev Ofis Pratik Kullan\u0131m Sprey 100ml<\/p>\n","protected":false},"featured_media":75517,"comment_status":"open","ping_status":"closed","template":"","meta":{"_kad_post_transparent":"","_kad_post_title":"","_kad_post_layout":"","_kad_post_sidebar_id":"","_kad_post_content_style":"","_kad_post_vertical_padding":"","_kad_post_feature":"","_kad_post_feature_position":"","_kad_post_header":false,"_kad_post_footer":false,"_kad_post_classname":""},"product_brand":[],"product_cat":[585,452,584],"product_tag":[],"class_list":{"0":"post-75518","1":"product","2":"type-product","3":"status-publish","4":"has-post-thumbnail","6":"product_cat-kolonya","7":"product_cat-kozmetik","8":"product_cat-parfum-deodorant","10":"first","11":"instock","12":"shipping-taxable","13":"purchasable","14":"product-type-simple","15":"entry","16":"content-bg","17":"loop-entry"},"_links":{"self":[{"href":"https:\/\/www.hediyepazar.com\/index.php?rest_route=\/wp\/v2\/product\/75518","targetHints":{"allow":["GET"]}}],"collection":[{"href":"https:\/\/www.hediyepazar.com\/index.php?rest_route=\/wp\/v2\/product"}],"about":[{"href":"https:\/\/www.hediyepazar.com\/index.php?rest_route=\/wp\/v2\/types\/product"}],"replies":[{"embeddable":true,"href":"https:\/\/www.hediyepazar.com\/index.php?rest_route=%2Fwp%2Fv2%2Fcomments&post=75518"}],"wp:featuredmedia":[{"embeddable":true,"href":"https:\/\/www.hediyepazar.com\/index.php?rest_route=\/wp\/v2\/media\/75517"}],"wp:attachment":[{"href":"https:\/\/www.hediyepazar.com\/index.php?rest_route=%2Fwp%2Fv2%2Fmedia&parent=75518"}],"wp:term":[{"taxonomy":"product_brand","embeddable":true,"href":"https:\/\/www.hediyepazar.com\/index.php?rest_route=%2Fwp%2Fv2%2Fproduct_brand&post=75518"},{"taxonomy":"product_cat","embeddable":true,"href":"https:\/\/www.hediyepazar.com\/index.php?rest_route=%2Fwp%2Fv2%2Fproduct_cat&post=75518"},{"taxonomy":"product_tag","embeddable":true,"href":"https:\/\/www.hediyepazar.com\/index.php?rest_route=%2Fwp%2Fv2%2Fproduct_tag&post=75518"}],"curies":[{"name":"wp","href":"https:\/\/api.w.org\/{rel}","templated":true}]}}