{"id":75596,"date":"2026-04-29T21:39:52","date_gmt":"2026-04-30T00:39:52","guid":{"rendered":"https:\/\/www.hediyepazar.com\/?product=yesil-kil-ogutulmus-dogal-saf-naturel-250-gr"},"modified":"2026-04-29T21:39:52","modified_gmt":"2026-04-30T00:39:52","slug":"yesil-kil-ogutulmus-dogal-saf-naturel-250-gr","status":"publish","type":"product","link":"https:\/\/www.hediyepazar.com\/?product=yesil-kil-ogutulmus-dogal-saf-naturel-250-gr","title":{"rendered":"Ye\u015fil Kil \u00d6\u011f\u00fct\u00fclm\u00fc\u015f Do\u011fal Saf Naturel 250 gr"},"content":{"rendered":"<table style=\"border-collapse:collapse; width:65pt; border:none\" width=\"86\">\n<colgroup>\n<col style=\"width:65pt\" width=\"86\" \/>\n\t<\/colgroup>\n<tbody>\n<tr height=\"20\" style=\"height:15.0pt\">\n<td class=\"xl65\" height=\"20\" style=\"border:none; height:15.0pt; width:65pt; white-space:nowrap; padding-top:1px; padding-right:1px; padding-left:1px; vertical-align:bottom\" width=\"86\"><span style=\"font-size:11pt\"><span style=\"color:black\"><span style=\"font-weight:400\"><span style=\"font-style:normal\"><span style=\"text-decoration:none\"><span style=\"font-family:Calibri,sans-serif\">Ye\u015fil kil &ouml;\u011f&uuml;t&uuml;lm&uuml;\u015f do\u011fal saf naturel 250 gr.&nbsp;<br \/>\n\t\t\tKullan\u0131m\u0131: Ye\u015fil kil kullan\u0131l\u0131\u015f\u0131&nbsp;yeteri kadar kili g&uuml;l suyuyla krem k\u0131vam\u0131na getirin,<br \/>\n\t\t\ttemiz cildinize uygulay\u0131n. 10-15 dk. Bekletip so\u011fuk suyla y\u0131kay\u0131n.&nbsp;<br \/>\n\t\t\tyan etkileri: Ye\u015fil kil &uuml;r&uuml;n&uuml;n&uuml;n bilinen yan etkisi bulunmamaktad\u0131r.<br \/>\n\t\t\tye\u015fil kil 250gr &uuml;r&uuml;n&uuml; bitkisel &uuml;r&uuml;nd&uuml;r, kesinlikle ila&ccedil; de\u011fildir.<br \/>\n\t\t\tmuhafaza ve uyar\u0131: ye\u015fil kil &uuml;r&uuml;n&uuml; &uuml;zerindeki saklama \u015fartlar\u0131na uyarak<br \/>\n\t\t\tserin kuru rutubetsiz ortamda direkt g&uuml;ne\u015f \u0131\u015f\u0131\u011f\u0131ndan ve &ccedil;ocuklar\u0131n ula\u015famayaca\u011f\u0131 yerde saklay\u0131n\u0131z.<\/span><\/span><\/span><\/span><\/span><\/span><\/td>\n<\/tr>\n<\/tbody>\n<\/table>\n","protected":false},"excerpt":{"rendered":"<p>Ye\u015fil Kil \u00d6\u011f\u00fct\u00fclm\u00fc\u015f Do\u011fal Saf Naturel 250 gr<\/p>\n","protected":false},"featured_media":75595,"comment_status":"open","ping_status":"closed","template":"","meta":{"_kad_post_transparent":"","_kad_post_title":"","_kad_post_layout":"","_kad_post_sidebar_id":"","_kad_post_content_style":"","_kad_post_vertical_padding":"","_kad_post_feature":"","_kad_post_feature_position":"","_kad_post_header":false,"_kad_post_footer":false,"_kad_post_classname":""},"product_brand":[],"product_cat":[566,452,577],"product_tag":[],"class_list":{"0":"post-75596","1":"product","2":"type-product","3":"status-publish","4":"has-post-thumbnail","6":"product_cat-cilt-bakimi","7":"product_cat-kozmetik","8":"product_cat-yuz-bakim","10":"first","11":"instock","12":"shipping-taxable","13":"purchasable","14":"product-type-simple","15":"entry","16":"content-bg","17":"loop-entry"},"_links":{"self":[{"href":"https:\/\/www.hediyepazar.com\/index.php?rest_route=\/wp\/v2\/product\/75596","targetHints":{"allow":["GET"]}}],"collection":[{"href":"https:\/\/www.hediyepazar.com\/index.php?rest_route=\/wp\/v2\/product"}],"about":[{"href":"https:\/\/www.hediyepazar.com\/index.php?rest_route=\/wp\/v2\/types\/product"}],"replies":[{"embeddable":true,"href":"https:\/\/www.hediyepazar.com\/index.php?rest_route=%2Fwp%2Fv2%2Fcomments&post=75596"}],"wp:featuredmedia":[{"embeddable":true,"href":"https:\/\/www.hediyepazar.com\/index.php?rest_route=\/wp\/v2\/media\/75595"}],"wp:attachment":[{"href":"https:\/\/www.hediyepazar.com\/index.php?rest_route=%2Fwp%2Fv2%2Fmedia&parent=75596"}],"wp:term":[{"taxonomy":"product_brand","embeddable":true,"href":"https:\/\/www.hediyepazar.com\/index.php?rest_route=%2Fwp%2Fv2%2Fproduct_brand&post=75596"},{"taxonomy":"product_cat","embeddable":true,"href":"https:\/\/www.hediyepazar.com\/index.php?rest_route=%2Fwp%2Fv2%2Fproduct_cat&post=75596"},{"taxonomy":"product_tag","embeddable":true,"href":"https:\/\/www.hediyepazar.com\/index.php?rest_route=%2Fwp%2Fv2%2Fproduct_tag&post=75596"}],"curies":[{"name":"wp","href":"https:\/\/api.w.org\/{rel}","templated":true}]}}