{"id":75598,"date":"2026-04-29T21:39:56","date_gmt":"2026-04-30T00:39:56","guid":{"rendered":"https:\/\/www.hediyepazar.com\/?product=lifli-balli-essek-sutlu-el-yapimi-sabun-120-gr"},"modified":"2026-04-29T21:39:56","modified_gmt":"2026-04-30T00:39:56","slug":"lifli-balli-essek-sutlu-el-yapimi-sabun-120-gr","status":"publish","type":"product","link":"https:\/\/www.hediyepazar.com\/?product=lifli-balli-essek-sutlu-el-yapimi-sabun-120-gr","title":{"rendered":"Lifli Ball\u0131 E\u015f\u015fek S\u00fctl\u00fc El Yap\u0131m\u0131 Sabun 120 Gr"},"content":{"rendered":"<p>Lifli Ball\u0131 E\u015f\u015fek S&uuml;tl&uuml; El Yap\u0131m\u0131 Sabun 120 Gr<\/p>\n<table style=\"border-collapse:collapse; width:65pt; border:none\" width=\"86\">\n<colgroup>\n<col style=\"width:65pt\" width=\"86\" \/>\n\t<\/colgroup>\n<tbody>\n<tr height=\"20\" style=\"height:15.0pt\">\n<td class=\"xl65\" height=\"20\" style=\"border:none; height:15.0pt; width:65pt; white-space:nowrap; padding-top:1px; padding-right:1px; padding-left:1px; vertical-align:bottom\" width=\"86\"><span style=\"font-size:11pt\"><span style=\"color:black\"><span style=\"font-weight:400\"><span style=\"font-style:normal\"><span style=\"text-decoration:none\"><span style=\"font-family:Calibri,sans-serif\">Kabak lifini s\u0131cak suda iyice yumu\u015fat\u0131p dairesel hareketlerle v&uuml;cudunuza masaj yaparak uygulay\u0131n\u0131z.<br \/>\n\t\t\tPeeling etkisi ile &ouml;l&uuml; deriyi atar kan dola\u015f\u0131m\u0131n\u0131 h\u0131zland\u0131rarak<br \/>\n\t\t\tsel&uuml;lit olu\u015fumunu engellemeye yard\u0131mc\u0131 olur.<br \/>\n\t\t\tD&uuml;zenli kullan\u0131mda akne olu\u015fumuna ve siyah noktaya kar\u015f\u0131 faydal\u0131 olmakla birlikte<br \/>\n\t\t\tg&ouml;zeneklerin a&ccedil;\u0131lmas\u0131na ve cildinizin nefes almas\u0131na da yard\u0131mc\u0131 olur.<br \/>\n\t\t\tI&ccedil;eri\u011finde bulunan do\u011fal meyve gliserini cilt &uuml;zerinde &ccedil;ok etkili bir nemlendiricidir.<br \/>\n\t\t\tCildinizi kurutmaz. Cilt bak\u0131m\u0131n\u0131za katk\u0131da bulunur.<br \/>\n\t\t\tSivilce lekeleri, bat\u0131klar ve cilt problemleri i&ccedil;in do\u011fal bir &ccedil;&ouml;z&uuml;md&uuml;r.<br \/>\n\t\t\tHassas ciltler &ouml;zellikle dikkatli kullanmal\u0131d\u0131r.<br \/>\n\t\t\tKullan\u0131mdan sonra sabunun lif taraf\u0131 alta gelecek \u015fekilde<br \/>\n\t\t\tkuru bir yerde muhafaza etmenizi tavsiye ederiz<\/span><\/span><\/span><\/span><\/span><\/span><\/td>\n<\/tr>\n<\/tbody>\n<\/table>\n","protected":false},"excerpt":{"rendered":"<p>Lifli Ball\u0131 E\u015f\u015fek S\u00fctl\u00fc El Yap\u0131m\u0131 Sabun 120 Gr<\/p>\n","protected":false},"featured_media":75597,"comment_status":"open","ping_status":"closed","template":"","meta":{"_kad_post_transparent":"","_kad_post_title":"","_kad_post_layout":"","_kad_post_sidebar_id":"","_kad_post_content_style":"","_kad_post_vertical_padding":"","_kad_post_feature":"","_kad_post_feature_position":"","_kad_post_header":false,"_kad_post_footer":false,"_kad_post_classname":""},"product_brand":[],"product_cat":[582,566,452],"product_tag":[],"class_list":{"0":"post-75598","1":"product","2":"type-product","3":"status-publish","4":"has-post-thumbnail","6":"product_cat-banyo-dus-urunleri","7":"product_cat-cilt-bakimi","8":"product_cat-kozmetik","10":"first","11":"instock","12":"shipping-taxable","13":"purchasable","14":"product-type-simple","15":"entry","16":"content-bg","17":"loop-entry"},"_links":{"self":[{"href":"https:\/\/www.hediyepazar.com\/index.php?rest_route=\/wp\/v2\/product\/75598","targetHints":{"allow":["GET"]}}],"collection":[{"href":"https:\/\/www.hediyepazar.com\/index.php?rest_route=\/wp\/v2\/product"}],"about":[{"href":"https:\/\/www.hediyepazar.com\/index.php?rest_route=\/wp\/v2\/types\/product"}],"replies":[{"embeddable":true,"href":"https:\/\/www.hediyepazar.com\/index.php?rest_route=%2Fwp%2Fv2%2Fcomments&post=75598"}],"wp:featuredmedia":[{"embeddable":true,"href":"https:\/\/www.hediyepazar.com\/index.php?rest_route=\/wp\/v2\/media\/75597"}],"wp:attachment":[{"href":"https:\/\/www.hediyepazar.com\/index.php?rest_route=%2Fwp%2Fv2%2Fmedia&parent=75598"}],"wp:term":[{"taxonomy":"product_brand","embeddable":true,"href":"https:\/\/www.hediyepazar.com\/index.php?rest_route=%2Fwp%2Fv2%2Fproduct_brand&post=75598"},{"taxonomy":"product_cat","embeddable":true,"href":"https:\/\/www.hediyepazar.com\/index.php?rest_route=%2Fwp%2Fv2%2Fproduct_cat&post=75598"},{"taxonomy":"product_tag","embeddable":true,"href":"https:\/\/www.hediyepazar.com\/index.php?rest_route=%2Fwp%2Fv2%2Fproduct_tag&post=75598"}],"curies":[{"name":"wp","href":"https:\/\/api.w.org\/{rel}","templated":true}]}}