{"id":75640,"date":"2026-04-29T21:41:41","date_gmt":"2026-04-30T00:41:41","guid":{"rendered":"https:\/\/www.hediyepazar.com\/?product=akgunluk-sakizi-organik-gunluk-agaci-ozu-120-gr"},"modified":"2026-04-29T21:41:41","modified_gmt":"2026-04-30T00:41:41","slug":"akgunluk-sakizi-organik-gunluk-agaci-ozu-120-gr","status":"publish","type":"product","link":"https:\/\/www.hediyepazar.com\/?product=akgunluk-sakizi-organik-gunluk-agaci-ozu-120-gr","title":{"rendered":"Akg\u00fcnl\u00fck Sak\u0131z\u0131 Organik G\u00fcnl\u00fck A\u011fac\u0131 \u00d6z\u00fc 120 GR"},"content":{"rendered":"<p><strong>G&uuml;nl&uuml;k re&ccedil;ines<\/strong>i ya da&nbsp;<strong>g&uuml;nl&uuml;k sak\u0131z\u0131<\/strong>&nbsp;y&uuml;zy\u0131llard\u0131r kullan\u0131lan<br \/>\n&nbsp;enerji ve frekans artt\u0131r\u0131c\u0131 &ouml;zellikleriyle nadir ve &ccedil;ok k\u0131ymetli bir re&ccedil;inelidir.<br \/>\nRahatlat\u0131c\u0131 &ouml;zelli\u011fi oldu\u011fu da s&ouml;ylenir.<br \/>\nG&uuml;nl&uuml;k sak\u0131z\u0131; &ccedil;i\u011fnenerek, d&ouml;v&uuml;ld&uuml;kten sonra yutularak veya yak\u0131l\u0131p duman\u0131 solunarak kullan\u0131l\u0131r.<br \/>\nG&uuml;nl&uuml;k Sak\u0131z\u0131 \/ Ak G&uuml;nl&uuml;k \/ S\u0131\u011fla A\u011fac\u0131 Sak\u0131z\u0131 \/ Buhur 120 Gram olarak g&ouml;nderilmektedir.<br \/>\nTat ve koku kayb\u0131na olumlu etkileri bulunan bu akg&uuml;nl&uuml;k sak\u0131z\u0131 do\u011fal ve i\u015flem g&ouml;rmeden kurutulmaktad\u0131r.<\/p>\n","protected":false},"excerpt":{"rendered":"<p>Akg\u00fcnl\u00fck Sak\u0131z\u0131 Organik G\u00fcnl\u00fck A\u011fac\u0131 \u00d6z\u00fc 120 GR<\/p>\n","protected":false},"featured_media":75639,"comment_status":"open","ping_status":"closed","template":"","meta":{"_kad_post_transparent":"","_kad_post_title":"","_kad_post_layout":"","_kad_post_sidebar_id":"","_kad_post_content_style":"","_kad_post_vertical_padding":"","_kad_post_feature":"","_kad_post_feature_position":"","_kad_post_header":false,"_kad_post_footer":false,"_kad_post_classname":""},"product_brand":[],"product_cat":[589,590,570],"product_tag":[],"class_list":{"0":"post-75640","1":"product","2":"type-product","3":"status-publish","4":"has-post-thumbnail","6":"product_cat-gida-ve-icecek","7":"product_cat-ozel-gida-urunu","8":"product_cat-supermarket","10":"first","11":"instock","12":"shipping-taxable","13":"purchasable","14":"product-type-simple","15":"entry","16":"content-bg","17":"loop-entry"},"_links":{"self":[{"href":"https:\/\/www.hediyepazar.com\/index.php?rest_route=\/wp\/v2\/product\/75640","targetHints":{"allow":["GET"]}}],"collection":[{"href":"https:\/\/www.hediyepazar.com\/index.php?rest_route=\/wp\/v2\/product"}],"about":[{"href":"https:\/\/www.hediyepazar.com\/index.php?rest_route=\/wp\/v2\/types\/product"}],"replies":[{"embeddable":true,"href":"https:\/\/www.hediyepazar.com\/index.php?rest_route=%2Fwp%2Fv2%2Fcomments&post=75640"}],"wp:featuredmedia":[{"embeddable":true,"href":"https:\/\/www.hediyepazar.com\/index.php?rest_route=\/wp\/v2\/media\/75639"}],"wp:attachment":[{"href":"https:\/\/www.hediyepazar.com\/index.php?rest_route=%2Fwp%2Fv2%2Fmedia&parent=75640"}],"wp:term":[{"taxonomy":"product_brand","embeddable":true,"href":"https:\/\/www.hediyepazar.com\/index.php?rest_route=%2Fwp%2Fv2%2Fproduct_brand&post=75640"},{"taxonomy":"product_cat","embeddable":true,"href":"https:\/\/www.hediyepazar.com\/index.php?rest_route=%2Fwp%2Fv2%2Fproduct_cat&post=75640"},{"taxonomy":"product_tag","embeddable":true,"href":"https:\/\/www.hediyepazar.com\/index.php?rest_route=%2Fwp%2Fv2%2Fproduct_tag&post=75640"}],"curies":[{"name":"wp","href":"https:\/\/api.w.org\/{rel}","templated":true}]}}