{"id":75668,"date":"2026-04-29T21:42:34","date_gmt":"2026-04-30T00:42:34","guid":{"rendered":"https:\/\/www.hediyepazar.com\/?product=2-tup-krem-sac-boyasi-seti-amazon-kizili-no55-46"},"modified":"2026-04-29T21:42:34","modified_gmt":"2026-04-30T00:42:34","slug":"2-tup-krem-sac-boyasi-seti-amazon-kizili-no55-46","status":"publish","type":"product","link":"https:\/\/www.hediyepazar.com\/?product=2-tup-krem-sac-boyasi-seti-amazon-kizili-no55-46","title":{"rendered":"2 T\u00fcp Krem Sa\u00e7 Boyas\u0131 Seti Amazon K\u0131z\u0131l\u0131 No:55.46"},"content":{"rendered":"<table style=\"border-collapse:collapse; width:65pt; border:none\" width=\"86\">\n<colgroup>\n<col style=\"width:65pt\" width=\"86\" \/>\n\t<\/colgroup>\n<tbody>\n<tr height=\"20\" style=\"height:15.0pt\">\n<td height=\"20\" style=\"border:none; height:15.0pt; width:65pt; padding-top:1px; padding-right:1px; padding-left:1px; vertical-align:bottom; white-space:nowrap\" width=\"86\"><span style=\"font-size:11pt\"><span style=\"color:black\"><span style=\"font-weight:400\"><span style=\"font-style:normal\"><span style=\"text-decoration:none\"><span style=\"font-family:Calibri,sans-serif\">Sea Color 2 t&uuml;p Krem Sa&ccedil; Boyas\u0131 Seti Amazon K\u0131z\u0131l\u0131 No:55.46<br \/>\n\t\t\tZeytinya\u011fl\u0131 &ouml;zel form&uuml;l&uuml; ile sa&ccedil;lar\u0131n\u0131z\u0131 boyarken \u0131\u015f\u0131ldayan sa&ccedil;lar elde edebilirsiniz.<br \/>\n\t\t\tCanland\u0131r\u0131c\u0131 ve sa&ccedil; besleyici &ouml;zelli\u011fe sahiptir.<br \/>\n\t\t\tZengin renk se&ccedil;ene\u011fine sahip sea color t&uuml;p krem boya kal\u0131c\u0131, parlak ve<br \/>\n\t\t\t\u0131\u015f\u0131lt\u0131t\u0131l\u0131 sa&ccedil; boyas\u0131 isteyenler i&ccedil;in idealdir.<br \/>\n\t\t\tM&uuml;kemmel beyaz kapama sayesinde dip boyalar\u0131n\u0131zda ve t&uuml;m boyamalarda g&ouml;n&uuml;l rahatl\u0131\u011f\u0131 ile kullanabilirsiniz.<br \/>\n\t\t\tKrem boya form&uuml;l&uuml;ndeki &ouml;zel kondisyonerler ile parlak ve canl\u0131 renkler,<br \/>\n\t\t\tkusursuz beyaz kapama &ouml;zelli\u011fi ve i&ccedil;erisindeki yo\u011fun pigmentlerle solmayan renkler elde edebilirsiniz.<br \/>\n\t\t\tG&uuml;ne\u015fte sa&ccedil;lar\u0131n\u0131z\u0131n \u0131\u015f\u0131lt\u0131s\u0131 g&ouml;z al\u0131c\u0131 olacak ve t&uuml;m dikkatleri &uuml;st&uuml;n&uuml;ze &ccedil;ekeceksiniz.<br \/>\n\t\t\tPaket i&ccedil;erisinde bulunan sa&ccedil; bak\u0131m kremi sayesinde yumu\u015fakl\u0131k ve ipeksi parlak g&ouml;r&uuml;n&uuml;m sa\u011flar.<br \/>\n\t\t\tKullanma prospekt&uuml;s&uuml; kutunun i&ccedil; k\u0131sm\u0131na bas\u0131l\u0131d\u0131r ilk defa kullan\u0131m i&ccedil;in detayl\u0131 anlat\u0131m mevcuttur.<br \/>\n\t\t\tKutu &uuml;zerindeki OR kodunu telefonunuzdan okutarak uygulama videosuna da ula\u015fabilirsiniz.<br \/>\n\t\t\tI\u015f\u0131lt\u0131l\u0131 sa\u011fl\u0131kl\u0131 ve parlak sa&ccedil;lar i&ccedil;in sea color t&uuml;p krem boya en ideal se&ccedil;enek olacakt\u0131r.<br \/>\n\t\t\tMutlu ve g&uuml;zel g&uuml;nlerde kullanman\u0131z dile\u011fiyle.<br \/>\n\t\t\tKutu i&ccedil;eri\u011fi:<br \/>\n\t\t\t2 adet t&uuml;p krem sa&ccedil; boyas\u0131 ( 2&#215;50 ml)<br \/>\n\t\t\t1 oksidan krem (75 ml)<br \/>\n\t\t\t1 sa&ccedil; bak\u0131m kremi ( 10 ml)<br \/>\n\t\t\t1 &ccedil;ift sa&ccedil; boyama eldiveni<\/span><\/span><\/span><\/span><\/span><\/span><\/td>\n<\/tr>\n<\/tbody>\n<\/table>\n","protected":false},"excerpt":{"rendered":"<p>2 T\u00fcp Krem Sa\u00e7 Boyas\u0131 Seti Amazon K\u0131z\u0131l\u0131 No:55.46<\/p>\n","protected":false},"featured_media":75667,"comment_status":"open","ping_status":"closed","template":"","meta":{"_kad_post_transparent":"","_kad_post_title":"","_kad_post_layout":"","_kad_post_sidebar_id":"","_kad_post_content_style":"","_kad_post_vertical_padding":"","_kad_post_feature":"","_kad_post_feature_position":"","_kad_post_header":false,"_kad_post_footer":false,"_kad_post_classname":""},"product_brand":[],"product_cat":[452,586,593],"product_tag":[],"class_list":{"0":"post-75668","1":"product","2":"type-product","3":"status-publish","4":"has-post-thumbnail","6":"product_cat-kozmetik","7":"product_cat-sac-bakimi","8":"product_cat-sac-boyasi","10":"first","11":"instock","12":"shipping-taxable","13":"purchasable","14":"product-type-simple","15":"entry","16":"content-bg","17":"loop-entry"},"_links":{"self":[{"href":"https:\/\/www.hediyepazar.com\/index.php?rest_route=\/wp\/v2\/product\/75668","targetHints":{"allow":["GET"]}}],"collection":[{"href":"https:\/\/www.hediyepazar.com\/index.php?rest_route=\/wp\/v2\/product"}],"about":[{"href":"https:\/\/www.hediyepazar.com\/index.php?rest_route=\/wp\/v2\/types\/product"}],"replies":[{"embeddable":true,"href":"https:\/\/www.hediyepazar.com\/index.php?rest_route=%2Fwp%2Fv2%2Fcomments&post=75668"}],"wp:featuredmedia":[{"embeddable":true,"href":"https:\/\/www.hediyepazar.com\/index.php?rest_route=\/wp\/v2\/media\/75667"}],"wp:attachment":[{"href":"https:\/\/www.hediyepazar.com\/index.php?rest_route=%2Fwp%2Fv2%2Fmedia&parent=75668"}],"wp:term":[{"taxonomy":"product_brand","embeddable":true,"href":"https:\/\/www.hediyepazar.com\/index.php?rest_route=%2Fwp%2Fv2%2Fproduct_brand&post=75668"},{"taxonomy":"product_cat","embeddable":true,"href":"https:\/\/www.hediyepazar.com\/index.php?rest_route=%2Fwp%2Fv2%2Fproduct_cat&post=75668"},{"taxonomy":"product_tag","embeddable":true,"href":"https:\/\/www.hediyepazar.com\/index.php?rest_route=%2Fwp%2Fv2%2Fproduct_tag&post=75668"}],"curies":[{"name":"wp","href":"https:\/\/api.w.org\/{rel}","templated":true}]}}