{"id":75794,"date":"2026-04-29T21:46:31","date_gmt":"2026-04-30T00:46:31","guid":{"rendered":"https:\/\/www.hediyepazar.com\/?product=5-adet-onu-dantelli-kadin-ip-tanga-string-ipkini"},"modified":"2026-04-29T21:46:31","modified_gmt":"2026-04-30T00:46:31","slug":"5-adet-onu-dantelli-kadin-ip-tanga-string-ipkini","status":"publish","type":"product","link":"https:\/\/www.hediyepazar.com\/?product=5-adet-onu-dantelli-kadin-ip-tanga-string-ipkini","title":{"rendered":"5 Adet \u00d6n\u00fc Dantelli Kad\u0131n \u0130p Tanga String \u0130pkini"},"content":{"rendered":"<p>5 Adet &Ouml;n&uuml; Dantelli Kad\u0131n \u0130p Tanga String \u0130pkini<br \/>\n&Ouml;n k\u0131sm\u0131 transparan dantel t&uuml;lll&uuml; kad\u0131n string k&uuml;lot.<br \/>\nBa\u011flant\u0131 yerleri ve arkas\u0131 tamamen ip olan iddial\u0131 modelimizdir.<br \/>\n&Ouml;zel anlar\u0131n\u0131zda tercih edebilece\u011finiz ipkini string kad\u0131n i&ccedil; giyim k&uuml;lotlar\u0131m\u0131z\u0131<br \/>\ng&uuml;ndelik hayat\u0131n\u0131zdada severek kullanacaks\u0131n\u0131z.<br \/>\nGen&ccedil; kad\u0131n i&ccedil; giyim &uuml;r&uuml;nlerinden olan ipkini k&uuml;lotlar\u0131m\u0131z<br \/>\norta ya\u015f ve gen&ccedil; kesim taraf\u0131ndan severek kullan\u0131l\u0131r.<br \/>\nA\u011f b&ouml;lgesinde ekstra par&ccedil;a mevcuttur.<br \/>\nY\u0131kama talimatlar\u0131na uyuldu\u011funda deforme olmadan uzun y\u0131llar kullanabilirsiniz.<br \/>\n30 derecenin alt\u0131nda elde y\u0131kay\u0131n\u0131z.<br \/>\n&Uuml;r&uuml;n&uuml;m&uuml;z asorti olarak farkl\u0131 renklerde g&ouml;nderilecektir.<br \/>\nT&uuml;m kombinlerinizde kullanabilirsiniz.<br \/>\nSa\u011fl\u0131kl\u0131 ve g&uuml;zel g&uuml;nlerde kullan\u0131n.<br \/>\nRoyaleks ailesi olarak g&uuml;zel g&uuml;nler diliyoruz.<br \/>\nPaket i&ccedil;eri\u011fi:&nbsp;5 Adet &Ouml;n&uuml; Dantelli Kad\u0131n \u0130p Tanga String \u0130pkini<\/p>\n","protected":false},"excerpt":{"rendered":"<p>5 Adet \u00d6n\u00fc Dantelli Kad\u0131n \u0130p Tanga String \u0130pkini<\/p>\n","protected":false},"featured_media":75793,"comment_status":"open","ping_status":"closed","template":"","meta":{"_kad_post_transparent":"","_kad_post_title":"","_kad_post_layout":"","_kad_post_sidebar_id":"","_kad_post_content_style":"","_kad_post_vertical_padding":"","_kad_post_feature":"","_kad_post_feature_position":"","_kad_post_header":false,"_kad_post_footer":false,"_kad_post_classname":""},"product_brand":[],"product_cat":[538,537,539],"product_tag":[],"class_list":{"0":"post-75794","1":"product","2":"type-product","3":"status-publish","4":"has-post-thumbnail","6":"product_cat-ic-giyim","7":"product_cat-kadin","8":"product_cat-kulot","10":"first","11":"instock","12":"shipping-taxable","13":"purchasable","14":"product-type-simple","15":"entry","16":"content-bg","17":"loop-entry"},"_links":{"self":[{"href":"https:\/\/www.hediyepazar.com\/index.php?rest_route=\/wp\/v2\/product\/75794","targetHints":{"allow":["GET"]}}],"collection":[{"href":"https:\/\/www.hediyepazar.com\/index.php?rest_route=\/wp\/v2\/product"}],"about":[{"href":"https:\/\/www.hediyepazar.com\/index.php?rest_route=\/wp\/v2\/types\/product"}],"replies":[{"embeddable":true,"href":"https:\/\/www.hediyepazar.com\/index.php?rest_route=%2Fwp%2Fv2%2Fcomments&post=75794"}],"wp:featuredmedia":[{"embeddable":true,"href":"https:\/\/www.hediyepazar.com\/index.php?rest_route=\/wp\/v2\/media\/75793"}],"wp:attachment":[{"href":"https:\/\/www.hediyepazar.com\/index.php?rest_route=%2Fwp%2Fv2%2Fmedia&parent=75794"}],"wp:term":[{"taxonomy":"product_brand","embeddable":true,"href":"https:\/\/www.hediyepazar.com\/index.php?rest_route=%2Fwp%2Fv2%2Fproduct_brand&post=75794"},{"taxonomy":"product_cat","embeddable":true,"href":"https:\/\/www.hediyepazar.com\/index.php?rest_route=%2Fwp%2Fv2%2Fproduct_cat&post=75794"},{"taxonomy":"product_tag","embeddable":true,"href":"https:\/\/www.hediyepazar.com\/index.php?rest_route=%2Fwp%2Fv2%2Fproduct_tag&post=75794"}],"curies":[{"name":"wp","href":"https:\/\/api.w.org\/{rel}","templated":true}]}}