{"id":75864,"date":"2026-04-29T21:48:26","date_gmt":"2026-04-30T00:48:26","guid":{"rendered":"https:\/\/www.hediyepazar.com\/?product=9-adet-onu-dantelli-transparan-kadin-slip-kulot-s119"},"modified":"2026-04-29T21:48:26","modified_gmt":"2026-04-30T00:48:26","slug":"9-adet-onu-dantelli-transparan-kadin-slip-kulot-s119","status":"publish","type":"product","link":"https:\/\/www.hediyepazar.com\/?product=9-adet-onu-dantelli-transparan-kadin-slip-kulot-s119","title":{"rendered":"9 Adet \u00d6n\u00fc Dantelli Transparan Kad\u0131n Slip K\u00fclot S119"},"content":{"rendered":"<table style=\"border-collapse:collapse; width:166pt; border:none\" width=\"221\">\n<colgroup>\n<col style=\"width:166pt\" width=\"221\" \/>\n\t<\/colgroup>\n<tbody>\n<tr height=\"20\" style=\"height:15.0pt\">\n<td class=\"xl65\" height=\"20\" style=\"border:none; height:15.0pt; width:166pt; white-space:nowrap; padding-top:1px; padding-right:1px; padding-left:1px; vertical-align:bottom\" width=\"221\"><span style=\"font-size:11pt\"><span style=\"color:black\"><span style=\"font-weight:400\"><span style=\"font-style:normal\"><span style=\"text-decoration:none\"><span style=\"font-family:Calibri,sans-serif\">9 Adet &Ouml;n&uuml; Dantelli Transparan Kad\u0131n Slip K&uuml;lot<br \/>\n\t\t\t&Ouml;n&uuml; dantelli arkas\u0131 pamuklu kuma\u015ftan &uuml;retilmi\u015ftir.<br \/>\n\t\t\tD&uuml;\u011f&uuml;nlerde gelinlerin kullanaca\u011f\u0131 &ouml;zel kad\u0131n gelin i&ccedil; giyim olmas\u0131 yan\u0131 s\u0131ra<br \/>\n\t\t\tg&uuml;ndelik hayatta t&uuml;m kombinlerinizle kullanabilirsiniz.<br \/>\n\t\t\tA\u011f k\u0131sm\u0131nda ekstra par&ccedil;a mevcuttur.<br \/>\n\t\t\tPed tak\u0131lablir.<br \/>\n\t\t\t% 95 pamuk i&ccedil;ermektedir.<br \/>\n\t\t\tCanl\u0131 renkleri ve geni\u015f renk se&ccedil;ene\u011fi ile her k\u0131yafetinize uyar.<br \/>\n\t\t\tSa\u011fl\u0131\u011f\u0131n\u0131z i&ccedil;in pamuklu kad\u0131n i&ccedil; giyim &uuml;r&uuml;nlerini kullan\u0131n\u0131z.<br \/>\n\t\t\tPamuklu dokusu sayesinde cildiniz nefes alarak nem dengesini korur.<br \/>\n\t\t\tTransparan dantel &ouml;n k\u0131sm\u0131 ile &ouml;zel anlar\u0131n\u0131zda tercih edebilirsiniz.<br \/>\n\t\t\tSadelikten s\u0131k\u0131lan modern ve \u015f\u0131k kad\u0131n i&ccedil; giyim arayan gen&ccedil; ve yeti\u015fkin kad\u0131nlar\u0131n tercihidir.<br \/>\n\t\t\tRoyaleks ailesi olarak mutlu ve huzurlu g&uuml;nlerde kullanman\u0131z\u0131 temenni ederiz.<br \/>\n\t\t\tPaket i&ccedil;eri\u011fi: 9 Adet &Ouml;n&uuml; Dantelli Transparan Kad\u0131n Slip K&uuml;lot<br \/>\n\t\t\tRenk : Bordo Beyaz Siyah Fu\u015fya Krem M&uuml;rd&uuml;m K\u0131rm\u0131z\u0131 Pudra Lacivert<\/span><\/span><\/span><\/span><\/span><\/span><\/td>\n<\/tr>\n<\/tbody>\n<\/table>\n","protected":false},"excerpt":{"rendered":"<p>9 Adet \u00d6n\u00fc Dantelli Transparan Kad\u0131n Slip K\u00fclot S119<\/p>\n","protected":false},"featured_media":75863,"comment_status":"open","ping_status":"closed","template":"","meta":{"_kad_post_transparent":"","_kad_post_title":"","_kad_post_layout":"","_kad_post_sidebar_id":"","_kad_post_content_style":"","_kad_post_vertical_padding":"","_kad_post_feature":"","_kad_post_feature_position":"","_kad_post_header":false,"_kad_post_footer":false,"_kad_post_classname":""},"product_brand":[],"product_cat":[538,537,539],"product_tag":[],"class_list":{"0":"post-75864","1":"product","2":"type-product","3":"status-publish","4":"has-post-thumbnail","6":"product_cat-ic-giyim","7":"product_cat-kadin","8":"product_cat-kulot","10":"first","11":"instock","12":"shipping-taxable","13":"purchasable","14":"product-type-simple","15":"entry","16":"content-bg","17":"loop-entry"},"_links":{"self":[{"href":"https:\/\/www.hediyepazar.com\/index.php?rest_route=\/wp\/v2\/product\/75864","targetHints":{"allow":["GET"]}}],"collection":[{"href":"https:\/\/www.hediyepazar.com\/index.php?rest_route=\/wp\/v2\/product"}],"about":[{"href":"https:\/\/www.hediyepazar.com\/index.php?rest_route=\/wp\/v2\/types\/product"}],"replies":[{"embeddable":true,"href":"https:\/\/www.hediyepazar.com\/index.php?rest_route=%2Fwp%2Fv2%2Fcomments&post=75864"}],"wp:featuredmedia":[{"embeddable":true,"href":"https:\/\/www.hediyepazar.com\/index.php?rest_route=\/wp\/v2\/media\/75863"}],"wp:attachment":[{"href":"https:\/\/www.hediyepazar.com\/index.php?rest_route=%2Fwp%2Fv2%2Fmedia&parent=75864"}],"wp:term":[{"taxonomy":"product_brand","embeddable":true,"href":"https:\/\/www.hediyepazar.com\/index.php?rest_route=%2Fwp%2Fv2%2Fproduct_brand&post=75864"},{"taxonomy":"product_cat","embeddable":true,"href":"https:\/\/www.hediyepazar.com\/index.php?rest_route=%2Fwp%2Fv2%2Fproduct_cat&post=75864"},{"taxonomy":"product_tag","embeddable":true,"href":"https:\/\/www.hediyepazar.com\/index.php?rest_route=%2Fwp%2Fv2%2Fproduct_tag&post=75864"}],"curies":[{"name":"wp","href":"https:\/\/api.w.org\/{rel}","templated":true}]}}