{"id":75940,"date":"2026-04-29T21:50:27","date_gmt":"2026-04-30T00:50:27","guid":{"rendered":"https:\/\/www.hediyepazar.com\/?product=4-adet-kadin-yuksek-bel-ribana-bato-kulot-s042"},"modified":"2026-04-29T21:50:27","modified_gmt":"2026-04-30T00:50:27","slug":"4-adet-kadin-yuksek-bel-ribana-bato-kulot-s042","status":"publish","type":"product","link":"https:\/\/www.hediyepazar.com\/?product=4-adet-kadin-yuksek-bel-ribana-bato-kulot-s042","title":{"rendered":"4 Adet Kad\u0131n Y\u00fcksek Bel Ribana Bato K\u00fclot S042"},"content":{"rendered":"<table style=\"border-collapse:collapse; width:99pt; border:none\" width=\"132\">\n<colgroup>\n<col style=\"width:99pt\" width=\"132\" \/>\n\t<\/colgroup>\n<tbody>\n<tr height=\"20\" style=\"height:15.0pt\">\n<td class=\"xl66\" height=\"20\" style=\"border:none; height:15.0pt; width:99pt; white-space:nowrap; padding-top:1px; padding-right:1px; padding-left:1px; vertical-align:bottom\" width=\"132\"><span style=\"font-size:11pt\"><span style=\"color:black\"><span style=\"font-weight:400\"><span style=\"font-style:normal\"><span style=\"text-decoration:none\"><span style=\"font-family:Calibri,sans-serif\">4 Adet Kad\u0131n Y&uuml;ksek Bel Ribana Bato K&uuml;lot<br \/>\n\t\t\tPamuklu kuma\u015ftan &uuml;retilmi\u015f olup i&ccedil;eri\u011fi: %100 Pamuk tur.<br \/>\n\t\t\tRenkleriyle i&ccedil; d&uuml;nyana mutluluk katacak modelimiz yumu\u015fak ve<br \/>\n\t\t\tesnek dokusuyla bedeninize m&uuml;kemmel bir uyum sa\u011flamakta ve<br \/>\n\t\t\tg&uuml;n boyu rahat konfor sa\u011flamaktad\u0131r.<br \/>\n\t\t\tY\u0131kama talimatlar\u0131na uyuldu\u011fu takdirde deforme olmaz ve uzun s&uuml;reli kullan\u0131m keyfi sunar.<br \/>\n\t\t\tY\u0131kama talimatlar\u0131:<br \/>\n\t\t\tRenklileri 30 derece s\u0131cakl\u0131kta, beyazlar\u0131 40 derece s\u0131cakl\u0131kta y\u0131kanmas\u0131n\u0131 tavsiye ediyoruz.<br \/>\n\t\t\t&Ccedil;ama\u015f\u0131r suyu veya a\u011fart\u0131c\u0131 kullanmay\u0131n\u0131z.<br \/>\n\t\t\tRoyaleks ailesi olarak mutlu ve huzurlu g&uuml;nlerde kullanman\u0131z\u0131 temenni ederiz.<br \/>\n\t\t\tPaket \u0130&ccedil;eri\u011fi: 4 Adet Kad\u0131n Y&uuml;ksek Bel Ribana Bato K&uuml;lot<br \/>\n\t\t\tRenk: Siyah Haki M&uuml;rd&uuml;m Gri Melanj<\/span><\/span><\/span><\/span><\/span><\/span><\/td>\n<\/tr>\n<\/tbody>\n<\/table>\n","protected":false},"excerpt":{"rendered":"<p>4 Adet Kad\u0131n Y\u00fcksek Bel Ribana Bato K\u00fclot S042<\/p>\n","protected":false},"featured_media":75939,"comment_status":"open","ping_status":"closed","template":"","meta":{"_kad_post_transparent":"","_kad_post_title":"","_kad_post_layout":"","_kad_post_sidebar_id":"","_kad_post_content_style":"","_kad_post_vertical_padding":"","_kad_post_feature":"","_kad_post_feature_position":"","_kad_post_header":false,"_kad_post_footer":false,"_kad_post_classname":""},"product_brand":[],"product_cat":[538,537,539],"product_tag":[],"class_list":{"0":"post-75940","1":"product","2":"type-product","3":"status-publish","4":"has-post-thumbnail","6":"product_cat-ic-giyim","7":"product_cat-kadin","8":"product_cat-kulot","10":"first","11":"instock","12":"shipping-taxable","13":"purchasable","14":"product-type-simple","15":"entry","16":"content-bg","17":"loop-entry"},"_links":{"self":[{"href":"https:\/\/www.hediyepazar.com\/index.php?rest_route=\/wp\/v2\/product\/75940","targetHints":{"allow":["GET"]}}],"collection":[{"href":"https:\/\/www.hediyepazar.com\/index.php?rest_route=\/wp\/v2\/product"}],"about":[{"href":"https:\/\/www.hediyepazar.com\/index.php?rest_route=\/wp\/v2\/types\/product"}],"replies":[{"embeddable":true,"href":"https:\/\/www.hediyepazar.com\/index.php?rest_route=%2Fwp%2Fv2%2Fcomments&post=75940"}],"wp:featuredmedia":[{"embeddable":true,"href":"https:\/\/www.hediyepazar.com\/index.php?rest_route=\/wp\/v2\/media\/75939"}],"wp:attachment":[{"href":"https:\/\/www.hediyepazar.com\/index.php?rest_route=%2Fwp%2Fv2%2Fmedia&parent=75940"}],"wp:term":[{"taxonomy":"product_brand","embeddable":true,"href":"https:\/\/www.hediyepazar.com\/index.php?rest_route=%2Fwp%2Fv2%2Fproduct_brand&post=75940"},{"taxonomy":"product_cat","embeddable":true,"href":"https:\/\/www.hediyepazar.com\/index.php?rest_route=%2Fwp%2Fv2%2Fproduct_cat&post=75940"},{"taxonomy":"product_tag","embeddable":true,"href":"https:\/\/www.hediyepazar.com\/index.php?rest_route=%2Fwp%2Fv2%2Fproduct_tag&post=75940"}],"curies":[{"name":"wp","href":"https:\/\/api.w.org\/{rel}","templated":true}]}}