{"id":75948,"date":"2026-04-29T21:50:39","date_gmt":"2026-04-30T00:50:39","guid":{"rendered":"https:\/\/www.hediyepazar.com\/?product=erkek-bambu-lastigi-sikmayan-diyabetik-corap"},"modified":"2026-04-29T21:50:39","modified_gmt":"2026-04-30T00:50:39","slug":"erkek-bambu-lastigi-sikmayan-diyabetik-corap","status":"publish","type":"product","link":"https:\/\/www.hediyepazar.com\/?product=erkek-bambu-lastigi-sikmayan-diyabetik-corap","title":{"rendered":"Erkek Bambu Lasti\u011fi S\u0131kmayan Diyabetik \u00c7orap"},"content":{"rendered":"<table style=\"border-collapse:collapse; width:99pt; border:none\" width=\"132\">\n<colgroup>\n<col style=\"width:99pt\" width=\"132\">\n\t<\/colgroup>\n<tbody>\n<tr height=\"20\" style=\"height:15.0pt\">\n<td class=\"xl64\" height=\"20\" style=\"border:none; height:15.0pt; width:99pt; white-space:nowrap; padding-top:1px; padding-right:1px; padding-left:1px; vertical-align:bottom\" width=\"132\"><span style=\"font-size:11pt\"><span style=\"color:black\"><span style=\"font-weight:400\"><span style=\"font-style:normal\"><span style=\"text-decoration:none\"><span style=\"font-family:Calibri,sans-serif\">Erkek Bambu Lasti\u011fi S\u0131kmayan Diyabetik \u00c7orap<br \/>\n\t\t\tAya\u011f\u0131 kavrayan ve hava ald\u0131ran \u00f6zel dokusu ayaklar\u0131n\u0131z i\u00e7in sa\u011fl\u0131k, ferahl\u0131k ve konfor sa\u011flar.<br \/>\n\t\t\tDiyabet hastalar\u0131na uygun \u00f6zel tasarlanm\u0131\u015f esnek lastik bacaklar\u0131n\u0131zda iz olu\u015fumunu engeller.<br \/>\n\t\t\tAyak rahatl\u0131\u011f\u0131n\u0131z\u0131 sa\u011flayabilmek i\u00e7in \u00f6zel diki\u015fsiz burun uygulanm\u0131\u015ft\u0131r.<br \/>\n\t\t\tDiyabet hastal\u0131\u011f\u0131 olan ki\u015filerde ayak sa\u011fl\u0131\u011f\u0131n\u0131 daha iyi korumak amac\u0131yla bu \u00e7orap Bambu ipli\u011finden \u00fcretilmi\u015ftir.<br \/>\n\t\t\tBambu; son derece dayan\u0131kl\u0131, parlak ve yumu\u015fak bir dokunu\u015fa sahip do\u011fal elyaft\u0131r.<br \/>\n\t\t\tAyn\u0131 zamanda rahats\u0131z edici ayak kokular\u0131n\u0131 engellemeye de yard\u0131mc\u0131d\u0131r.<br \/>\n\t\t\t\u015e\u0131k bir g\u00f6r\u00fcn\u00fcme sahip olan bu diyabetik \u00e7orab\u0131 t\u00fcm giysilerinizde rahatl\u0131kla kullanabilirsiniz.<br \/>\n\t\t\t% 85 Bambu % 15 Elestand\u0131r.<br \/>\n\t\t\t40-45 numara i\u00e7in uygundur.<\/span><\/span><\/span><\/span><\/span><\/span><\/td>\n<\/tr>\n<\/tbody>\n<\/table>\n","protected":false},"excerpt":{"rendered":"<p>Erkek Bambu Lasti\u011fi S\u0131kmayan Diyabetik \u00c7orap<\/p>\n","protected":false},"featured_media":75947,"comment_status":"open","ping_status":"closed","template":"","meta":{"_kad_post_transparent":"","_kad_post_title":"","_kad_post_layout":"","_kad_post_sidebar_id":"","_kad_post_content_style":"","_kad_post_vertical_padding":"","_kad_post_feature":"","_kad_post_feature_position":"","_kad_post_header":false,"_kad_post_footer":false,"_kad_post_classname":""},"product_brand":[],"product_cat":[540,541,538],"product_tag":[],"class_list":{"0":"post-75948","1":"product","2":"type-product","3":"status-publish","4":"has-post-thumbnail","6":"product_cat-corap","7":"product_cat-erkek","8":"product_cat-ic-giyim","10":"first","11":"instock","12":"shipping-taxable","13":"purchasable","14":"product-type-simple","15":"entry","16":"content-bg","17":"loop-entry"},"_links":{"self":[{"href":"https:\/\/www.hediyepazar.com\/index.php?rest_route=\/wp\/v2\/product\/75948","targetHints":{"allow":["GET"]}}],"collection":[{"href":"https:\/\/www.hediyepazar.com\/index.php?rest_route=\/wp\/v2\/product"}],"about":[{"href":"https:\/\/www.hediyepazar.com\/index.php?rest_route=\/wp\/v2\/types\/product"}],"replies":[{"embeddable":true,"href":"https:\/\/www.hediyepazar.com\/index.php?rest_route=%2Fwp%2Fv2%2Fcomments&post=75948"}],"wp:featuredmedia":[{"embeddable":true,"href":"https:\/\/www.hediyepazar.com\/index.php?rest_route=\/wp\/v2\/media\/75947"}],"wp:attachment":[{"href":"https:\/\/www.hediyepazar.com\/index.php?rest_route=%2Fwp%2Fv2%2Fmedia&parent=75948"}],"wp:term":[{"taxonomy":"product_brand","embeddable":true,"href":"https:\/\/www.hediyepazar.com\/index.php?rest_route=%2Fwp%2Fv2%2Fproduct_brand&post=75948"},{"taxonomy":"product_cat","embeddable":true,"href":"https:\/\/www.hediyepazar.com\/index.php?rest_route=%2Fwp%2Fv2%2Fproduct_cat&post=75948"},{"taxonomy":"product_tag","embeddable":true,"href":"https:\/\/www.hediyepazar.com\/index.php?rest_route=%2Fwp%2Fv2%2Fproduct_tag&post=75948"}],"curies":[{"name":"wp","href":"https:\/\/api.w.org\/{rel}","templated":true}]}}