{"id":75980,"date":"2026-04-29T21:51:20","date_gmt":"2026-04-30T00:51:20","guid":{"rendered":"https:\/\/www.hediyepazar.com\/?product=2-adet-flo-nubuk-kadife-canta-sapka-aksesuar-ipi-siyah"},"modified":"2026-04-29T21:51:20","modified_gmt":"2026-04-30T00:51:20","slug":"2-adet-flo-nubuk-kadife-canta-sapka-aksesuar-ipi-siyah","status":"publish","type":"product","link":"https:\/\/www.hediyepazar.com\/?product=2-adet-flo-nubuk-kadife-canta-sapka-aksesuar-ipi-siyah","title":{"rendered":"2 Adet Flo Nubuk Kadife \u00c7anta \u015eapka Aksesuar \u0130pi Siyah"},"content":{"rendered":"<table style=\"border-collapse:collapse; width:98pt; border:none\" width=\"131\">\n<colgroup>\n<col style=\"width:98pt\" width=\"131\" \/>\n\t<\/colgroup>\n<tbody>\n<tr height=\"20\" style=\"height:15.0pt\">\n<td height=\"20\" style=\"border:none; height:15.0pt; width:98pt; padding-top:1px; padding-right:1px; padding-left:1px; vertical-align:bottom; white-space:nowrap\" width=\"131\"><span style=\"font-size:11pt\"><span style=\"color:black\"><span style=\"font-weight:400\"><span style=\"font-style:normal\"><span style=\"text-decoration:none\"><span style=\"font-family:Calibri,sans-serif\">2 Adet Flo Nubuk Kadife &Ccedil;anta \u015eapka Aksesuar \u0130pi Siyah<br \/>\n\t\t\t&Ccedil;anta \u015fapka amigurumi ve aksesuar &ouml;rg&uuml;lerinde kullanabilece\u011finiz s&uuml;et dokuda nubuk kadife ip.<br \/>\n\t\t\t50 gram ve 135 mt.<br \/>\n\t\t\t2,5 mm t\u0131\u011fa uygun.<\/p>\n<p>\t\t\tPaket i&ccedil;eri\u011fi: 2 Adet Flo Nubuk Kadife &Ccedil;anta \u015eapka Aksesuar \u0130pi Siyah<\/span><\/span><\/span><\/span><\/span><\/span><\/td>\n<\/tr>\n<\/tbody>\n<\/table>\n","protected":false},"excerpt":{"rendered":"<p>2 Adet Flo Nubuk Kadife \u00c7anta \u015eapka Aksesuar \u0130pi Siyah<\/p>\n","protected":false},"featured_media":75979,"comment_status":"open","ping_status":"closed","template":"","meta":{"_kad_post_transparent":"","_kad_post_title":"","_kad_post_layout":"","_kad_post_sidebar_id":"","_kad_post_content_style":"","_kad_post_vertical_padding":"","_kad_post_feature":"","_kad_post_feature_position":"","_kad_post_header":false,"_kad_post_footer":false,"_kad_post_classname":""},"product_brand":[],"product_cat":[557,568,569],"product_tag":[],"class_list":{"0":"post-75980","1":"product","2":"type-product","3":"status-publish","4":"has-post-thumbnail","6":"product_cat-ev-yasam","7":"product_cat-hobi","8":"product_cat-hobi-malzemeleri","10":"first","11":"instock","12":"shipping-taxable","13":"purchasable","14":"product-type-simple","15":"entry","16":"content-bg","17":"loop-entry"},"_links":{"self":[{"href":"https:\/\/www.hediyepazar.com\/index.php?rest_route=\/wp\/v2\/product\/75980","targetHints":{"allow":["GET"]}}],"collection":[{"href":"https:\/\/www.hediyepazar.com\/index.php?rest_route=\/wp\/v2\/product"}],"about":[{"href":"https:\/\/www.hediyepazar.com\/index.php?rest_route=\/wp\/v2\/types\/product"}],"replies":[{"embeddable":true,"href":"https:\/\/www.hediyepazar.com\/index.php?rest_route=%2Fwp%2Fv2%2Fcomments&post=75980"}],"wp:featuredmedia":[{"embeddable":true,"href":"https:\/\/www.hediyepazar.com\/index.php?rest_route=\/wp\/v2\/media\/75979"}],"wp:attachment":[{"href":"https:\/\/www.hediyepazar.com\/index.php?rest_route=%2Fwp%2Fv2%2Fmedia&parent=75980"}],"wp:term":[{"taxonomy":"product_brand","embeddable":true,"href":"https:\/\/www.hediyepazar.com\/index.php?rest_route=%2Fwp%2Fv2%2Fproduct_brand&post=75980"},{"taxonomy":"product_cat","embeddable":true,"href":"https:\/\/www.hediyepazar.com\/index.php?rest_route=%2Fwp%2Fv2%2Fproduct_cat&post=75980"},{"taxonomy":"product_tag","embeddable":true,"href":"https:\/\/www.hediyepazar.com\/index.php?rest_route=%2Fwp%2Fv2%2Fproduct_tag&post=75980"}],"curies":[{"name":"wp","href":"https:\/\/api.w.org\/{rel}","templated":true}]}}