{"id":76016,"date":"2026-04-29T21:52:18","date_gmt":"2026-04-30T00:52:18","guid":{"rendered":"https:\/\/www.hediyepazar.com\/?product=5-adet-lotus-bikini-bustiyer-bluz-orgu-ipi-k019-ekru"},"modified":"2026-04-29T21:52:18","modified_gmt":"2026-04-30T00:52:18","slug":"5-adet-lotus-bikini-bustiyer-bluz-orgu-ipi-k019-ekru","status":"publish","type":"product","link":"https:\/\/www.hediyepazar.com\/?product=5-adet-lotus-bikini-bustiyer-bluz-orgu-ipi-k019-ekru","title":{"rendered":"5 Adet Lotus Bikini B\u00fcstiyer Bluz \u00d6rg\u00fc \u0130pi K019 Ekru"},"content":{"rendered":"<table style=\"border-collapse:collapse; width:113pt; border:none\" width=\"150\">\n<colgroup>\n<col style=\"width:113pt\" width=\"150\">\n\t<\/colgroup>\n<tbody>\n<tr height=\"20\" style=\"height:15.0pt\">\n<td height=\"20\" style=\"border:none; height:15.0pt; width:113pt; padding-top:1px; padding-right:1px; padding-left:1px; vertical-align:bottom; white-space:nowrap\" width=\"150\"><span style=\"font-size:11pt\"><span style=\"color:black\"><span style=\"font-weight:400\"><span style=\"font-style:normal\"><span style=\"text-decoration:none\"><span style=\"font-family:Calibri,sans-serif\">Kartopu 5 Adet Lotus Bikini B\u00fcstiyer Bluz \u00d6rg\u00fc \u0130pi&nbsp; K019 Ekru<br \/>\n\t\t\tYaz aylar\u0131nda yazl\u0131k mek\u00e2nlarda severek kullan\u0131lan b\u00fcstiyer ve<br \/>\n\t\t\tBluzlar\u0131n\u0131z\u0131 kartopu lotus \u00f6rg\u00fc ipi ile farkl\u0131la\u015ft\u0131rarak tarz\u0131n\u0131z\u0131 yans\u0131tabilirsiniz.<br \/>\n\t\t\t\u00d6zellikle el \u00f6rg\u00fc bikini yap\u0131m\u0131nda kullan\u0131lan lotus iplikler<br \/>\n\t\t\t% 100 Akrilik (Anti-Pilling Microfiber) \u00f6zelli\u011fi ile suyu tutmaz.<br \/>\n\t\t\tBu \u00f6zelli\u011finden dolay\u0131 el \u00f6rg\u00fcs\u00fc bikini, el \u00f6rg\u00fcs\u00fc b\u00fcstiyer ve<br \/>\n\t\t\tel \u00f6rg\u00fcs\u00fc bluz yap\u0131m\u0131nda kullan\u0131l\u0131r.<br \/>\n\t\t\tSahil plaj ve havuz kenar\u0131nda \u00d6rg\u00fc bikini ile fark\u0131n\u0131z\u0131 ortaya koyarak<br \/>\n\t\t\tmodern bikiniler \u00f6rmenizi sa\u011flar, zengin renk se\u00e7ene\u011fi ile bikini ve<br \/>\n\t\t\tb\u00fcstiyerlerinizi kombinlerinize g\u00f6re yapabilirsiniz.<br \/>\n\t\t\tSadelikten s\u0131k\u0131lan bikini kullan\u0131c\u0131lar\u0131n\u0131n severek giydi\u011fi<br \/>\n\t\t\tel \u00f6rmesi bikini modellerini istedi\u011finiz desen ve renklerde yaparak \u015f\u0131k bikini<br \/>\n\t\t\tkombinleri olu\u015fturabilirsiniz.<\/p>\n<p>\t\t\tGramaj: 100 Gram<br \/>\n\t\t\t\u0130\u00e7erik : %100 Anti-Pilling + Mikrofiber Akrilik<br \/>\n\t\t\tMetraj: 350 Metre<br \/>\n\t\t\t\u015ei\u015f: 2,5-3,5 No<br \/>\n\t\t\tT\u0131\u011f: 1-3 No<br \/>\n\t\t\tSezon: \u0130lkabahar\/Yaz<br \/>\n\t\t\tKal\u0131nl\u0131k Grubu: \u0130nce<br \/>\n\t\t\tKullan\u0131m Alanlar\u0131: Yazl\u0131k \u00f6rg\u00fcler, bluz, h\u0131rka, kazak, bebek \u00f6rg\u00fcleri, amigurumi,<br \/>\n\t\t\toyuncak, bebek odas\u0131 tekstili ve daha bir\u00e7ok \u00f6rg\u00fcde kullan\u0131ma uygundur.<\/p>\n<p>\n\t\t\tPaket i\u00e7eri\u011fi:<br \/>\n\t\t\t5 Adet Lotus Bikini B\u00fcstiyer Bluz \u00d6rg\u00fc \u0130pi&nbsp; K019 Ekru<\/span><\/span><\/span><\/span><\/span><\/span><\/td>\n<\/tr>\n<\/tbody>\n<\/table>\n","protected":false},"excerpt":{"rendered":"<p>5 Adet Lotus Bikini B\u00fcstiyer Bluz \u00d6rg\u00fc \u0130pi  K019 Ekru<\/p>\n","protected":false},"featured_media":76015,"comment_status":"open","ping_status":"closed","template":"","meta":{"_kad_post_transparent":"","_kad_post_title":"","_kad_post_layout":"","_kad_post_sidebar_id":"","_kad_post_content_style":"","_kad_post_vertical_padding":"","_kad_post_feature":"","_kad_post_feature_position":"","_kad_post_header":false,"_kad_post_footer":false,"_kad_post_classname":""},"product_brand":[],"product_cat":[557,568,569],"product_tag":[],"class_list":{"0":"post-76016","1":"product","2":"type-product","3":"status-publish","4":"has-post-thumbnail","6":"product_cat-ev-yasam","7":"product_cat-hobi","8":"product_cat-hobi-malzemeleri","10":"first","11":"instock","12":"shipping-taxable","13":"purchasable","14":"product-type-simple","15":"entry","16":"content-bg","17":"loop-entry"},"_links":{"self":[{"href":"https:\/\/www.hediyepazar.com\/index.php?rest_route=\/wp\/v2\/product\/76016","targetHints":{"allow":["GET"]}}],"collection":[{"href":"https:\/\/www.hediyepazar.com\/index.php?rest_route=\/wp\/v2\/product"}],"about":[{"href":"https:\/\/www.hediyepazar.com\/index.php?rest_route=\/wp\/v2\/types\/product"}],"replies":[{"embeddable":true,"href":"https:\/\/www.hediyepazar.com\/index.php?rest_route=%2Fwp%2Fv2%2Fcomments&post=76016"}],"wp:featuredmedia":[{"embeddable":true,"href":"https:\/\/www.hediyepazar.com\/index.php?rest_route=\/wp\/v2\/media\/76015"}],"wp:attachment":[{"href":"https:\/\/www.hediyepazar.com\/index.php?rest_route=%2Fwp%2Fv2%2Fmedia&parent=76016"}],"wp:term":[{"taxonomy":"product_brand","embeddable":true,"href":"https:\/\/www.hediyepazar.com\/index.php?rest_route=%2Fwp%2Fv2%2Fproduct_brand&post=76016"},{"taxonomy":"product_cat","embeddable":true,"href":"https:\/\/www.hediyepazar.com\/index.php?rest_route=%2Fwp%2Fv2%2Fproduct_cat&post=76016"},{"taxonomy":"product_tag","embeddable":true,"href":"https:\/\/www.hediyepazar.com\/index.php?rest_route=%2Fwp%2Fv2%2Fproduct_tag&post=76016"}],"curies":[{"name":"wp","href":"https:\/\/api.w.org\/{rel}","templated":true}]}}