{"id":76150,"date":"2026-04-29T21:57:22","date_gmt":"2026-04-30T00:57:22","guid":{"rendered":"https:\/\/www.hediyepazar.com\/?product=12-adet-fitilli-pamuklu-kadin-kaskorse-bikini-kulot"},"modified":"2026-04-29T21:57:22","modified_gmt":"2026-04-30T00:57:22","slug":"12-adet-fitilli-pamuklu-kadin-kaskorse-bikini-kulot","status":"publish","type":"product","link":"https:\/\/www.hediyepazar.com\/?product=12-adet-fitilli-pamuklu-kadin-kaskorse-bikini-kulot","title":{"rendered":"12 Adet Fitilli Pamuklu Kad\u0131n Ka\u015fkorse Bikini K\u00fclot"},"content":{"rendered":"<table style=\"border-collapse:collapse; width:99pt; border:none\" width=\"132\">\n<colgroup>\n<col style=\"width:99pt\" width=\"132\" \/>\n\t<\/colgroup>\n<tbody>\n<tr height=\"20\" style=\"height:15.0pt\">\n<td height=\"20\" style=\"border:none; height:15.0pt; width:99pt; padding-top:1px; padding-right:1px; padding-left:1px; vertical-align:bottom; white-space:nowrap\" width=\"132\"><span style=\"font-size:11pt\"><span style=\"color:black\"><span style=\"font-weight:400\"><span style=\"font-style:normal\"><span style=\"text-decoration:none\"><span style=\"font-family:Calibri,sans-serif\">12 Adet Fitilli Pamuklu Kad\u0131n Ka\u015fkorse Bikini K&uuml;lot<br \/>\n\t\t\tFitilli ve pamuklu tutku kad\u0131n k&uuml;lot modelimiz y&uuml;ksek pamuk oran\u0131 ve<br \/>\n\t\t\tyumu\u015fakl\u0131\u011f\u0131 ile kad\u0131n i&ccedil; giyimde rahatl\u0131k arayan kad\u0131nlar\u0131n tercihidir.<br \/>\n\t\t\tG&uuml;ndelik hayatta &uuml;zerinizde yokmu\u015f hissi vererek hareket kabiliyetinizi artt\u0131r\u0131r.<br \/>\n\t\t\tA\u011f k\u0131sm\u0131ndaki pamuklu par&ccedil;a sayesinde &ouml;zel g&uuml;nlerinizde ped tak\u0131larak ta g&uuml;n i&ccedil;inde kullan\u0131labilir.<br \/>\n\t\t\tZengin renk se&ccedil;ene\u011fiyle K\u0131yafetlerinize &ouml;zel kombinler yaparak gece davetlerinde ve<br \/>\n\t\t\tyazl\u0131k b&ouml;lgelerde kullan\u0131labilir.<br \/>\n\t\t\tTutku kad\u0131n k&uuml;lot sa\u011fl\u0131\u011f\u0131n\u0131z i&ccedil;in en &ouml;nemli materyal olan pamuktan &uuml;retilmi\u015ftir.<br \/>\n\t\t\tY\u0131kama talimatlar\u0131na uyuldu\u011funda uzun y\u0131llar deforme olmadan kullanabilirsiniz.<br \/>\n\t\t\tA\u011fart\u0131c\u0131 kullanmadan 30 derecenin alt\u0131nda y\u0131kay\u0131n\u0131z.<br \/>\n\t\t\tRoyaleks ailesi olarak mutlu ve huzurlu g&uuml;nlerde kullanman\u0131z dile\u011fiyle.<br \/>\n\t\t\t% 100 Pamuktan &uuml;retilmi\u015ftir.<br \/>\n\t\t\tPaket \u0130&ccedil;eri\u011fi: 12 Adet Fitilli Pamuklu Kad\u0131n Ka\u015fkorse Bikini K&uuml;lot<\/span><\/span><\/span><\/span><\/span><\/span><\/td>\n<\/tr>\n<\/tbody>\n<\/table>\n","protected":false},"excerpt":{"rendered":"<p>12 Adet Fitilli Pamuklu Kad\u0131n Ka\u015fkorse Bikini K\u00fclot<\/p>\n","protected":false},"featured_media":76149,"comment_status":"open","ping_status":"closed","template":"","meta":{"_kad_post_transparent":"","_kad_post_title":"","_kad_post_layout":"","_kad_post_sidebar_id":"","_kad_post_content_style":"","_kad_post_vertical_padding":"","_kad_post_feature":"","_kad_post_feature_position":"","_kad_post_header":false,"_kad_post_footer":false,"_kad_post_classname":""},"product_brand":[],"product_cat":[538,537,539],"product_tag":[],"class_list":{"0":"post-76150","1":"product","2":"type-product","3":"status-publish","4":"has-post-thumbnail","6":"product_cat-ic-giyim","7":"product_cat-kadin","8":"product_cat-kulot","10":"first","11":"instock","12":"shipping-taxable","13":"purchasable","14":"product-type-simple","15":"entry","16":"content-bg","17":"loop-entry"},"_links":{"self":[{"href":"https:\/\/www.hediyepazar.com\/index.php?rest_route=\/wp\/v2\/product\/76150","targetHints":{"allow":["GET"]}}],"collection":[{"href":"https:\/\/www.hediyepazar.com\/index.php?rest_route=\/wp\/v2\/product"}],"about":[{"href":"https:\/\/www.hediyepazar.com\/index.php?rest_route=\/wp\/v2\/types\/product"}],"replies":[{"embeddable":true,"href":"https:\/\/www.hediyepazar.com\/index.php?rest_route=%2Fwp%2Fv2%2Fcomments&post=76150"}],"wp:featuredmedia":[{"embeddable":true,"href":"https:\/\/www.hediyepazar.com\/index.php?rest_route=\/wp\/v2\/media\/76149"}],"wp:attachment":[{"href":"https:\/\/www.hediyepazar.com\/index.php?rest_route=%2Fwp%2Fv2%2Fmedia&parent=76150"}],"wp:term":[{"taxonomy":"product_brand","embeddable":true,"href":"https:\/\/www.hediyepazar.com\/index.php?rest_route=%2Fwp%2Fv2%2Fproduct_brand&post=76150"},{"taxonomy":"product_cat","embeddable":true,"href":"https:\/\/www.hediyepazar.com\/index.php?rest_route=%2Fwp%2Fv2%2Fproduct_cat&post=76150"},{"taxonomy":"product_tag","embeddable":true,"href":"https:\/\/www.hediyepazar.com\/index.php?rest_route=%2Fwp%2Fv2%2Fproduct_tag&post=76150"}],"curies":[{"name":"wp","href":"https:\/\/api.w.org\/{rel}","templated":true}]}}