{"id":76264,"date":"2026-04-29T22:02:43","date_gmt":"2026-04-30T01:02:43","guid":{"rendered":"https:\/\/www.hediyepazar.com\/?product=motifmatik-yuvarlak-motif-yapma-aparati"},"modified":"2026-04-29T22:02:43","modified_gmt":"2026-04-30T01:02:43","slug":"motifmatik-yuvarlak-motif-yapma-aparati","status":"publish","type":"product","link":"https:\/\/www.hediyepazar.com\/?product=motifmatik-yuvarlak-motif-yapma-aparati","title":{"rendered":"Motifmatik Yuvarlak Motif Yapma Aparat\u0131"},"content":{"rendered":"<table style=\"border-collapse:collapse; width:98pt; border:none\" width=\"131\">\n<colgroup>\n<col style=\"width:98pt\" width=\"131\" \/>\n\t<\/colgroup>\n<tbody>\n<tr height=\"20\" style=\"height:15.0pt\">\n<td height=\"20\" style=\"border:none; height:15.0pt; width:98pt; padding-top:1px; padding-right:1px; padding-left:1px; vertical-align:bottom; white-space:nowrap\" width=\"131\"><span style=\"font-size:11pt\"><span style=\"color:black\"><span style=\"font-weight:400\"><span style=\"font-style:normal\"><span style=\"text-decoration:none\"><span style=\"font-family:Calibri,sans-serif\">Motifmatik Yuvarlak Motif Yapma Aparat\u0131<br \/>\n\t\t\t&#8211; Sert plastik malzemeden &uuml;retilmi\u015ftir.<br \/>\n\t\t\t&#8211; &Uuml;r&uuml;n stok durumuna g&ouml;re farkl\u0131 renklerde g&ouml;nderilecektir.<br \/>\n\t\t\t&#8211; 10 cm &ccedil;ap\u0131ndad\u0131r.<br \/>\n\t\t\t&#8211; Plastik i\u011fnesi mevcuttur.<br \/>\n\t\t\t&#8211; \u0130\u011fnesi 10 cm uzunlu\u011fundad\u0131r.<br \/>\n\t\t\t&#8211; &Ccedil;i&ccedil;ek, g&uuml;l gibi motifler &uuml;retmek i&ccedil;in kullan\u0131labilir.<\/span><\/span><\/span><\/span><\/span><\/span><\/td>\n<\/tr>\n<\/tbody>\n<\/table>\n","protected":false},"excerpt":{"rendered":"<p>Motifmatik Yuvarlak Motif Yapma Aparat\u0131<\/p>\n","protected":false},"featured_media":76263,"comment_status":"open","ping_status":"closed","template":"","meta":{"_kad_post_transparent":"","_kad_post_title":"","_kad_post_layout":"","_kad_post_sidebar_id":"","_kad_post_content_style":"","_kad_post_vertical_padding":"","_kad_post_feature":"","_kad_post_feature_position":"","_kad_post_header":false,"_kad_post_footer":false,"_kad_post_classname":""},"product_brand":[],"product_cat":[557,568,569],"product_tag":[],"class_list":{"0":"post-76264","1":"product","2":"type-product","3":"status-publish","4":"has-post-thumbnail","6":"product_cat-ev-yasam","7":"product_cat-hobi","8":"product_cat-hobi-malzemeleri","10":"first","11":"instock","12":"shipping-taxable","13":"purchasable","14":"product-type-simple","15":"entry","16":"content-bg","17":"loop-entry"},"_links":{"self":[{"href":"https:\/\/www.hediyepazar.com\/index.php?rest_route=\/wp\/v2\/product\/76264","targetHints":{"allow":["GET"]}}],"collection":[{"href":"https:\/\/www.hediyepazar.com\/index.php?rest_route=\/wp\/v2\/product"}],"about":[{"href":"https:\/\/www.hediyepazar.com\/index.php?rest_route=\/wp\/v2\/types\/product"}],"replies":[{"embeddable":true,"href":"https:\/\/www.hediyepazar.com\/index.php?rest_route=%2Fwp%2Fv2%2Fcomments&post=76264"}],"wp:featuredmedia":[{"embeddable":true,"href":"https:\/\/www.hediyepazar.com\/index.php?rest_route=\/wp\/v2\/media\/76263"}],"wp:attachment":[{"href":"https:\/\/www.hediyepazar.com\/index.php?rest_route=%2Fwp%2Fv2%2Fmedia&parent=76264"}],"wp:term":[{"taxonomy":"product_brand","embeddable":true,"href":"https:\/\/www.hediyepazar.com\/index.php?rest_route=%2Fwp%2Fv2%2Fproduct_brand&post=76264"},{"taxonomy":"product_cat","embeddable":true,"href":"https:\/\/www.hediyepazar.com\/index.php?rest_route=%2Fwp%2Fv2%2Fproduct_cat&post=76264"},{"taxonomy":"product_tag","embeddable":true,"href":"https:\/\/www.hediyepazar.com\/index.php?rest_route=%2Fwp%2Fv2%2Fproduct_tag&post=76264"}],"curies":[{"name":"wp","href":"https:\/\/api.w.org\/{rel}","templated":true}]}}