{"id":76266,"date":"2026-04-29T22:02:50","date_gmt":"2026-04-30T01:02:50","guid":{"rendered":"https:\/\/www.hediyepazar.com\/?product=ponpon-makinasi-4lu-set-ponponmatik-4-farkli-boy"},"modified":"2026-04-29T22:02:50","modified_gmt":"2026-04-30T01:02:50","slug":"ponpon-makinasi-4lu-set-ponponmatik-4-farkli-boy","status":"publish","type":"product","link":"https:\/\/www.hediyepazar.com\/?product=ponpon-makinasi-4lu-set-ponponmatik-4-farkli-boy","title":{"rendered":"Ponpon Makinas\u0131 4&#8217;l\u00fc Set Ponponmatik 4 Farkl\u0131 Boy"},"content":{"rendered":"<table style=\"border-collapse:collapse; width:98pt; border:none\" width=\"131\">\n<colgroup>\n<col style=\"width:98pt\" width=\"131\" \/>\n\t<\/colgroup>\n<tbody>\n<tr height=\"20\" style=\"height:15.0pt\">\n<td height=\"20\" style=\"border:none; height:15.0pt; width:98pt; padding-top:1px; padding-right:1px; padding-left:1px; vertical-align:bottom; white-space:nowrap\" width=\"131\"><span style=\"font-size:11pt\"><span style=\"color:black\"><span style=\"font-weight:400\"><span style=\"font-style:normal\"><span style=\"text-decoration:none\"><span style=\"font-family:Calibri,sans-serif\">Ponpon Makinas\u0131 4&#39;l&uuml; Set Ponponmatik 4 Farkl\u0131 Boy<br \/>\n\t\t\t4&#39;l&uuml; ponponmatik makinas\u0131,<br \/>\n\t\t\t4 ayr\u0131 boyda paket i&ccedil;inde g&ouml;nderilecektir,<br \/>\n\t\t\tplastikten &uuml;retilmi\u015ftir,<br \/>\n\t\t\tHer t&uuml;rl&uuml; ama&ccedil;l\u0131 ponpon yap\u0131m\u0131nda yard\u0131mc\u0131n\u0131z evde hem bo\u015f vaktinizi de\u011ferlendirir<br \/>\n\t\t\them de kullan\u0131lmayan ipleriniz harika ponponlara d&ouml;n&uuml;\u015f&uuml;r.<\/span><\/span><\/span><\/span><\/span><\/span><\/td>\n<\/tr>\n<\/tbody>\n<\/table>\n","protected":false},"excerpt":{"rendered":"<p>Ponpon Makinas\u0131 4&#8217;l\u00fc Set Ponponmatik 4 Farkl\u0131 Boy<\/p>\n","protected":false},"featured_media":76265,"comment_status":"open","ping_status":"closed","template":"","meta":{"_kad_post_transparent":"","_kad_post_title":"","_kad_post_layout":"","_kad_post_sidebar_id":"","_kad_post_content_style":"","_kad_post_vertical_padding":"","_kad_post_feature":"","_kad_post_feature_position":"","_kad_post_header":false,"_kad_post_footer":false,"_kad_post_classname":""},"product_brand":[],"product_cat":[557,568,569],"product_tag":[],"class_list":{"0":"post-76266","1":"product","2":"type-product","3":"status-publish","4":"has-post-thumbnail","6":"product_cat-ev-yasam","7":"product_cat-hobi","8":"product_cat-hobi-malzemeleri","10":"first","11":"instock","12":"shipping-taxable","13":"purchasable","14":"product-type-simple","15":"entry","16":"content-bg","17":"loop-entry"},"_links":{"self":[{"href":"https:\/\/www.hediyepazar.com\/index.php?rest_route=\/wp\/v2\/product\/76266","targetHints":{"allow":["GET"]}}],"collection":[{"href":"https:\/\/www.hediyepazar.com\/index.php?rest_route=\/wp\/v2\/product"}],"about":[{"href":"https:\/\/www.hediyepazar.com\/index.php?rest_route=\/wp\/v2\/types\/product"}],"replies":[{"embeddable":true,"href":"https:\/\/www.hediyepazar.com\/index.php?rest_route=%2Fwp%2Fv2%2Fcomments&post=76266"}],"wp:featuredmedia":[{"embeddable":true,"href":"https:\/\/www.hediyepazar.com\/index.php?rest_route=\/wp\/v2\/media\/76265"}],"wp:attachment":[{"href":"https:\/\/www.hediyepazar.com\/index.php?rest_route=%2Fwp%2Fv2%2Fmedia&parent=76266"}],"wp:term":[{"taxonomy":"product_brand","embeddable":true,"href":"https:\/\/www.hediyepazar.com\/index.php?rest_route=%2Fwp%2Fv2%2Fproduct_brand&post=76266"},{"taxonomy":"product_cat","embeddable":true,"href":"https:\/\/www.hediyepazar.com\/index.php?rest_route=%2Fwp%2Fv2%2Fproduct_cat&post=76266"},{"taxonomy":"product_tag","embeddable":true,"href":"https:\/\/www.hediyepazar.com\/index.php?rest_route=%2Fwp%2Fv2%2Fproduct_tag&post=76266"}],"curies":[{"name":"wp","href":"https:\/\/api.w.org\/{rel}","templated":true}]}}