{"id":76336,"date":"2026-04-29T22:07:21","date_gmt":"2026-04-30T01:07:21","guid":{"rendered":"https:\/\/www.hediyepazar.com\/?product=3-adet-dantel-nakis-islemeli-pedli-bambu-kadin-bustiyer-krem"},"modified":"2026-04-29T22:07:21","modified_gmt":"2026-04-30T01:07:21","slug":"3-adet-dantel-nakis-islemeli-pedli-bambu-kadin-bustiyer-krem","status":"publish","type":"product","link":"https:\/\/www.hediyepazar.com\/?product=3-adet-dantel-nakis-islemeli-pedli-bambu-kadin-bustiyer-krem","title":{"rendered":"3 Adet Dantel Nak\u0131\u015f \u0130\u015flemeli Pedli Bambu Kad\u0131n B\u00fcstiyer Krem"},"content":{"rendered":"<table style=\"border-collapse:collapse; width:166pt; border:none\" width=\"221\">\n<colgroup>\n<col style=\"width:166pt\" width=\"221\" \/>\n\t<\/colgroup>\n<tbody>\n<tr height=\"20\" style=\"height:15.0pt\">\n<td class=\"xl65\" height=\"20\" style=\"border:none; height:15.0pt; width:166pt; white-space:nowrap; padding-top:1px; padding-right:1px; padding-left:1px; vertical-align:bottom\" width=\"221\"><span style=\"font-size:11pt\"><span style=\"color:black\"><span style=\"font-weight:400\"><span style=\"font-style:normal\"><span style=\"text-decoration:none\"><span style=\"font-family:Calibri,sans-serif\">3 Adet Dantel Nak\u0131\u015f \u0130\u015flemeli Pedli Bambu Kad\u0131n B&uuml;stiyer Krem<br \/>\n\t\t\tBambu kuma\u015f\u0131 sayesinde yumu\u015fak ve rahatt\u0131r.<br \/>\n\t\t\tYaz aylar\u0131nda terletme yapmayan kuma\u015f ve nefes alan &ouml;zelli\u011fi sayesinde<br \/>\n\t\t\tg&uuml;ndelik hayatta kullan\u0131labilir.<br \/>\n\t\t\tG&ouml;\u011f&uuml;s taraf\u0131nda ped k\u0131sm\u0131 mevcuttur.<br \/>\n\t\t\tBu sayede g&ouml;\u011f&uuml;s ucu kapat\u0131c\u0131 kullan\u0131lmadan tek ba\u015f\u0131na g&uuml;n i&ccedil;inde t&uuml;m mevsimlerde kullan\u0131labilir.<br \/>\n\t\t\tPed istenildi\u011fi zaman &ccedil;\u0131kar\u0131labilir sabit de\u011fildir.<br \/>\n\t\t\tPed olmadan da kullan\u0131m imkan\u0131 sa\u011flar.<br \/>\n\t\t\t\u015e\u0131k kad\u0131n b&uuml;stiyer &uuml;r&uuml;n&uuml;m&uuml;zde dantel kenarlar mevcuttur.&nbsp;<br \/>\n\t\t\tModern bir kad\u0131n b&uuml;stiyer g&ouml;r&uuml;n&uuml;m&uuml; kazanan nak\u0131\u015f i\u015flemeli b&uuml;stiyerler<br \/>\n\t\t\t&uuml;zerine bir bolero eklenerekte haval\u0131 ve farkl\u0131 kombinler olu\u015fturulabilir.<br \/>\n\t\t\tKad\u0131n b&uuml;stiyer giyim &uuml;r&uuml;nlerinde sa\u011fl\u0131\u011f\u0131n\u0131z i&ccedil;in en &ouml;nemli materyal olan pamuklu kuma\u015flar\u0131 tercih ediniz.<br \/>\n\t\t\t&Ccedil;abuk kurur ve &uuml;t&uuml; gerektirmez.&nbsp; % 90 Bambu % 10 Elestan<br \/>\n\t\t\tBambu kad\u0131n nak\u0131\u015fl\u0131 b&uuml;stiyer \u015f\u0131kl\u0131k arayan kad\u0131nlar\u0131n terchidir.<br \/>\n\t\t\tKal\u0131n ask\u0131s\u0131 sayesinde bel a\u011fr\u0131s\u0131 yapmaz.<br \/>\n\t\t\tRoyaleks ailesi olarak g&uuml;zel g&uuml;nlerde kullanman\u0131z\u0131 temenni ederiz.<br \/>\n\t\t\tPaket \u0130&ccedil;eri\u011fi:<br \/>\n\t\t\t3 Adet Dantel Nak\u0131\u015f \u0130\u015flemeli Pedli Bambu Kad\u0131n B&uuml;stiyer Krem<\/span><\/span><\/span><\/span><\/span><\/span><\/td>\n<\/tr>\n<\/tbody>\n<\/table>\n","protected":false},"excerpt":{"rendered":"<p>3 Adet Dantel Nak\u0131\u015f \u0130\u015flemeli Pedli Bambu Kad\u0131n B\u00fcstiyer Krem<\/p>\n","protected":false},"featured_media":76335,"comment_status":"open","ping_status":"closed","template":"","meta":{"_kad_post_transparent":"","_kad_post_title":"","_kad_post_layout":"","_kad_post_sidebar_id":"","_kad_post_content_style":"","_kad_post_vertical_padding":"","_kad_post_feature":"","_kad_post_feature_position":"","_kad_post_header":false,"_kad_post_footer":false,"_kad_post_classname":""},"product_brand":[],"product_cat":[543,457,537],"product_tag":[],"class_list":{"0":"post-76336","1":"product","2":"type-product","3":"status-publish","4":"has-post-thumbnail","6":"product_cat-bluz-tunik-bustiyer","7":"product_cat-giyim","8":"product_cat-kadin","10":"first","11":"instock","12":"shipping-taxable","13":"purchasable","14":"product-type-simple","15":"entry","16":"content-bg","17":"loop-entry"},"_links":{"self":[{"href":"https:\/\/www.hediyepazar.com\/index.php?rest_route=\/wp\/v2\/product\/76336","targetHints":{"allow":["GET"]}}],"collection":[{"href":"https:\/\/www.hediyepazar.com\/index.php?rest_route=\/wp\/v2\/product"}],"about":[{"href":"https:\/\/www.hediyepazar.com\/index.php?rest_route=\/wp\/v2\/types\/product"}],"replies":[{"embeddable":true,"href":"https:\/\/www.hediyepazar.com\/index.php?rest_route=%2Fwp%2Fv2%2Fcomments&post=76336"}],"wp:featuredmedia":[{"embeddable":true,"href":"https:\/\/www.hediyepazar.com\/index.php?rest_route=\/wp\/v2\/media\/76335"}],"wp:attachment":[{"href":"https:\/\/www.hediyepazar.com\/index.php?rest_route=%2Fwp%2Fv2%2Fmedia&parent=76336"}],"wp:term":[{"taxonomy":"product_brand","embeddable":true,"href":"https:\/\/www.hediyepazar.com\/index.php?rest_route=%2Fwp%2Fv2%2Fproduct_brand&post=76336"},{"taxonomy":"product_cat","embeddable":true,"href":"https:\/\/www.hediyepazar.com\/index.php?rest_route=%2Fwp%2Fv2%2Fproduct_cat&post=76336"},{"taxonomy":"product_tag","embeddable":true,"href":"https:\/\/www.hediyepazar.com\/index.php?rest_route=%2Fwp%2Fv2%2Fproduct_tag&post=76336"}],"curies":[{"name":"wp","href":"https:\/\/api.w.org\/{rel}","templated":true}]}}