{"id":76394,"date":"2026-04-29T22:11:27","date_gmt":"2026-04-30T01:11:27","guid":{"rendered":"https:\/\/www.hediyepazar.com\/?product=calico-bebe-pamuklu-bebek-ve-battaniye-orgu-ipi-2378-krem"},"modified":"2026-04-29T22:11:27","modified_gmt":"2026-04-30T01:11:27","slug":"calico-bebe-pamuklu-bebek-ve-battaniye-orgu-ipi-2378-krem","status":"publish","type":"product","link":"https:\/\/www.hediyepazar.com\/?product=calico-bebe-pamuklu-bebek-ve-battaniye-orgu-ipi-2378-krem","title":{"rendered":"Calico Bebe Pamuklu Bebek Ve Battaniye \u00d6rg\u00fc Ipi 2378 Krem"},"content":{"rendered":"<table style=\"border-collapse:collapse; width:98pt; border:none\" width=\"131\">\n<colgroup>\n<col style=\"width:98pt\" width=\"131\" \/>\n\t<\/colgroup>\n<tbody>\n<tr height=\"20\" style=\"height:15.0pt\">\n<td class=\"xl65\" height=\"20\" style=\"border:none; height:15.0pt; width:98pt; white-space:nowrap; padding-top:1px; padding-right:1px; padding-left:1px; vertical-align:bottom\" width=\"131\"><span style=\"font-size:11pt\"><span style=\"color:black\"><span style=\"font-weight:400\"><span style=\"font-style:normal\"><span style=\"text-decoration:none\"><span style=\"font-family:Calibri,sans-serif\">1 Adet Calico Bebe Pamuklu Bebek Ve Battaniye &Ouml;rg&uuml; Ipi 2378 Krem<br \/>\n\t\t\tYumak gramaj\u0131 : 100 g<br \/>\n\t\t\tEtiket metraj\u0131 : 245 m<br \/>\n\t\t\t\u0130lgili \u015fi\u015f numaralar\u0131 : 4 &#8211; 4.5<br \/>\n\t\t\t\u0130lgili t\u0131\u011f numaralar\u0131 : 3<br \/>\n\t\t\t\u0130lmek bilgisi : 10&#215;10 cm &ouml;l&ccedil;&uuml; i&ccedil;in 30 S\u0131ra 22 \u0130lmek<br \/>\n\t\t\tMevsim : \u0130lkbahar, Yaz<br \/>\n\t\t\tNerede kullan\u0131labilir? : Bebek giyim &uuml;r&uuml;nleri, battaniyeler,<br \/>\n\t\t\tPaket i&ccedil;eri\u011fi:<br \/>\n\t\t\t1 Adet Calico Bebe Pamuklu Bebek Ve Battaniye &Ouml;rg&uuml; Ipi 2378 Krem<\/span><\/span><\/span><\/span><\/span><\/span><\/td>\n<\/tr>\n<\/tbody>\n<\/table>\n","protected":false},"excerpt":{"rendered":"<p>Calico Bebe Pamuklu Bebek Ve Battaniye \u00d6rg\u00fc Ipi 2378 Krem<\/p>\n","protected":false},"featured_media":76393,"comment_status":"open","ping_status":"closed","template":"","meta":{"_kad_post_transparent":"","_kad_post_title":"","_kad_post_layout":"","_kad_post_sidebar_id":"","_kad_post_content_style":"","_kad_post_vertical_padding":"","_kad_post_feature":"","_kad_post_feature_position":"","_kad_post_header":false,"_kad_post_footer":false,"_kad_post_classname":""},"product_brand":[],"product_cat":[557,568,569],"product_tag":[],"class_list":{"0":"post-76394","1":"product","2":"type-product","3":"status-publish","4":"has-post-thumbnail","6":"product_cat-ev-yasam","7":"product_cat-hobi","8":"product_cat-hobi-malzemeleri","10":"first","11":"instock","12":"shipping-taxable","13":"purchasable","14":"product-type-simple","15":"entry","16":"content-bg","17":"loop-entry"},"_links":{"self":[{"href":"https:\/\/www.hediyepazar.com\/index.php?rest_route=\/wp\/v2\/product\/76394","targetHints":{"allow":["GET"]}}],"collection":[{"href":"https:\/\/www.hediyepazar.com\/index.php?rest_route=\/wp\/v2\/product"}],"about":[{"href":"https:\/\/www.hediyepazar.com\/index.php?rest_route=\/wp\/v2\/types\/product"}],"replies":[{"embeddable":true,"href":"https:\/\/www.hediyepazar.com\/index.php?rest_route=%2Fwp%2Fv2%2Fcomments&post=76394"}],"wp:featuredmedia":[{"embeddable":true,"href":"https:\/\/www.hediyepazar.com\/index.php?rest_route=\/wp\/v2\/media\/76393"}],"wp:attachment":[{"href":"https:\/\/www.hediyepazar.com\/index.php?rest_route=%2Fwp%2Fv2%2Fmedia&parent=76394"}],"wp:term":[{"taxonomy":"product_brand","embeddable":true,"href":"https:\/\/www.hediyepazar.com\/index.php?rest_route=%2Fwp%2Fv2%2Fproduct_brand&post=76394"},{"taxonomy":"product_cat","embeddable":true,"href":"https:\/\/www.hediyepazar.com\/index.php?rest_route=%2Fwp%2Fv2%2Fproduct_cat&post=76394"},{"taxonomy":"product_tag","embeddable":true,"href":"https:\/\/www.hediyepazar.com\/index.php?rest_route=%2Fwp%2Fv2%2Fproduct_tag&post=76394"}],"curies":[{"name":"wp","href":"https:\/\/api.w.org\/{rel}","templated":true}]}}