{"id":76504,"date":"2026-04-29T22:19:28","date_gmt":"2026-04-30T01:19:28","guid":{"rendered":"https:\/\/www.hediyepazar.com\/?product=favori-batik-el-orgu-ipligi-100-gr-903"},"modified":"2026-04-29T22:19:28","modified_gmt":"2026-04-30T01:19:28","slug":"favori-batik-el-orgu-ipligi-100-gr-903","status":"publish","type":"product","link":"https:\/\/www.hediyepazar.com\/?product=favori-batik-el-orgu-ipligi-100-gr-903","title":{"rendered":"Favori Batik El \u00d6rg\u00fc Ipli\u011fi 100 Gr 903"},"content":{"rendered":"<table style=\"border-collapse:collapse; width:98pt; border:none\" width=\"131\">\n<colgroup>\n<col style=\"width:98pt\" width=\"131\" \/>\n\t<\/colgroup>\n<tbody>\n<tr height=\"20\" style=\"height:15.0pt\">\n<td class=\"xl63\" height=\"20\" style=\"border:none; height:15.0pt; width:98pt; white-space:nowrap; padding-top:1px; padding-right:1px; padding-left:1px; vertical-align:bottom\" width=\"131\"><span style=\"font-size:11pt\"><span style=\"color:black\"><span style=\"font-weight:400\"><span style=\"font-style:normal\"><span style=\"text-decoration:none\"><span style=\"font-family:Calibri,sans-serif\">Favori Batik El &Ouml;rg&uuml; Ipli\u011fi 100 Gr 903<br \/>\n\t\t\t&Ouml;ren Bayan markas\u0131n\u0131n Favori Batik iplerinde kullan\u0131lan y&uuml;ksek &uuml;retim teknolojisi sayesinde yumu\u015fak doku ve<br \/>\n\t\t\tiplik d&uuml;zg&uuml;nl&uuml;\u011f&uuml; maksimum boyuttad\u0131r. Kullanmak istedi\u011finiz b&uuml;t&uuml;n &ouml;rg&uuml; modelleri i&ccedil;in tercih edebilirsiniz.<\/p>\n<p>\t\t\t\u0130lmek Bilgisi:10&#215;10 cm = 19 ilmek x 26 s\u0131ra<br \/>\n\t\t\tKullan\u0131m Alanlar\u0131:H\u0131rka, kazak, \u015fal, bluz, ev tekstili, amigurumi, oyuncak bebek vb. &uuml;r&uuml;nlerin yap\u0131m\u0131nda kullan\u0131l\u0131r.<br \/>\n\t\t\t&Uuml;r&uuml;n Ad\u0131:&Ouml;ren Bayan Favori Batik<br \/>\n\t\t\t&Uuml;r&uuml;n Tipi:El &Ouml;rg&uuml; \u0130pi<br \/>\n\t\t\t\u0130&ccedil;erik:%100 Akrilik<br \/>\n\t\t\tGramaj:100 Gr<br \/>\n\t\t\t\u015ei\u015f No: 4-4.5<br \/>\n\t\t\tT\u0131\u011f No:4-4.5-5<\/p>\n<p>\t\t\tPaket \u0130&ccedil;eri\u011fi :<br \/>\n\t\t\t1 Adet Favori Batik El &Ouml;rg&uuml; Ipli\u011fi 100 Gr 903<\/span><\/span><\/span><\/span><\/span><\/span><\/td>\n<\/tr>\n<\/tbody>\n<\/table>\n","protected":false},"excerpt":{"rendered":"<p>Favori Batik El \u00d6rg\u00fc Ipli\u011fi 100 Gr 903<\/p>\n","protected":false},"featured_media":76503,"comment_status":"open","ping_status":"closed","template":"","meta":{"_kad_post_transparent":"","_kad_post_title":"","_kad_post_layout":"","_kad_post_sidebar_id":"","_kad_post_content_style":"","_kad_post_vertical_padding":"","_kad_post_feature":"","_kad_post_feature_position":"","_kad_post_header":false,"_kad_post_footer":false,"_kad_post_classname":""},"product_brand":[],"product_cat":[557,568,569],"product_tag":[],"class_list":{"0":"post-76504","1":"product","2":"type-product","3":"status-publish","4":"has-post-thumbnail","6":"product_cat-ev-yasam","7":"product_cat-hobi","8":"product_cat-hobi-malzemeleri","10":"first","11":"instock","12":"shipping-taxable","13":"purchasable","14":"product-type-simple","15":"entry","16":"content-bg","17":"loop-entry"},"_links":{"self":[{"href":"https:\/\/www.hediyepazar.com\/index.php?rest_route=\/wp\/v2\/product\/76504","targetHints":{"allow":["GET"]}}],"collection":[{"href":"https:\/\/www.hediyepazar.com\/index.php?rest_route=\/wp\/v2\/product"}],"about":[{"href":"https:\/\/www.hediyepazar.com\/index.php?rest_route=\/wp\/v2\/types\/product"}],"replies":[{"embeddable":true,"href":"https:\/\/www.hediyepazar.com\/index.php?rest_route=%2Fwp%2Fv2%2Fcomments&post=76504"}],"wp:featuredmedia":[{"embeddable":true,"href":"https:\/\/www.hediyepazar.com\/index.php?rest_route=\/wp\/v2\/media\/76503"}],"wp:attachment":[{"href":"https:\/\/www.hediyepazar.com\/index.php?rest_route=%2Fwp%2Fv2%2Fmedia&parent=76504"}],"wp:term":[{"taxonomy":"product_brand","embeddable":true,"href":"https:\/\/www.hediyepazar.com\/index.php?rest_route=%2Fwp%2Fv2%2Fproduct_brand&post=76504"},{"taxonomy":"product_cat","embeddable":true,"href":"https:\/\/www.hediyepazar.com\/index.php?rest_route=%2Fwp%2Fv2%2Fproduct_cat&post=76504"},{"taxonomy":"product_tag","embeddable":true,"href":"https:\/\/www.hediyepazar.com\/index.php?rest_route=%2Fwp%2Fv2%2Fproduct_tag&post=76504"}],"curies":[{"name":"wp","href":"https:\/\/api.w.org\/{rel}","templated":true}]}}