{"id":76570,"date":"2026-04-29T22:22:46","date_gmt":"2026-04-30T01:22:46","guid":{"rendered":"https:\/\/www.hediyepazar.com\/?product=natural-beauty-amonyaksiz-sac-boyasi-8-1-kullu-acik-kumral"},"modified":"2026-04-29T22:22:46","modified_gmt":"2026-04-30T01:22:46","slug":"natural-beauty-amonyaksiz-sac-boyasi-8-1-kullu-acik-kumral","status":"publish","type":"product","link":"https:\/\/www.hediyepazar.com\/?product=natural-beauty-amonyaksiz-sac-boyasi-8-1-kullu-acik-kumral","title":{"rendered":"Natural Beauty Amonyaks\u0131z Sa\u00e7 Boyas\u0131 8.1 K\u00fcll\u00fc A\u00e7\u0131k Kumral"},"content":{"rendered":"<table style=\"border-collapse:collapse; width:65pt; border:none\" width=\"86\">\n<colgroup>\n<col style=\"width:65pt\" width=\"86\" \/>\n\t<\/colgroup>\n<tbody>\n<tr height=\"20\" style=\"height:15.0pt\">\n<td height=\"20\" style=\"border:none; height:15.0pt; width:65pt; padding-top:1px; padding-right:1px; padding-left:1px; vertical-align:bottom; white-space:nowrap\" width=\"86\"><span style=\"font-size:11pt\"><span style=\"color:black\"><span style=\"font-weight:400\"><span style=\"font-style:normal\"><span style=\"text-decoration:none\"><span style=\"font-family:Calibri,sans-serif\">Natural Beauty Amonyaks\u0131z Sa&ccedil; Boyas\u0131 8.1 K&uuml;ll&uuml; A&ccedil;\u0131k Kumral<br \/>\n\t\t\tMAXX DELUXE NATURAL BEAUTY SET BOYA<br \/>\n\t\t\tAmonyaks\u0131z &ouml;zel form&uuml;l&uuml;yle kokusuz boyama konforu.<br \/>\n\t\t\tZengin ya\u011f bak\u0131m i&ccedil;eri\u011fiyle g&uuml;&ccedil;lendirici etki.<br \/>\n\t\t\tYo\u011fun kal\u0131c\u0131 renk ve parlakl\u0131k.<br \/>\n\t\t\tDipten uca renk b&uuml;t&uuml;nl&uuml;\u011f&uuml; ve m&uuml;kemmel beyaz kapama.<br \/>\n\t\t\t22 renk se&ccedil;ene\u011fi.<br \/>\n\t\t\tParaben ve slikon i&ccedil;ermez.<br \/>\n\t\t\tMaxx Deluxe Natural Beauty, form&uuml;l&uuml;ndeki renk sabitleyici ajanlar sayesinde rengin sa&ccedil;ta daha uzun s&uuml;re kalmas\u0131n\u0131 sa\u011flar.<br \/>\n\t\t\tAloe vera, sa&ccedil; derisini &ouml;l&uuml; h&uuml;crelerden ar\u0131nd\u0131r\u0131r, hassas sa&ccedil; derisini yat\u0131\u015ft\u0131r\u0131r.<br \/>\n\t\t\tAloe vera i&ccedil;eri\u011findeki A, B ve C vitaminleri ile sa&ccedil;\u0131 besler ve sa\u011fl\u0131kl\u0131 uzamas\u0131na yard\u0131mc\u0131 olur.<br \/>\n\t\t\tSET BOYA KUTU \u0130&Ccedil;ER\u0130\u011e\u0130<br \/>\n\t\t\t2 ADET T&Uuml;P KREM SA&Ccedil; BOYASI<br \/>\n\t\t\t2 ADET OKS\u0130DAN KREM<br \/>\n\t\t\t1 ADET BAKIM KREM\u0130<br \/>\n\t\t\t1 ADET RENK KORUYUCU SA&Ccedil; BAKIM \u015eAMPUANI<br \/>\n\t\t\t1 &Ccedil;\u0130FT ELD\u0130VEN VE KULLANMA KLAVUZU<br \/>\n\t\t\t*** ALMI\u015e OLDU\u011eUNUZ &Uuml;R&Uuml;N TOPLAMDA 1 PAKET SET BOYADIR.<\/span><\/span><\/span><\/span><\/span><\/span><\/td>\n<\/tr>\n<\/tbody>\n<\/table>\n","protected":false},"excerpt":{"rendered":"<p>Natural Beauty Amonyaks\u0131z Sa\u00e7 Boyas\u0131 8.1 K\u00fcll\u00fc A\u00e7\u0131k Kumral<\/p>\n","protected":false},"featured_media":76569,"comment_status":"open","ping_status":"closed","template":"","meta":{"_kad_post_transparent":"","_kad_post_title":"","_kad_post_layout":"","_kad_post_sidebar_id":"","_kad_post_content_style":"","_kad_post_vertical_padding":"","_kad_post_feature":"","_kad_post_feature_position":"","_kad_post_header":false,"_kad_post_footer":false,"_kad_post_classname":""},"product_brand":[],"product_cat":[452,586,593],"product_tag":[],"class_list":{"0":"post-76570","1":"product","2":"type-product","3":"status-publish","4":"has-post-thumbnail","6":"product_cat-kozmetik","7":"product_cat-sac-bakimi","8":"product_cat-sac-boyasi","10":"first","11":"instock","12":"shipping-taxable","13":"purchasable","14":"product-type-simple","15":"entry","16":"content-bg","17":"loop-entry"},"_links":{"self":[{"href":"https:\/\/www.hediyepazar.com\/index.php?rest_route=\/wp\/v2\/product\/76570","targetHints":{"allow":["GET"]}}],"collection":[{"href":"https:\/\/www.hediyepazar.com\/index.php?rest_route=\/wp\/v2\/product"}],"about":[{"href":"https:\/\/www.hediyepazar.com\/index.php?rest_route=\/wp\/v2\/types\/product"}],"replies":[{"embeddable":true,"href":"https:\/\/www.hediyepazar.com\/index.php?rest_route=%2Fwp%2Fv2%2Fcomments&post=76570"}],"wp:featuredmedia":[{"embeddable":true,"href":"https:\/\/www.hediyepazar.com\/index.php?rest_route=\/wp\/v2\/media\/76569"}],"wp:attachment":[{"href":"https:\/\/www.hediyepazar.com\/index.php?rest_route=%2Fwp%2Fv2%2Fmedia&parent=76570"}],"wp:term":[{"taxonomy":"product_brand","embeddable":true,"href":"https:\/\/www.hediyepazar.com\/index.php?rest_route=%2Fwp%2Fv2%2Fproduct_brand&post=76570"},{"taxonomy":"product_cat","embeddable":true,"href":"https:\/\/www.hediyepazar.com\/index.php?rest_route=%2Fwp%2Fv2%2Fproduct_cat&post=76570"},{"taxonomy":"product_tag","embeddable":true,"href":"https:\/\/www.hediyepazar.com\/index.php?rest_route=%2Fwp%2Fv2%2Fproduct_tag&post=76570"}],"curies":[{"name":"wp","href":"https:\/\/api.w.org\/{rel}","templated":true}]}}