{"id":76782,"date":"2026-04-29T22:32:31","date_gmt":"2026-04-30T01:32:31","guid":{"rendered":"https:\/\/www.hediyepazar.com\/?product=yag-sicratmayan-tava-tencere-kapagi-metal-kulplu-sicratmaz-33cm"},"modified":"2026-04-29T22:32:31","modified_gmt":"2026-04-30T01:32:31","slug":"yag-sicratmayan-tava-tencere-kapagi-metal-kulplu-sicratmaz-33cm","status":"publish","type":"product","link":"https:\/\/www.hediyepazar.com\/?product=yag-sicratmayan-tava-tencere-kapagi-metal-kulplu-sicratmaz-33cm","title":{"rendered":"Ya\u011f S\u0131\u00e7ratmayan Tava Tencere Kapa\u011f\u0131 Metal Kulplu S\u0131\u00e7ratmaz 33cm"},"content":{"rendered":"<table style=\"border-collapse:collapse; width:65pt; border:none\" width=\"86\">\n<colgroup>\n<col style=\"width:65pt\" width=\"86\" \/>\n\t<\/colgroup>\n<tbody>\n<tr height=\"20\" style=\"height:15.0pt\">\n<td class=\"xl65\" height=\"20\" style=\"border:none; height:15.0pt; width:65pt; white-space:nowrap; padding-top:1px; padding-right:1px; padding-left:1px; vertical-align:bottom\" width=\"86\"><span style=\"font-size:11pt\"><span style=\"color:black\"><span style=\"font-weight:400\"><span style=\"font-style:normal\"><span style=\"text-decoration:none\"><span style=\"font-family:Calibri,sans-serif\">Ya\u011f S\u0131&ccedil;ratmaz &Ccedil;ok Ama&ccedil;l\u0131 Tutma Kollu S&uuml;zge&ccedil; Tava Kapa\u011f\u0131<br \/>\n\t\t\tYa\u011f S\u0131&ccedil;ratmayan Tava Kapa\u011f\u0131-Tutma Kollu<br \/>\n\t\t\tMutfakta yemek yaparken ya\u011f s\u0131&ccedil;ramalar\u0131ndan kurtulmak isteyenler i&ccedil;in &ccedil;ok &ouml;zel bir &uuml;r&uuml;n.<br \/>\n\t\t\tS\u0131k ge&ccedil;irilmi\u015f minik karelerden olu\u015fan tel &ouml;rg&uuml; yap\u0131s\u0131yla s\u0131&ccedil;rayan ya\u011flar\u0131n &uuml;zerinize, g&ouml;z&uuml;n&uuml;ze ya da etrafa sa&ccedil;\u0131lmas\u0131n\u0131 &ouml;nler.<br \/>\n\t\t\tOca\u011f\u0131n\u0131z ve mutfa\u011f\u0131n\u0131z &ouml;ncekine g&ouml;re daha temiz kal\u0131r.<br \/>\n\t\t\tSizi ve sevdiklerinizi k\u0131zg\u0131n ya\u011fdan korur.<br \/>\n\t\t\tK\u0131zartma yapmay\u0131 dert olmaktan &ccedil;\u0131kar\u0131r.<br \/>\n\t\t\t33 cm &ccedil;ap\u0131ndaki ve daha k&uuml;&ccedil;&uuml;k tavalarda kullanabilirsiniz.<br \/>\n\t\t\t&Uuml;zerinde bulunan tutmac\u0131 sayesinde tavalar tencere \u015fekline d&ouml;ner.<br \/>\n\t\t\tTutma b&ouml;l&uuml;m&uuml; plastik malzemeden &uuml;retilmi\u015ftir<br \/>\n\t\t\tbu sayede kolayl\u0131kla \u0131s\u0131nmaz ve elinizi yakmaz.<br \/>\n\t\t\tMetal malzemeden &uuml;retilmi\u015ftir.<br \/>\n\t\t\tPratik ve kolay bir \u015fekilde temizlenir.<br \/>\n\t\t\tElde y\u0131kamaya yada bula\u015f\u0131k makinesinde y\u0131kamaya uygundur.<br \/>\n\t\t\tKullan\u0131m\u0131 kolay ve pratiktir.<br \/>\n\t\t\t&Ccedil;ap: 33cm<\/span><\/span><\/span><\/span><\/span><\/span><\/td>\n<\/tr>\n<\/tbody>\n<\/table>\n","protected":false},"excerpt":{"rendered":"<p>Ya\u011f S\u0131\u00e7ratmayan Kulplu Tava Tencere Kapa\u011f\u0131 Metal Siyah Kulplu S\u0131\u00e7ratmaz 33cm<\/p>\n","protected":false},"featured_media":76781,"comment_status":"open","ping_status":"closed","template":"","meta":{"_kad_post_transparent":"","_kad_post_title":"","_kad_post_layout":"","_kad_post_sidebar_id":"","_kad_post_content_style":"","_kad_post_vertical_padding":"","_kad_post_feature":"","_kad_post_feature_position":"","_kad_post_header":false,"_kad_post_footer":false,"_kad_post_classname":""},"product_brand":[],"product_cat":[557,558,560],"product_tag":[],"class_list":{"0":"post-76782","1":"product","2":"type-product","3":"status-publish","4":"has-post-thumbnail","6":"product_cat-ev-yasam","7":"product_cat-sofra-mutfak-2","8":"product_cat-yemek-hazirlik","10":"first","11":"instock","12":"shipping-taxable","13":"purchasable","14":"product-type-simple","15":"entry","16":"content-bg","17":"loop-entry"},"_links":{"self":[{"href":"https:\/\/www.hediyepazar.com\/index.php?rest_route=\/wp\/v2\/product\/76782","targetHints":{"allow":["GET"]}}],"collection":[{"href":"https:\/\/www.hediyepazar.com\/index.php?rest_route=\/wp\/v2\/product"}],"about":[{"href":"https:\/\/www.hediyepazar.com\/index.php?rest_route=\/wp\/v2\/types\/product"}],"replies":[{"embeddable":true,"href":"https:\/\/www.hediyepazar.com\/index.php?rest_route=%2Fwp%2Fv2%2Fcomments&post=76782"}],"wp:featuredmedia":[{"embeddable":true,"href":"https:\/\/www.hediyepazar.com\/index.php?rest_route=\/wp\/v2\/media\/76781"}],"wp:attachment":[{"href":"https:\/\/www.hediyepazar.com\/index.php?rest_route=%2Fwp%2Fv2%2Fmedia&parent=76782"}],"wp:term":[{"taxonomy":"product_brand","embeddable":true,"href":"https:\/\/www.hediyepazar.com\/index.php?rest_route=%2Fwp%2Fv2%2Fproduct_brand&post=76782"},{"taxonomy":"product_cat","embeddable":true,"href":"https:\/\/www.hediyepazar.com\/index.php?rest_route=%2Fwp%2Fv2%2Fproduct_cat&post=76782"},{"taxonomy":"product_tag","embeddable":true,"href":"https:\/\/www.hediyepazar.com\/index.php?rest_route=%2Fwp%2Fv2%2Fproduct_tag&post=76782"}],"curies":[{"name":"wp","href":"https:\/\/api.w.org\/{rel}","templated":true}]}}