{"id":76790,"date":"2026-04-29T22:32:48","date_gmt":"2026-04-30T01:32:48","guid":{"rendered":"https:\/\/www.hediyepazar.com\/?product=2si-bir-arada-sungerli-sivi-deterjan-dispenseri-kutusu"},"modified":"2026-04-29T22:32:48","modified_gmt":"2026-04-30T01:32:48","slug":"2si-bir-arada-sungerli-sivi-deterjan-dispenseri-kutusu","status":"publish","type":"product","link":"https:\/\/www.hediyepazar.com\/?product=2si-bir-arada-sungerli-sivi-deterjan-dispenseri-kutusu","title":{"rendered":"2&#8217;si Bir Arada S\u00fcngerli S\u0131v\u0131 Deterjan Dispenseri Kutusu"},"content":{"rendered":"<table style=\"border-collapse:collapse; width:65pt; border:none\" width=\"86\">\n<colgroup>\n<col style=\"width:65pt\" width=\"86\" \/>\n\t<\/colgroup>\n<tbody>\n<tr height=\"20\" style=\"height:15.0pt\">\n<td class=\"xl65\" height=\"20\" style=\"border:none; height:15.0pt; width:65pt; white-space:nowrap; padding-top:1px; padding-right:1px; padding-left:1px; vertical-align:bottom\" width=\"86\"><span style=\"font-size:11pt\"><span style=\"color:black\"><span style=\"font-weight:400\"><span style=\"font-style:normal\"><span style=\"text-decoration:none\"><span style=\"font-family:Calibri,sans-serif\">Her seferinde yeterli miktarda s\u0131v\u0131 deterjan kullan\u0131p,<br \/>\n\t\t\tda\u011f\u0131n\u0131k ve hijyenik olmayan g&ouml;r&uuml;nt&uuml;y&uuml; ortadan kald\u0131r\u0131n.<br \/>\n\t\t\tBildi\u011finiz gibi s&uuml;ngerler en &ccedil;ok mikrop bar\u0131nd\u0131ran yap\u0131ya sahip ev aletlerindedir.<br \/>\n\t\t\tMutfak tezgah\u0131 gibi g\u0131da maddeleriyle direk temas halinde olabilecek bir yerde olmas\u0131<br \/>\n\t\t\thijyen a&ccedil;\u0131s\u0131ndan sorun te\u015fkil edebilmektedir.<br \/>\n\t\t\tBu &uuml;r&uuml;n&uuml;m&uuml;zle bu derdinize de &ccedil;&ouml;z&uuml;m bulunmu\u015ftur.<br \/>\n\t\t\tDeterjan\u0131 kolayca almak i&ccedil;in &uuml;st plakaya bast\u0131r\u0131n ve do\u011frudan s&uuml;ngere da\u011f\u0131t\u0131n.<br \/>\n\t\t\tKullan\u0131m sonras\u0131 tekrar kutu &uuml;st&uuml;ne koyun.<br \/>\n\t\t\tHepsi bu kadar.<br \/>\n\t\t\t&Uuml;r&uuml;n &ouml;zellikleri<br \/>\n\t\t\tBoyut: 14*9,5*13 cm hacim: 0,35 lt<br \/>\n\t\t\tsa\u011fl\u0131kl\u0131 g&uuml;nlerde kullanman\u0131z\u0131 dileriz.<\/span><\/span><\/span><\/span><\/span><\/span><\/td>\n<\/tr>\n<\/tbody>\n<\/table>\n","protected":false},"excerpt":{"rendered":"<p>2&#8217;si Bir Arada S\u00fcngerli S\u0131v\u0131 Deterjan Dispenseri Kutusu<\/p>\n","protected":false},"featured_media":76789,"comment_status":"open","ping_status":"closed","template":"","meta":{"_kad_post_transparent":"","_kad_post_title":"","_kad_post_layout":"","_kad_post_sidebar_id":"","_kad_post_content_style":"","_kad_post_vertical_padding":"","_kad_post_feature":"","_kad_post_feature_position":"","_kad_post_header":false,"_kad_post_footer":false,"_kad_post_classname":""},"product_brand":[],"product_cat":[571,570,605],"product_tag":[],"class_list":{"0":"post-76790","1":"product","2":"type-product","3":"status-publish","4":"has-post-thumbnail","6":"product_cat-ev-temizlik","7":"product_cat-supermarket","8":"product_cat-temizlik-gerecleri","10":"first","11":"instock","12":"shipping-taxable","13":"purchasable","14":"product-type-simple","15":"entry","16":"content-bg","17":"loop-entry"},"_links":{"self":[{"href":"https:\/\/www.hediyepazar.com\/index.php?rest_route=\/wp\/v2\/product\/76790","targetHints":{"allow":["GET"]}}],"collection":[{"href":"https:\/\/www.hediyepazar.com\/index.php?rest_route=\/wp\/v2\/product"}],"about":[{"href":"https:\/\/www.hediyepazar.com\/index.php?rest_route=\/wp\/v2\/types\/product"}],"replies":[{"embeddable":true,"href":"https:\/\/www.hediyepazar.com\/index.php?rest_route=%2Fwp%2Fv2%2Fcomments&post=76790"}],"wp:featuredmedia":[{"embeddable":true,"href":"https:\/\/www.hediyepazar.com\/index.php?rest_route=\/wp\/v2\/media\/76789"}],"wp:attachment":[{"href":"https:\/\/www.hediyepazar.com\/index.php?rest_route=%2Fwp%2Fv2%2Fmedia&parent=76790"}],"wp:term":[{"taxonomy":"product_brand","embeddable":true,"href":"https:\/\/www.hediyepazar.com\/index.php?rest_route=%2Fwp%2Fv2%2Fproduct_brand&post=76790"},{"taxonomy":"product_cat","embeddable":true,"href":"https:\/\/www.hediyepazar.com\/index.php?rest_route=%2Fwp%2Fv2%2Fproduct_cat&post=76790"},{"taxonomy":"product_tag","embeddable":true,"href":"https:\/\/www.hediyepazar.com\/index.php?rest_route=%2Fwp%2Fv2%2Fproduct_tag&post=76790"}],"curies":[{"name":"wp","href":"https:\/\/api.w.org\/{rel}","templated":true}]}}