{"id":76796,"date":"2026-04-29T22:33:04","date_gmt":"2026-04-30T01:33:04","guid":{"rendered":"https:\/\/www.hediyepazar.com\/?product=yumurta-haslama-zamanlayicisi-dublor-yumurta-egg-timer"},"modified":"2026-04-29T22:33:04","modified_gmt":"2026-04-30T01:33:04","slug":"yumurta-haslama-zamanlayicisi-dublor-yumurta-egg-timer","status":"publish","type":"product","link":"https:\/\/www.hediyepazar.com\/?product=yumurta-haslama-zamanlayicisi-dublor-yumurta-egg-timer","title":{"rendered":"Yumurta Ha\u015flama Zamanlay\u0131c\u0131s\u0131 Dubl\u00f6r Yumurta Egg Timer"},"content":{"rendered":"<table style=\"border-collapse:collapse; width:65pt; border:none\" width=\"86\">\n<colgroup>\n<col style=\"width:65pt\" width=\"86\" \/>\n\t<\/colgroup>\n<tbody>\n<tr height=\"20\" style=\"height:15.0pt\">\n<td class=\"xl65\" height=\"20\" style=\"border:none; height:15.0pt; width:65pt; white-space:nowrap; padding-top:1px; padding-right:1px; padding-left:1px; vertical-align:bottom\" width=\"86\"><span style=\"font-size:11pt\"><span style=\"color:black\"><span style=\"font-weight:400\"><span style=\"font-style:normal\"><span style=\"text-decoration:none\"><span style=\"font-family:Calibri,sans-serif\">Yumurta Ha\u015flama Zamanlay\u0131c\u0131s\u0131 Dubl&ouml;r Yumurta Egg Timer<br \/>\n\t\t\tDubl&ouml;r yumurta, di\u011fer yumurtalar\u0131n aras\u0131na kar\u0131\u015f\u0131r ve en uygun zamanlamay\u0131 yapman\u0131z\u0131 sa\u011flar<br \/>\n\t\t\tDubl&ouml;r Yumurta ile iyi yumurta ha\u015flama konusunda daha profesyonel olacaks\u0131n\u0131z<br \/>\n\t\t\tYumurtalar\u0131 tam k\u0131vam\u0131nda yapmay\u0131 \u015fansa b\u0131rakmay\u0131n<br \/>\n\t\t\t&Uuml;r&uuml;n Hakk\u0131nda<br \/>\n\t\t\tIs\u0131ya duyarl\u0131d\u0131r<br \/>\n\t\t\tZamana g&ouml;re de\u011fil, suyun \u0131s\u0131s\u0131na g&ouml;re do\u011fru pi\u015fme zaman\u0131n\u0131 g&ouml;sterir<br \/>\n\t\t\tIs\u0131ya g&ouml;re renk de\u011fi\u015ftirmesi ve &uuml;zerindeki derecelendirme sayesinde yumurtan\u0131z\u0131n k\u0131vam\u0131n\u0131 g&ouml;sterir<br \/>\n\t\t\tYumurta b&uuml;y&uuml;kl&uuml;\u011f&uuml;ndedir<br \/>\n\t\t\tSa\u011fl\u0131k a&ccedil;\u0131s\u0131ndan zarars\u0131zd\u0131r\/Herhangi bir madde i&ccedil;ermez<br \/>\n\t\t\tYumurtalarla beraber kab\u0131n i&ccedil;ine koyulur<br \/>\n\t\t\tPi\u015firme i\u015fleminden sonra kendili\u011finden so\u011fumas\u0131 i&ccedil;in tezg&acirc;h &uuml;zerine b\u0131rak\u0131n\u0131z, so\u011fuk suya tutmay\u0131n\u0131z<\/p>\n<p>\t\t\t&nbsp;<\/p>\n<p>\t\t\tPaket \u0130&ccedil;eri\u011fi:<\/p>\n<p>\t\t\t1 Adet Yumurta Ha\u015flama Zamanlay\u0131c\u0131s\u0131 Dubl&ouml;r Yumurta Egg Timer<\/span><\/span><\/span><\/span><\/span><\/span><\/td>\n<\/tr>\n<\/tbody>\n<\/table>\n","protected":false},"excerpt":{"rendered":"<p>Yumurta Ha\u015flama Zamanlay\u0131c\u0131s\u0131 Dubl\u00f6r Yumurta Egg Timer<\/p>\n","protected":false},"featured_media":76795,"comment_status":"open","ping_status":"closed","template":"","meta":{"_kad_post_transparent":"","_kad_post_title":"","_kad_post_layout":"","_kad_post_sidebar_id":"","_kad_post_content_style":"","_kad_post_vertical_padding":"","_kad_post_feature":"","_kad_post_feature_position":"","_kad_post_header":false,"_kad_post_footer":false,"_kad_post_classname":""},"product_brand":[],"product_cat":[609,610,570],"product_tag":[],"class_list":{"0":"post-76796","1":"product","2":"type-product","3":"status-publish","4":"has-post-thumbnail","6":"product_cat-ev-bakim-ve-temizlik","7":"product_cat-mutfak-sarf-malzemeleri","8":"product_cat-supermarket","10":"first","11":"instock","12":"shipping-taxable","13":"purchasable","14":"product-type-simple","15":"entry","16":"content-bg","17":"loop-entry"},"_links":{"self":[{"href":"https:\/\/www.hediyepazar.com\/index.php?rest_route=\/wp\/v2\/product\/76796","targetHints":{"allow":["GET"]}}],"collection":[{"href":"https:\/\/www.hediyepazar.com\/index.php?rest_route=\/wp\/v2\/product"}],"about":[{"href":"https:\/\/www.hediyepazar.com\/index.php?rest_route=\/wp\/v2\/types\/product"}],"replies":[{"embeddable":true,"href":"https:\/\/www.hediyepazar.com\/index.php?rest_route=%2Fwp%2Fv2%2Fcomments&post=76796"}],"wp:featuredmedia":[{"embeddable":true,"href":"https:\/\/www.hediyepazar.com\/index.php?rest_route=\/wp\/v2\/media\/76795"}],"wp:attachment":[{"href":"https:\/\/www.hediyepazar.com\/index.php?rest_route=%2Fwp%2Fv2%2Fmedia&parent=76796"}],"wp:term":[{"taxonomy":"product_brand","embeddable":true,"href":"https:\/\/www.hediyepazar.com\/index.php?rest_route=%2Fwp%2Fv2%2Fproduct_brand&post=76796"},{"taxonomy":"product_cat","embeddable":true,"href":"https:\/\/www.hediyepazar.com\/index.php?rest_route=%2Fwp%2Fv2%2Fproduct_cat&post=76796"},{"taxonomy":"product_tag","embeddable":true,"href":"https:\/\/www.hediyepazar.com\/index.php?rest_route=%2Fwp%2Fv2%2Fproduct_tag&post=76796"}],"curies":[{"name":"wp","href":"https:\/\/api.w.org\/{rel}","templated":true}]}}