{"id":76812,"date":"2026-04-29T22:33:56","date_gmt":"2026-04-30T01:33:56","guid":{"rendered":"https:\/\/www.hediyepazar.com\/?product=gondol-dis-macunu-ve-dis-fircasi-kutusu-banyo-organizer"},"modified":"2026-04-29T22:33:56","modified_gmt":"2026-04-30T01:33:56","slug":"gondol-dis-macunu-ve-dis-fircasi-kutusu-banyo-organizer","status":"publish","type":"product","link":"https:\/\/www.hediyepazar.com\/?product=gondol-dis-macunu-ve-dis-fircasi-kutusu-banyo-organizer","title":{"rendered":"Gondol Di\u015f Macunu Ve Di\u015f F\u0131r\u00e7as\u0131 Kutusu Banyo Organizer"},"content":{"rendered":"<p>Di\u015f F\u0131r&ccedil;as\u0131 Macun Kutusu,<br \/>\nPlastik Saklama Kutusu Multix V-G06-D<br \/>\n\u0130&ccedil;erinde Ne Oldu\u011funu G&ouml;rebilece\u011finiz<br \/>\nB&ouml;ylece Ne Nerdeydi Karma\u015fas\u0131n\u0131 Ortadan Kald\u0131ran<br \/>\n\u015eeffaf Kutu, Di\u015f F\u0131r&ccedil;an\u0131z\u0131 ve Di\u015f Macununuz &Ccedil;antan\u0131zda,<br \/>\nSeyahatte Yan\u0131n\u0131zda Ta\u015f\u0131yabilirsiniz.<br \/>\n&Uuml;r&uuml;n&uuml;n Malzemesi: Plastik<br \/>\nPaket \u0130&ccedil;eri\u011fi: 1 Adet<br \/>\n&Uuml;r&uuml;n&uuml;n Boyutu: Geni\u015flik 6 Cm x Uzunluk 23.5 Cm x Y&uuml;kseklik 4.5 Cm<\/p>\n","protected":false},"excerpt":{"rendered":"<p>Di\u015f Macunu Ve Di\u015f F\u0131r\u00e7as\u0131 Kutusu Banyo Organizer<\/p>\n","protected":false},"featured_media":76811,"comment_status":"open","ping_status":"closed","template":"","meta":{"_kad_post_transparent":"","_kad_post_title":"","_kad_post_layout":"","_kad_post_sidebar_id":"","_kad_post_content_style":"","_kad_post_vertical_padding":"","_kad_post_feature":"","_kad_post_feature_position":"","_kad_post_header":false,"_kad_post_footer":false,"_kad_post_classname":""},"product_brand":[],"product_cat":[557,602,558],"product_tag":[],"class_list":{"0":"post-76812","1":"product","2":"type-product","3":"status-publish","4":"has-post-thumbnail","6":"product_cat-ev-yasam","7":"product_cat-mutfak-saklama-duzenleme","8":"product_cat-sofra-mutfak-2","10":"first","11":"instock","12":"shipping-taxable","13":"purchasable","14":"product-type-simple","15":"entry","16":"content-bg","17":"loop-entry"},"_links":{"self":[{"href":"https:\/\/www.hediyepazar.com\/index.php?rest_route=\/wp\/v2\/product\/76812","targetHints":{"allow":["GET"]}}],"collection":[{"href":"https:\/\/www.hediyepazar.com\/index.php?rest_route=\/wp\/v2\/product"}],"about":[{"href":"https:\/\/www.hediyepazar.com\/index.php?rest_route=\/wp\/v2\/types\/product"}],"replies":[{"embeddable":true,"href":"https:\/\/www.hediyepazar.com\/index.php?rest_route=%2Fwp%2Fv2%2Fcomments&post=76812"}],"wp:featuredmedia":[{"embeddable":true,"href":"https:\/\/www.hediyepazar.com\/index.php?rest_route=\/wp\/v2\/media\/76811"}],"wp:attachment":[{"href":"https:\/\/www.hediyepazar.com\/index.php?rest_route=%2Fwp%2Fv2%2Fmedia&parent=76812"}],"wp:term":[{"taxonomy":"product_brand","embeddable":true,"href":"https:\/\/www.hediyepazar.com\/index.php?rest_route=%2Fwp%2Fv2%2Fproduct_brand&post=76812"},{"taxonomy":"product_cat","embeddable":true,"href":"https:\/\/www.hediyepazar.com\/index.php?rest_route=%2Fwp%2Fv2%2Fproduct_cat&post=76812"},{"taxonomy":"product_tag","embeddable":true,"href":"https:\/\/www.hediyepazar.com\/index.php?rest_route=%2Fwp%2Fv2%2Fproduct_tag&post=76812"}],"curies":[{"name":"wp","href":"https:\/\/api.w.org\/{rel}","templated":true}]}}