{"id":76819,"date":"2026-04-29T22:34:34","date_gmt":"2026-04-30T01:34:34","guid":{"rendered":"https:\/\/www.hediyepazar.com\/?product=5-parca-cantali-seyahat-kiti"},"modified":"2026-04-29T22:34:34","modified_gmt":"2026-04-30T01:34:34","slug":"5-parca-cantali-seyahat-kiti","status":"publish","type":"product","link":"https:\/\/www.hediyepazar.com\/?product=5-parca-cantali-seyahat-kiti","title":{"rendered":"5 Par\u00e7a \u00c7antal\u0131 Seyahat Kiti"},"content":{"rendered":"<table style=\"border-collapse:collapse; width:65pt; border:none\" width=\"86\">\n<colgroup>\n<col style=\"width:65pt\" width=\"86\" \/>\n\t<\/colgroup>\n<tbody>\n<tr height=\"20\" style=\"height:15.0pt\">\n<td class=\"xl65\" height=\"20\" style=\"border:none; height:15.0pt; width:65pt; white-space:nowrap; padding-top:1px; padding-right:1px; padding-left:1px; vertical-align:bottom\" width=\"86\"><span style=\"font-size:11pt\"><span style=\"color:black\"><span style=\"font-weight:400\"><span style=\"font-style:normal\"><span style=\"text-decoration:none\"><span style=\"font-family:Calibri,sans-serif\">5 par&ccedil;a seyahat kozmetik &ccedil;antal\u0131 dolum seti.<br \/>\n\t\t\tArt\u0131k seyahatleriniz daha kolay.<br \/>\n\t\t\t\u015eampuan, krem, du\u015f jeli gibi ki\u015fisel bak\u0131m &uuml;r&uuml;nlerini yer kaplamadan rahatl\u0131kla ta\u015f\u0131yabilirsiniz.<br \/>\n\t\t\tBpa i&ccedil;ermeyen sa\u011fl\u0131kl\u0131 ayn\u0131 zamanda estetik ve fonksiyonel bir &uuml;r&uuml;nd&uuml;r.<br \/>\n\t\t\tPaket i&ccedil;eri\u011fi<br \/>\n\t\t\t1 adet sprey \u015fi\u015fe 50 ml 1 adet pompal\u0131 \u015fi\u015fe 50 ml 2 adet krem kutusu 10 ml 1 adet s\u0131y\u0131r\u0131c\u0131 1 adet koruma &ccedil;antas\u0131<\/span><\/span><\/span><\/span><\/span><\/span><\/td>\n<\/tr>\n<\/tbody>\n<\/table>\n","protected":false},"excerpt":{"rendered":"<p>5 Par\u00e7a \u00c7antal\u0131 Seyahat Kiti<\/p>\n","protected":false},"featured_media":76818,"comment_status":"open","ping_status":"closed","template":"","meta":{"_kad_post_transparent":"","_kad_post_title":"","_kad_post_layout":"","_kad_post_sidebar_id":"","_kad_post_content_style":"","_kad_post_vertical_padding":"","_kad_post_feature":"","_kad_post_feature_position":"","_kad_post_header":false,"_kad_post_footer":false,"_kad_post_classname":""},"product_brand":[],"product_cat":[452,565,576],"product_tag":[],"class_list":{"0":"post-76819","1":"product","2":"type-product","3":"status-publish","4":"has-post-thumbnail","6":"product_cat-kozmetik","7":"product_cat-makyaj","8":"product_cat-makyaj-seti","10":"first","11":"instock","12":"shipping-taxable","13":"purchasable","14":"product-type-simple","15":"entry","16":"content-bg","17":"loop-entry"},"_links":{"self":[{"href":"https:\/\/www.hediyepazar.com\/index.php?rest_route=\/wp\/v2\/product\/76819","targetHints":{"allow":["GET"]}}],"collection":[{"href":"https:\/\/www.hediyepazar.com\/index.php?rest_route=\/wp\/v2\/product"}],"about":[{"href":"https:\/\/www.hediyepazar.com\/index.php?rest_route=\/wp\/v2\/types\/product"}],"replies":[{"embeddable":true,"href":"https:\/\/www.hediyepazar.com\/index.php?rest_route=%2Fwp%2Fv2%2Fcomments&post=76819"}],"wp:featuredmedia":[{"embeddable":true,"href":"https:\/\/www.hediyepazar.com\/index.php?rest_route=\/wp\/v2\/media\/76818"}],"wp:attachment":[{"href":"https:\/\/www.hediyepazar.com\/index.php?rest_route=%2Fwp%2Fv2%2Fmedia&parent=76819"}],"wp:term":[{"taxonomy":"product_brand","embeddable":true,"href":"https:\/\/www.hediyepazar.com\/index.php?rest_route=%2Fwp%2Fv2%2Fproduct_brand&post=76819"},{"taxonomy":"product_cat","embeddable":true,"href":"https:\/\/www.hediyepazar.com\/index.php?rest_route=%2Fwp%2Fv2%2Fproduct_cat&post=76819"},{"taxonomy":"product_tag","embeddable":true,"href":"https:\/\/www.hediyepazar.com\/index.php?rest_route=%2Fwp%2Fv2%2Fproduct_tag&post=76819"}],"curies":[{"name":"wp","href":"https:\/\/api.w.org\/{rel}","templated":true}]}}