{"id":76993,"date":"2026-04-29T22:42:46","date_gmt":"2026-04-30T01:42:46","guid":{"rendered":"https:\/\/www.hediyepazar.com\/?product=mimoza-kristal-isiltili-sal-patik-yelek-ipi-44"},"modified":"2026-04-29T22:42:46","modified_gmt":"2026-04-30T01:42:46","slug":"mimoza-kristal-isiltili-sal-patik-yelek-ipi-44","status":"publish","type":"product","link":"https:\/\/www.hediyepazar.com\/?product=mimoza-kristal-isiltili-sal-patik-yelek-ipi-44","title":{"rendered":"Mimoza Kristal I\u015f\u0131lt\u0131l\u0131 \u015eal Patik Yelek \u0130pi 44"},"content":{"rendered":"<table style=\"border-collapse:collapse; width:139pt; border:none\" width=\"185\">\n<colgroup>\n<col style=\"width:139pt\" width=\"185\" \/>\n\t<\/colgroup>\n<tbody>\n<tr height=\"20\" style=\"height:15.0pt\">\n<td class=\"xl65\" height=\"20\" style=\"border:none; height:15.0pt; width:139pt; white-space:nowrap; padding-top:1px; padding-right:1px; padding-left:1px; vertical-align:bottom\" width=\"185\"><span style=\"font-size:11pt\"><span style=\"color:black\"><span style=\"font-weight:400\"><span style=\"font-style:normal\"><span style=\"text-decoration:none\"><span style=\"font-family:Calibri,sans-serif\">Mimoza Kristal I\u015f\u0131lt\u0131l\u0131 \u015eal Patik Yelek \u0130pi 44<br \/>\n\t\t\tI\u015f\u0131l \u0131\u015f\u0131l p\u0131r\u0131l p\u0131r\u0131l parlayan &ouml;rg&uuml;leriniz i&ccedil;in Salt\u0131klar Mimoza Kristal<br \/>\n\t\t\t\u015eal,Yelek,Ceket, &Ccedil;eyizlik &ouml;rg&uuml;ler, patik, &ccedil;orap ve aksesuarlar\u0131n\u0131z i&ccedil;in<br \/>\n\t\t\t100 gr<br \/>\n\t\t\tGeni\u015f renk yelpazesi, di\u011fer renkler i&ccedil;in ma\u011fazam\u0131za bak\u0131n\u0131z<br \/>\n\t\t\tRoyaleks ailesi olarak mutlu g&uuml;nlerde kullanman\u0131z\u0131 dileriz.<br \/>\n\t\t\tPaket \u0130&ccedil;eri\u011fi: 1 Adet Mimoza Kristal I\u015f\u0131lt\u0131l\u0131 \u015eal Patik Yelek \u0130pi 44<\/span><\/span><\/span><\/span><\/span><\/span><\/td>\n<\/tr>\n<\/tbody>\n<\/table>\n","protected":false},"excerpt":{"rendered":"<p>Mimoza Kristal I\u015f\u0131lt\u0131l\u0131 \u015eal Patik Yelek \u0130pi 44<\/p>\n","protected":false},"featured_media":76992,"comment_status":"open","ping_status":"closed","template":"","meta":{"_kad_post_transparent":"","_kad_post_title":"","_kad_post_layout":"","_kad_post_sidebar_id":"","_kad_post_content_style":"","_kad_post_vertical_padding":"","_kad_post_feature":"","_kad_post_feature_position":"","_kad_post_header":false,"_kad_post_footer":false,"_kad_post_classname":""},"product_brand":[],"product_cat":[557,568,569],"product_tag":[],"class_list":{"0":"post-76993","1":"product","2":"type-product","3":"status-publish","4":"has-post-thumbnail","6":"product_cat-ev-yasam","7":"product_cat-hobi","8":"product_cat-hobi-malzemeleri","10":"first","11":"instock","12":"shipping-taxable","13":"purchasable","14":"product-type-simple","15":"entry","16":"content-bg","17":"loop-entry"},"_links":{"self":[{"href":"https:\/\/www.hediyepazar.com\/index.php?rest_route=\/wp\/v2\/product\/76993","targetHints":{"allow":["GET"]}}],"collection":[{"href":"https:\/\/www.hediyepazar.com\/index.php?rest_route=\/wp\/v2\/product"}],"about":[{"href":"https:\/\/www.hediyepazar.com\/index.php?rest_route=\/wp\/v2\/types\/product"}],"replies":[{"embeddable":true,"href":"https:\/\/www.hediyepazar.com\/index.php?rest_route=%2Fwp%2Fv2%2Fcomments&post=76993"}],"wp:featuredmedia":[{"embeddable":true,"href":"https:\/\/www.hediyepazar.com\/index.php?rest_route=\/wp\/v2\/media\/76992"}],"wp:attachment":[{"href":"https:\/\/www.hediyepazar.com\/index.php?rest_route=%2Fwp%2Fv2%2Fmedia&parent=76993"}],"wp:term":[{"taxonomy":"product_brand","embeddable":true,"href":"https:\/\/www.hediyepazar.com\/index.php?rest_route=%2Fwp%2Fv2%2Fproduct_brand&post=76993"},{"taxonomy":"product_cat","embeddable":true,"href":"https:\/\/www.hediyepazar.com\/index.php?rest_route=%2Fwp%2Fv2%2Fproduct_cat&post=76993"},{"taxonomy":"product_tag","embeddable":true,"href":"https:\/\/www.hediyepazar.com\/index.php?rest_route=%2Fwp%2Fv2%2Fproduct_tag&post=76993"}],"curies":[{"name":"wp","href":"https:\/\/api.w.org\/{rel}","templated":true}]}}