{"id":77147,"date":"2026-04-29T22:48:17","date_gmt":"2026-04-30T01:48:17","guid":{"rendered":"https:\/\/www.hediyepazar.com\/?product=seffaf-plastik-uclu-sutyen-askisi"},"modified":"2026-04-29T22:48:17","modified_gmt":"2026-04-30T01:48:17","slug":"seffaf-plastik-uclu-sutyen-askisi","status":"publish","type":"product","link":"https:\/\/www.hediyepazar.com\/?product=seffaf-plastik-uclu-sutyen-askisi","title":{"rendered":"\u015eeffaf Plastik U\u00e7lu S\u00fctyen Ask\u0131s\u0131"},"content":{"rendered":"<p>Royaleks \u015eeffaf Dekolte Ask\u0131s\u0131 aksesuar koleksiyonunun en iddial\u0131 &uuml;r&uuml;nlerinden biridir. &Ccedil;ok tercih edilen bir aksesuard\u0131r.<br \/>\n\u015eeffaf ask\u0131lar\u0131 dekolte elbiselerin alt\u0131nda s&uuml;tyen ask\u0131s\u0131n\u0131n g&ouml;r&uuml;nmesi problemine son verir.<br \/>\n&Ouml;zellikle yaz aylar\u0131nda k\u0131yafetler daha k&uuml;&ccedil;&uuml;k, ince ve dekolteli bir forma kavu\u015fur.<br \/>\nAsk\u0131l\u0131 bluzlar\u0131n ya da dekolteli elbiselerin alt\u0131nda g&ouml;r&uuml;nen s&uuml;tyen ask\u0131lar\u0131 ho\u015f bir g&ouml;r&uuml;n&uuml;m yaratmaz.<br \/>\nBu durum sadece yaz aylar\u0131 i&ccedil;in ge&ccedil;erli de\u011fildir. Her mevsim &ouml;zel g&uuml;nlerde giyilen \u015f\u0131k bluz ve elbiselerin alt\u0131nda g&ouml;r&uuml;nen s&uuml;tyen ask\u0131lar\u0131 elbisenin havas\u0131n\u0131 bozar. Royaleks \u015eeffaf Dekolte Ask\u0131s\u0131 bu noktada hayat kurtar\u0131c\u0131 niteli\u011fe sahiptir.<br \/>\nS&uuml;tyeninizi ask\u0131l\u0131 kullanabildi\u011finiz i&ccedil;in kendinizi rahat hissetmenizin yan\u0131 s\u0131ra k\u0131yafetinizin g&ouml;r&uuml;n&uuml;m&uuml; de kusursuz bir hale gelir.<br \/>\n%100 silikondan &uuml;retilmi\u015ftir.<br \/>\nTeninizi tahri\u015f etmez.<br \/>\nPaket i&ccedil;eri\u011fi: 1 adet \u015feffaf dekolte s&uuml;tyen ask\u0131s\u0131<\/p>\n","protected":false},"excerpt":{"rendered":"<p>\u015eeffaf Plastik U\u00e7lu S\u00fctyen Ask\u0131s\u0131<\/p>\n","protected":false},"featured_media":77146,"comment_status":"open","ping_status":"closed","template":"","meta":{"_kad_post_transparent":"","_kad_post_title":"","_kad_post_layout":"","_kad_post_sidebar_id":"","_kad_post_content_style":"","_kad_post_vertical_padding":"","_kad_post_feature":"","_kad_post_feature_position":"","_kad_post_header":false,"_kad_post_footer":false,"_kad_post_classname":""},"product_brand":[],"product_cat":[538,537,613],"product_tag":[],"class_list":{"0":"post-77147","1":"product","2":"type-product","3":"status-publish","4":"has-post-thumbnail","6":"product_cat-ic-giyim","7":"product_cat-kadin","8":"product_cat-sutyen","10":"first","11":"instock","12":"shipping-taxable","13":"purchasable","14":"product-type-simple","15":"entry","16":"content-bg","17":"loop-entry"},"_links":{"self":[{"href":"https:\/\/www.hediyepazar.com\/index.php?rest_route=\/wp\/v2\/product\/77147","targetHints":{"allow":["GET"]}}],"collection":[{"href":"https:\/\/www.hediyepazar.com\/index.php?rest_route=\/wp\/v2\/product"}],"about":[{"href":"https:\/\/www.hediyepazar.com\/index.php?rest_route=\/wp\/v2\/types\/product"}],"replies":[{"embeddable":true,"href":"https:\/\/www.hediyepazar.com\/index.php?rest_route=%2Fwp%2Fv2%2Fcomments&post=77147"}],"wp:featuredmedia":[{"embeddable":true,"href":"https:\/\/www.hediyepazar.com\/index.php?rest_route=\/wp\/v2\/media\/77146"}],"wp:attachment":[{"href":"https:\/\/www.hediyepazar.com\/index.php?rest_route=%2Fwp%2Fv2%2Fmedia&parent=77147"}],"wp:term":[{"taxonomy":"product_brand","embeddable":true,"href":"https:\/\/www.hediyepazar.com\/index.php?rest_route=%2Fwp%2Fv2%2Fproduct_brand&post=77147"},{"taxonomy":"product_cat","embeddable":true,"href":"https:\/\/www.hediyepazar.com\/index.php?rest_route=%2Fwp%2Fv2%2Fproduct_cat&post=77147"},{"taxonomy":"product_tag","embeddable":true,"href":"https:\/\/www.hediyepazar.com\/index.php?rest_route=%2Fwp%2Fv2%2Fproduct_tag&post=77147"}],"curies":[{"name":"wp","href":"https:\/\/api.w.org\/{rel}","templated":true}]}}