{"id":77153,"date":"2026-04-29T22:48:40","date_gmt":"2026-04-30T01:48:40","guid":{"rendered":"https:\/\/www.hediyepazar.com\/?product=yanmaz-izgarali-kulluk-yuvarlak"},"modified":"2026-04-29T22:48:40","modified_gmt":"2026-04-30T01:48:40","slug":"yanmaz-izgarali-kulluk-yuvarlak","status":"publish","type":"product","link":"https:\/\/www.hediyepazar.com\/?product=yanmaz-izgarali-kulluk-yuvarlak","title":{"rendered":"Yanmaz Izgaral\u0131 K\u00fcll\u00fck Yuvarlak"},"content":{"rendered":"<table style=\"border-collapse:collapse; width:65pt; border:none\" width=\"86\">\n<colgroup>\n<col style=\"width:65pt\" width=\"86\" \/>\n\t<\/colgroup>\n<tbody>\n<tr height=\"20\" style=\"height:15.0pt\">\n<td height=\"20\" style=\"border:none; height:15.0pt; width:65pt; padding-top:1px; padding-right:1px; padding-left:1px; vertical-align:bottom; white-space:nowrap\" width=\"86\"><span style=\"font-size:11pt\"><span style=\"color:black\"><span style=\"font-weight:400\"><span style=\"font-style:normal\"><span style=\"text-decoration:none\"><span style=\"font-family:Calibri,sans-serif\">Materyal : Is\u0131ya dayan\u0131kl\u0131 Bakalit<br \/>\n\t\t\t&Ouml;l&ccedil;&uuml;ler : 4 Cm Y&uuml;kseklik x 9 Cm &Ccedil;ap<br \/>\n\t\t\t\u0130\u015fyeri, kafe, bah&ccedil;e, k\u0131\u015f bah&ccedil;esi vb. alanlarda kullan\u0131l\u0131r.<br \/>\n\t\t\tK&uuml;llerin savrulmas\u0131n\u0131 &ouml;nler.<br \/>\n\t\t\tKapakl\u0131d\u0131r. Kolay bo\u015falt\u0131labilir.<\/span><\/span><\/span><\/span><\/span><\/span><\/td>\n<\/tr>\n<\/tbody>\n<\/table>\n","protected":false},"excerpt":{"rendered":"<p>Yanmaz Izgaral\u0131 K\u00fcll\u00fck Yuvarlak<\/p>\n","protected":false},"featured_media":77152,"comment_status":"open","ping_status":"closed","template":"","meta":{"_kad_post_transparent":"","_kad_post_title":"","_kad_post_layout":"","_kad_post_sidebar_id":"","_kad_post_content_style":"","_kad_post_vertical_padding":"","_kad_post_feature":"","_kad_post_feature_position":"","_kad_post_header":false,"_kad_post_footer":false,"_kad_post_classname":""},"product_brand":[],"product_cat":[557,559,558],"product_tag":[],"class_list":{"0":"post-77153","1":"product","2":"type-product","3":"status-publish","4":"has-post-thumbnail","6":"product_cat-ev-yasam","7":"product_cat-sofra","8":"product_cat-sofra-mutfak-2","10":"first","11":"instock","12":"shipping-taxable","13":"purchasable","14":"product-type-simple","15":"entry","16":"content-bg","17":"loop-entry"},"_links":{"self":[{"href":"https:\/\/www.hediyepazar.com\/index.php?rest_route=\/wp\/v2\/product\/77153","targetHints":{"allow":["GET"]}}],"collection":[{"href":"https:\/\/www.hediyepazar.com\/index.php?rest_route=\/wp\/v2\/product"}],"about":[{"href":"https:\/\/www.hediyepazar.com\/index.php?rest_route=\/wp\/v2\/types\/product"}],"replies":[{"embeddable":true,"href":"https:\/\/www.hediyepazar.com\/index.php?rest_route=%2Fwp%2Fv2%2Fcomments&post=77153"}],"wp:featuredmedia":[{"embeddable":true,"href":"https:\/\/www.hediyepazar.com\/index.php?rest_route=\/wp\/v2\/media\/77152"}],"wp:attachment":[{"href":"https:\/\/www.hediyepazar.com\/index.php?rest_route=%2Fwp%2Fv2%2Fmedia&parent=77153"}],"wp:term":[{"taxonomy":"product_brand","embeddable":true,"href":"https:\/\/www.hediyepazar.com\/index.php?rest_route=%2Fwp%2Fv2%2Fproduct_brand&post=77153"},{"taxonomy":"product_cat","embeddable":true,"href":"https:\/\/www.hediyepazar.com\/index.php?rest_route=%2Fwp%2Fv2%2Fproduct_cat&post=77153"},{"taxonomy":"product_tag","embeddable":true,"href":"https:\/\/www.hediyepazar.com\/index.php?rest_route=%2Fwp%2Fv2%2Fproduct_tag&post=77153"}],"curies":[{"name":"wp","href":"https:\/\/api.w.org\/{rel}","templated":true}]}}