{"id":77155,"date":"2026-04-29T22:48:45","date_gmt":"2026-04-30T01:48:45","guid":{"rendered":"https:\/\/www.hediyepazar.com\/?product=10-adet-6-metal-zilli-kina-gecesi-tefi-kina-malzemeleri"},"modified":"2026-04-29T22:48:45","modified_gmt":"2026-04-30T01:48:45","slug":"10-adet-6-metal-zilli-kina-gecesi-tefi-kina-malzemeleri","status":"publish","type":"product","link":"https:\/\/www.hediyepazar.com\/?product=10-adet-6-metal-zilli-kina-gecesi-tefi-kina-malzemeleri","title":{"rendered":"10 Adet 6 Metal Zilli K\u0131na Gecesi Tefi K\u0131na Malzemeleri"},"content":{"rendered":"<p>K\u0131na gecesi d&uuml;\u011f&uuml;n veya partide da\u011f\u0131tmak ve e\u011flence ama&ccedil;l\u0131 kullan\u0131l\u0131r. Sevdiklerinize k\u0131na geceniz i&ccedil;in sizi hat\u0131rlatacak bir &uuml;r&uuml;n vermek istiyorsan\u0131z k\u0131na tefleri sizin i&ccedil;in en ba\u015far\u0131l\u0131 &uuml;r&uuml;n olacakt\u0131r.<br \/>\nPaket i&ccedil;eri\u011fi&nbsp;<br \/>\n10 Adet Plastik K\u0131na Gecesi Tef<\/p>\n","protected":false},"excerpt":{"rendered":"<p>10 Adet 6 Metal Zilli K\u0131na Gecesi Tefi K\u0131na Malzemeleri<\/p>\n","protected":false},"featured_media":77154,"comment_status":"open","ping_status":"closed","template":"","meta":{"_kad_post_transparent":"","_kad_post_title":"","_kad_post_layout":"","_kad_post_sidebar_id":"","_kad_post_content_style":"","_kad_post_vertical_padding":"","_kad_post_feature":"","_kad_post_feature_position":"","_kad_post_header":false,"_kad_post_footer":false,"_kad_post_classname":""},"product_brand":[],"product_cat":[557,568,614],"product_tag":[],"class_list":{"0":"post-77155","1":"product","2":"type-product","3":"status-publish","4":"has-post-thumbnail","6":"product_cat-ev-yasam","7":"product_cat-hobi","8":"product_cat-parti-malzemeleri","10":"first","11":"instock","12":"shipping-taxable","13":"purchasable","14":"product-type-simple","15":"entry","16":"content-bg","17":"loop-entry"},"_links":{"self":[{"href":"https:\/\/www.hediyepazar.com\/index.php?rest_route=\/wp\/v2\/product\/77155","targetHints":{"allow":["GET"]}}],"collection":[{"href":"https:\/\/www.hediyepazar.com\/index.php?rest_route=\/wp\/v2\/product"}],"about":[{"href":"https:\/\/www.hediyepazar.com\/index.php?rest_route=\/wp\/v2\/types\/product"}],"replies":[{"embeddable":true,"href":"https:\/\/www.hediyepazar.com\/index.php?rest_route=%2Fwp%2Fv2%2Fcomments&post=77155"}],"wp:featuredmedia":[{"embeddable":true,"href":"https:\/\/www.hediyepazar.com\/index.php?rest_route=\/wp\/v2\/media\/77154"}],"wp:attachment":[{"href":"https:\/\/www.hediyepazar.com\/index.php?rest_route=%2Fwp%2Fv2%2Fmedia&parent=77155"}],"wp:term":[{"taxonomy":"product_brand","embeddable":true,"href":"https:\/\/www.hediyepazar.com\/index.php?rest_route=%2Fwp%2Fv2%2Fproduct_brand&post=77155"},{"taxonomy":"product_cat","embeddable":true,"href":"https:\/\/www.hediyepazar.com\/index.php?rest_route=%2Fwp%2Fv2%2Fproduct_cat&post=77155"},{"taxonomy":"product_tag","embeddable":true,"href":"https:\/\/www.hediyepazar.com\/index.php?rest_route=%2Fwp%2Fv2%2Fproduct_tag&post=77155"}],"curies":[{"name":"wp","href":"https:\/\/api.w.org\/{rel}","templated":true}]}}