{"id":77224,"date":"2026-04-29T22:52:14","date_gmt":"2026-04-30T01:52:14","guid":{"rendered":"https:\/\/www.hediyepazar.com\/?product=parlak-fit-kulotlu-corap-15-denye-51-sahra"},"modified":"2026-04-29T22:52:14","modified_gmt":"2026-04-30T01:52:14","slug":"parlak-fit-kulotlu-corap-15-denye-51-sahra","status":"publish","type":"product","link":"https:\/\/www.hediyepazar.com\/?product=parlak-fit-kulotlu-corap-15-denye-51-sahra","title":{"rendered":"Parlak Fit K\u00fclotlu \u00c7orap 15 denye 51 Sahra"},"content":{"rendered":"<table style=\"border-collapse:collapse; width:155pt; border:none\" width=\"206\">\n<colgroup>\n<col style=\"width:155pt\" width=\"206\" \/>\n\t<\/colgroup>\n<tbody>\n<tr height=\"20\" style=\"height:15.0pt\">\n<td height=\"20\" style=\"border:none; height:15.0pt; width:155pt; padding-top:1px; padding-right:1px; padding-left:1px; vertical-align:bottom; white-space:nowrap\" width=\"206\"><span style=\"font-size:11pt\"><span style=\"color:black\"><span style=\"font-weight:400\"><span style=\"font-style:normal\"><span style=\"text-decoration:none\"><span style=\"font-family:Calibri,sans-serif\">M&uuml;jde Parlak Fit K&uuml;lotlu &Ccedil;orap 15 denye 51 Sahra<br \/>\n\t\t\tV&uuml;cudu saran, a\u011fl\u0131, yumu\u015fak, esnek, dayan\u0131kl\u0131, parlak, burun k\u0131sm\u0131 g&uuml;&ccedil;lendirilmi\u015f,<br \/>\n\t\t\t15 denye ince k&uuml;lotlu &ccedil;orap<br \/>\n\t\t\tPaket i&ccedil;eri\u011fi : 1 Adet M&uuml;jde Parlak Fit K&uuml;lotlu &Ccedil;orap 15 denye 51 Sahra<\/span><\/span><\/span><\/span><\/span><\/span><\/td>\n<\/tr>\n<\/tbody>\n<\/table>\n","protected":false},"excerpt":{"rendered":"<p>Parlak Fit K\u00fclotlu \u00c7orap 15 denye 51 Sahra<\/p>\n","protected":false},"featured_media":77223,"comment_status":"open","ping_status":"closed","template":"","meta":{"_kad_post_transparent":"","_kad_post_title":"","_kad_post_layout":"","_kad_post_sidebar_id":"","_kad_post_content_style":"","_kad_post_vertical_padding":"","_kad_post_feature":"","_kad_post_feature_position":"","_kad_post_header":false,"_kad_post_footer":false,"_kad_post_classname":""},"product_brand":[],"product_cat":[540,538,537],"product_tag":[],"class_list":{"0":"post-77224","1":"product","2":"type-product","3":"status-publish","4":"has-post-thumbnail","6":"product_cat-corap","7":"product_cat-ic-giyim","8":"product_cat-kadin","10":"first","11":"instock","12":"shipping-taxable","13":"purchasable","14":"product-type-simple","15":"entry","16":"content-bg","17":"loop-entry"},"_links":{"self":[{"href":"https:\/\/www.hediyepazar.com\/index.php?rest_route=\/wp\/v2\/product\/77224","targetHints":{"allow":["GET"]}}],"collection":[{"href":"https:\/\/www.hediyepazar.com\/index.php?rest_route=\/wp\/v2\/product"}],"about":[{"href":"https:\/\/www.hediyepazar.com\/index.php?rest_route=\/wp\/v2\/types\/product"}],"replies":[{"embeddable":true,"href":"https:\/\/www.hediyepazar.com\/index.php?rest_route=%2Fwp%2Fv2%2Fcomments&post=77224"}],"wp:featuredmedia":[{"embeddable":true,"href":"https:\/\/www.hediyepazar.com\/index.php?rest_route=\/wp\/v2\/media\/77223"}],"wp:attachment":[{"href":"https:\/\/www.hediyepazar.com\/index.php?rest_route=%2Fwp%2Fv2%2Fmedia&parent=77224"}],"wp:term":[{"taxonomy":"product_brand","embeddable":true,"href":"https:\/\/www.hediyepazar.com\/index.php?rest_route=%2Fwp%2Fv2%2Fproduct_brand&post=77224"},{"taxonomy":"product_cat","embeddable":true,"href":"https:\/\/www.hediyepazar.com\/index.php?rest_route=%2Fwp%2Fv2%2Fproduct_cat&post=77224"},{"taxonomy":"product_tag","embeddable":true,"href":"https:\/\/www.hediyepazar.com\/index.php?rest_route=%2Fwp%2Fv2%2Fproduct_tag&post=77224"}],"curies":[{"name":"wp","href":"https:\/\/api.w.org\/{rel}","templated":true}]}}