{"id":77298,"date":"2026-04-29T22:56:01","date_gmt":"2026-04-30T01:56:01","guid":{"rendered":"https:\/\/www.hediyepazar.com\/?product=ince-lastikli-corap-20-denye-500-siyah"},"modified":"2026-04-29T22:56:01","modified_gmt":"2026-04-30T01:56:01","slug":"ince-lastikli-corap-20-denye-500-siyah","status":"publish","type":"product","link":"https:\/\/www.hediyepazar.com\/?product=ince-lastikli-corap-20-denye-500-siyah","title":{"rendered":"\u0130nce Lastikli \u00c7orap 20 denye 500 Siyah"},"content":{"rendered":"<table style=\"border-collapse:collapse; width:155pt; border:none\" width=\"206\">\n<colgroup>\n<col style=\"width:155pt\" width=\"206\" \/>\n\t<\/colgroup>\n<tbody>\n<tr height=\"20\" style=\"height:15.0pt\">\n<td height=\"20\" style=\"border:none; height:15.0pt; width:155pt; padding-top:1px; padding-right:1px; padding-left:1px; vertical-align:bottom; white-space:nowrap\" width=\"206\"><span style=\"font-size:11pt\"><span style=\"color:black\"><span style=\"font-weight:400\"><span style=\"font-style:normal\"><span style=\"text-decoration:none\"><span style=\"font-family:Calibri,sans-serif\">M&uuml;jde \u0130nce Lastikli &Ccedil;orap 20 denye 500 Siyah<br \/>\n\t\t\t20 denye, rahat lastikli, mat, burun k\u0131sm\u0131 g&uuml;&ccedil;lendirilmi\u015f, M&uuml;jde \u0130nce Lastikli &Ccedil;orap<br \/>\n\t\t\tPaket i&ccedil;eri\u011fi : 1 Adet M&uuml;jde \u0130nce Lastikli &Ccedil;orap 20 denye 500 Siyah<\/span><\/span><\/span><\/span><\/span><\/span><\/td>\n<\/tr>\n<\/tbody>\n<\/table>\n","protected":false},"excerpt":{"rendered":"<p>\u0130nce Lastikli \u00c7orap 20 denye 500 Siyah<\/p>\n","protected":false},"featured_media":77297,"comment_status":"open","ping_status":"closed","template":"","meta":{"_kad_post_transparent":"","_kad_post_title":"","_kad_post_layout":"","_kad_post_sidebar_id":"","_kad_post_content_style":"","_kad_post_vertical_padding":"","_kad_post_feature":"","_kad_post_feature_position":"","_kad_post_header":false,"_kad_post_footer":false,"_kad_post_classname":""},"product_brand":[],"product_cat":[540,538,537],"product_tag":[],"class_list":{"0":"post-77298","1":"product","2":"type-product","3":"status-publish","4":"has-post-thumbnail","6":"product_cat-corap","7":"product_cat-ic-giyim","8":"product_cat-kadin","10":"first","11":"instock","12":"shipping-taxable","13":"purchasable","14":"product-type-simple","15":"entry","16":"content-bg","17":"loop-entry"},"_links":{"self":[{"href":"https:\/\/www.hediyepazar.com\/index.php?rest_route=\/wp\/v2\/product\/77298","targetHints":{"allow":["GET"]}}],"collection":[{"href":"https:\/\/www.hediyepazar.com\/index.php?rest_route=\/wp\/v2\/product"}],"about":[{"href":"https:\/\/www.hediyepazar.com\/index.php?rest_route=\/wp\/v2\/types\/product"}],"replies":[{"embeddable":true,"href":"https:\/\/www.hediyepazar.com\/index.php?rest_route=%2Fwp%2Fv2%2Fcomments&post=77298"}],"wp:featuredmedia":[{"embeddable":true,"href":"https:\/\/www.hediyepazar.com\/index.php?rest_route=\/wp\/v2\/media\/77297"}],"wp:attachment":[{"href":"https:\/\/www.hediyepazar.com\/index.php?rest_route=%2Fwp%2Fv2%2Fmedia&parent=77298"}],"wp:term":[{"taxonomy":"product_brand","embeddable":true,"href":"https:\/\/www.hediyepazar.com\/index.php?rest_route=%2Fwp%2Fv2%2Fproduct_brand&post=77298"},{"taxonomy":"product_cat","embeddable":true,"href":"https:\/\/www.hediyepazar.com\/index.php?rest_route=%2Fwp%2Fv2%2Fproduct_cat&post=77298"},{"taxonomy":"product_tag","embeddable":true,"href":"https:\/\/www.hediyepazar.com\/index.php?rest_route=%2Fwp%2Fv2%2Fproduct_tag&post=77298"}],"curies":[{"name":"wp","href":"https:\/\/api.w.org\/{rel}","templated":true}]}}