{"id":77436,"date":"2026-04-29T23:03:33","date_gmt":"2026-04-30T02:03:33","guid":{"rendered":"https:\/\/www.hediyepazar.com\/?product=vantuzlu-arac-ici-uzayan-ayarlanabilir-telefon-tutucu"},"modified":"2026-04-29T23:03:33","modified_gmt":"2026-04-30T02:03:33","slug":"vantuzlu-arac-ici-uzayan-ayarlanabilir-telefon-tutucu","status":"publish","type":"product","link":"https:\/\/www.hediyepazar.com\/?product=vantuzlu-arac-ici-uzayan-ayarlanabilir-telefon-tutucu","title":{"rendered":"Vantuzlu Ara\u00e7 \u0130\u00e7i Uzayan Ayarlanabilir Telefon Tutucu"},"content":{"rendered":"<p>Vantuzlu Ara&ccedil; \u0130&ccedil;i Uzayan Ayarlanabilir Telefon Tutucu<br \/>\nG&uuml;&ccedil;l&uuml; vantuzu sayesinde ara&ccedil; i&ccedil;i titre\u015fim ve sars\u0131nt\u0131lara dayan\u0131kl\u0131d\u0131r.<br \/>\nOynayan ba\u015fl\u0131k ve uzayan g&ouml;vde ile en uygun pozisyona ayarlanabilir.<br \/>\nAlt destek ve yan desteklerle beraber telefonunuzu sabit tutar ve d&uuml;\u015fmelere kar\u015f\u0131 korur.<br \/>\nAraba cam veya g&ouml;\u011f&uuml;s b&ouml;lgesine monte edilebilir.<br \/>\nKolay kullan\u0131m ile g&uuml;venli s&uuml;r&uuml;\u015f sa\u011flar.<br \/>\nEkstra g&uuml;&ccedil;l&uuml; tutu\u015f.<br \/>\nHafif ve ergonomik tasar\u0131m<br \/>\nGeni\u015fleyen yanal destekleri sayesinde her model telefona uyumludur.<br \/>\nNavigasyon ve eller serbest modunda kullan\u0131m i&ccedil;in s&uuml;r&uuml;\u015f i&ccedil;in idealdir.<br \/>\nPaket i&ccedil;eri\u011fi:<br \/>\n1 adet&nbsp;&nbsp;Vantuzlu Ara&ccedil; \u0130&ccedil;i Uzayan Ayarlanabilir Telefon Tutucu<\/p>\n","protected":false},"excerpt":{"rendered":"<p>Vantuzlu Ara\u00e7 \u0130\u00e7i Uzayan Ayarlanabilir Telefon Tutucu<\/p>\n","protected":false},"featured_media":77435,"comment_status":"open","ping_status":"closed","template":"","meta":{"_kad_post_transparent":"","_kad_post_title":"","_kad_post_layout":"","_kad_post_sidebar_id":"","_kad_post_content_style":"","_kad_post_vertical_padding":"","_kad_post_feature":"","_kad_post_feature_position":"","_kad_post_header":false,"_kad_post_footer":false,"_kad_post_classname":""},"product_brand":[],"product_cat":[562,449,616],"product_tag":[],"class_list":{"0":"post-77436","1":"product","2":"type-product","3":"status-publish","4":"has-post-thumbnail","6":"product_cat-cep-telefonu","7":"product_cat-elektronik","8":"product_cat-oto-aksesuarlari-2","10":"first","11":"instock","12":"shipping-taxable","13":"purchasable","14":"product-type-simple","15":"entry","16":"content-bg","17":"loop-entry"},"_links":{"self":[{"href":"https:\/\/www.hediyepazar.com\/index.php?rest_route=\/wp\/v2\/product\/77436","targetHints":{"allow":["GET"]}}],"collection":[{"href":"https:\/\/www.hediyepazar.com\/index.php?rest_route=\/wp\/v2\/product"}],"about":[{"href":"https:\/\/www.hediyepazar.com\/index.php?rest_route=\/wp\/v2\/types\/product"}],"replies":[{"embeddable":true,"href":"https:\/\/www.hediyepazar.com\/index.php?rest_route=%2Fwp%2Fv2%2Fcomments&post=77436"}],"wp:featuredmedia":[{"embeddable":true,"href":"https:\/\/www.hediyepazar.com\/index.php?rest_route=\/wp\/v2\/media\/77435"}],"wp:attachment":[{"href":"https:\/\/www.hediyepazar.com\/index.php?rest_route=%2Fwp%2Fv2%2Fmedia&parent=77436"}],"wp:term":[{"taxonomy":"product_brand","embeddable":true,"href":"https:\/\/www.hediyepazar.com\/index.php?rest_route=%2Fwp%2Fv2%2Fproduct_brand&post=77436"},{"taxonomy":"product_cat","embeddable":true,"href":"https:\/\/www.hediyepazar.com\/index.php?rest_route=%2Fwp%2Fv2%2Fproduct_cat&post=77436"},{"taxonomy":"product_tag","embeddable":true,"href":"https:\/\/www.hediyepazar.com\/index.php?rest_route=%2Fwp%2Fv2%2Fproduct_tag&post=77436"}],"curies":[{"name":"wp","href":"https:\/\/api.w.org\/{rel}","templated":true}]}}