{"id":7754,"date":"2026-04-26T07:10:28","date_gmt":"2026-04-26T10:10:28","guid":{"rendered":"https:\/\/www.hediyepazar.com\/?product=ledx-st-64-kirilmaz-govde-45-watt-cizgili-rustik-ampul"},"modified":"2026-04-26T07:10:31","modified_gmt":"2026-04-26T10:10:31","slug":"ledx-st-64-kirilmaz-govde-45-watt-cizgili-rustik-ampul","status":"publish","type":"product","link":"https:\/\/www.hediyepazar.com\/?product=ledx-st-64-kirilmaz-govde-45-watt-cizgili-rustik-ampul","title":{"rendered":"Ledx St-64 K\u0131r\u0131lmaz G\u00f6vde 4,5 Watt \u00c7izgili Rustik Ampul"},"content":{"rendered":"<p>Ledx St-64 K\u0131r\u0131lmaz G\u00f6vde 4,5 Watt \u00c7izgili Rustik Ampul<\/p>\n","protected":false},"excerpt":{"rendered":"<p>Ledx St-64 K\u0131r\u0131lmaz G\u00f6vde 4,5 Watt \u00c7izgili Rustik Ampul<\/p>\n","protected":false},"featured_media":7755,"comment_status":"closed","ping_status":"open","template":"","meta":{"_kad_post_transparent":"","_kad_post_title":"","_kad_post_layout":"","_kad_post_sidebar_id":"","_kad_post_content_style":"","_kad_post_vertical_padding":"","_kad_post_feature":"","_kad_post_feature_position":"","_kad_post_header":false,"_kad_post_footer":false,"_kad_post_classname":""},"product_brand":[],"product_cat":[227],"product_tag":[],"class_list":{"0":"post-7754","1":"product","2":"type-product","3":"status-publish","4":"has-post-thumbnail","6":"product_cat-led-ve-aydinlatma-genel-aydinlatma-urunleri-led-ampul-aydinlatma","8":"first","9":"instock","10":"purchasable","11":"product-type-simple","12":"entry","13":"content-bg","14":"loop-entry"},"_links":{"self":[{"href":"https:\/\/www.hediyepazar.com\/index.php?rest_route=\/wp\/v2\/product\/7754","targetHints":{"allow":["GET"]}}],"collection":[{"href":"https:\/\/www.hediyepazar.com\/index.php?rest_route=\/wp\/v2\/product"}],"about":[{"href":"https:\/\/www.hediyepazar.com\/index.php?rest_route=\/wp\/v2\/types\/product"}],"replies":[{"embeddable":true,"href":"https:\/\/www.hediyepazar.com\/index.php?rest_route=%2Fwp%2Fv2%2Fcomments&post=7754"}],"wp:featuredmedia":[{"embeddable":true,"href":"https:\/\/www.hediyepazar.com\/index.php?rest_route=\/wp\/v2\/media\/7755"}],"wp:attachment":[{"href":"https:\/\/www.hediyepazar.com\/index.php?rest_route=%2Fwp%2Fv2%2Fmedia&parent=7754"}],"wp:term":[{"taxonomy":"product_brand","embeddable":true,"href":"https:\/\/www.hediyepazar.com\/index.php?rest_route=%2Fwp%2Fv2%2Fproduct_brand&post=7754"},{"taxonomy":"product_cat","embeddable":true,"href":"https:\/\/www.hediyepazar.com\/index.php?rest_route=%2Fwp%2Fv2%2Fproduct_cat&post=7754"},{"taxonomy":"product_tag","embeddable":true,"href":"https:\/\/www.hediyepazar.com\/index.php?rest_route=%2Fwp%2Fv2%2Fproduct_tag&post=7754"}],"curies":[{"name":"wp","href":"https:\/\/api.w.org\/{rel}","templated":true}]}}